{"id":807,"date":"2025-08-04T15:32:05","date_gmt":"2025-08-04T15:32:05","guid":{"rendered":"https:\/\/mil.gravitateframework.com\/product\/multipack-keylamax\/"},"modified":"2026-03-18T19:57:19","modified_gmt":"2026-03-18T19:57:19","slug":"multipack-keylamax","status":"publish","type":"product","link":"https:\/\/mil-agro-inc.com\/es\/product\/multipack-keylamax\/","title":{"rendered":"Keylamax MultiPack"},"content":{"rendered":"<p><strong>El paquete m\u00faltiple contiene (1) frasco de 8 oz de MultiMax y (1) frasco de 8 oz de CytoPower.<\/strong><\/p>\n<p data-pm-slice=\"1 1 []\"><strong>Keylamax CytoPower<\/strong> es un bioestimulante org\u00e1nico que mantendr\u00e1 su planta activa durante los momentos de estr\u00e9s. Cuando las temperaturas se elevan, los d\u00edas se acortan o simplemente desea maximizar su producci\u00f3n, CytoPower ser\u00e1 la clave para el \u00e9xito de su jardiner\u00eda. CytoPower contiene una mezcla de alimentos y estimulantes para plantas que mantendr\u00e1n su planta sana y activa durante todo el a\u00f1o. CytoPower tambi\u00e9n actuar\u00e1 como un refuerzo para todos nuestros otros productos. Los mejores resultados se observan cuando se mezcla y se aplica con nuestro producto MultiMax. La dosis de aplicaci\u00f3n t\u00edpica es de 1 cucharada por gal\u00f3n. Roc\u00ede las plantas hasta que est\u00e9n bien humedecidas\/goteando.      <\/p>\n<ul>\n<li>Nitr\u00f3geno 3%<\/li>\n<li>Potasio 8%<\/li>\n<\/ul>\n<p data-pm-slice=\"1 1 []\"><strong>Keylamax MultiMax<\/strong> es un alimento vegetal org\u00e1nico multi-mineral que permite que su planta est\u00e9 equilibrada y saludable. Contiene todos los micronutrientes que son dif\u00edciles de obtener para su planta. Utilizamos tecnolog\u00eda de quelaci\u00f3n de amino\u00e1cidos para asegurar una r\u00e1pida absorci\u00f3n por la planta. Puede obtener resultados medibles a las pocas horas de aplicar nuestros productos. El m\u00e9todo de aplicaci\u00f3n preferido es mezclar con agua y rociar el fertilizante sobre las hojas de la planta (aplicaci\u00f3n foliar). Este m\u00e9todo de aplicaci\u00f3n garantiza la mayor eficiencia y la absorci\u00f3n m\u00e1s r\u00e1pida posible por la planta. La dosis de aplicaci\u00f3n t\u00edpica ser\u00e1 de una cucharada por gal\u00f3n. Roc\u00ede las plantas hasta que est\u00e9n bien humedecidas\/goteando.       <\/p>\n<ul>\n<li>Nitr\u00f3geno 6%<\/li>\n<li>Magnesio 3%<\/li>\n<li>Azufre 7%<\/li>\n<li>Boro 0,5%<\/li>\n<li>Cobre 1%<\/li>\n<li>Hierro 1,5%<\/li>\n<li>Manganeso 3%<\/li>\n<li>Molibdeno 0,25%<\/li>\n<li>Cinc 3%<\/li>\n<\/ul>\n","protected":false},"excerpt":{"rendered":"<h2>Potencial total de la planta (MultiMax + CytoPower)<\/h2>\n<h3><span style=\"font-weight: 400;\">\u00bfQu\u00e9 es el Keylamax MultiPack?<\/span><\/h3>\n<p><span style=\"font-weight: 400;\">El sistema definitivo de dos partes dise\u00f1ado para maximizar el potencial gen\u00e9tico de su planta. Este paquete proporciona un espectro completo de micronutrientes altamente m\u00f3viles combinados con un potente bioestimulante org\u00e1nico. <\/span><\/p>\n<p><span style=\"font-weight: 400;\">El MultiPack contiene:<\/span><\/p>\n<ul>\n<li style=\"font-weight: 400;\" aria-level=\"1\"><span style=\"font-weight: 400;\">(1) 8 oz de Keylamax MultiMax (f\u00f3rmula multi-mineral)<\/span><\/li>\n<li style=\"font-weight: 400;\" aria-level=\"1\"><span style=\"font-weight: 400;\">(1) 8 oz de Keylamax CytoPower (Bioestimulante Org\u00e1nico)<\/span><\/li>\n<\/ul>\n<h3><span style=\"font-weight: 400;\">Beneficios Clave de la Sinergia<\/span><\/h3>\n<ul>\n<li style=\"font-weight: 400;\" aria-level=\"1\"><b>Movilidad Completa de Nutrientes:<\/b><span style=\"font-weight: 400;\"> La tecnolog\u00eda de quelaci\u00f3n de amino\u00e1cidos de Keylamax asegura que los micronutrientes esenciales penetren r\u00e1pidamente. Al estar \u00abdisfrazados\u00bb como prote\u00ednas, los minerales se mueven en el floema de la planta con la misma velocidad que el nitr\u00f3geno, asegurando la distribuci\u00f3n total al nuevo crecimiento, las ra\u00edces y los frutos. <\/span><\/li>\n<li style=\"font-weight: 400;\" aria-level=\"1\"><b>M\u00e1xima Defensa contra el Estr\u00e9s:<\/b><span style=\"font-weight: 400;\"> El org\u00e1nico de CytoPower <\/span><i><span style=\"font-weight: 400;\">Ascophyllum Nodosum<\/span><\/i><span style=\"font-weight: 400;\"> y los polip\u00e9ptidos activan la planta para producir compuestos que crean una mayor resistencia al fr\u00edo y al calor extremos.<\/span><\/li>\n<li style=\"font-weight: 400;\" aria-level=\"1\"><b>Crecimiento y Rendimiento Acelerados:<\/b><span style=\"font-weight: 400;\"> CytoPower activa la m\u00e1xima divisi\u00f3n y elongaci\u00f3n celular, mientras que MultiMax proporciona un perfil completo de nutrientes altamente m\u00f3viles, apoyando el crecimiento m\u00e1s r\u00e1pido posible y resultando en frutas y verduras m\u00e1s grandes y dulces.<\/span><\/li>\n<li style=\"font-weight: 400;\" aria-level=\"1\"><b>Correcci\u00f3n Oportuna:<\/b><span style=\"font-weight: 400;\"> Este r\u00e1pido movimiento permite a los cultivadores realizar ajustes nutricionales r\u00e1pidos y necesarios justo cuando la planta los necesita, evitando la p\u00e9rdida permanente del potencial de rendimiento.<\/span><\/li>\n<\/ul>\n<h3><span style=\"font-weight: 400;\">An\u00e1lisis R\u00e1pido (Minerales y Nutrientes Clave)<\/span><\/h3>\n<h4><span style=\"font-weight: 400;\">Keylamax MultiMax (Entrega de Nutrientes)<\/span><\/h4>\n<ul>\n<li style=\"font-weight: 400;\" aria-level=\"1\"><span style=\"font-weight: 400;\">Nitr\u00f3geno total (N): 6%<\/span><\/li>\n<li style=\"font-weight: 400;\" aria-level=\"1\"><span style=\"font-weight: 400;\">Azufre (S): 7%<\/span><\/li>\n<li style=\"font-weight: 400;\" aria-level=\"1\"><span style=\"font-weight: 400;\">Manganeso (Mn): 3%<\/span><\/li>\n<li style=\"font-weight: 400;\" aria-level=\"1\"><span style=\"font-weight: 400;\">Zinc (Zn): 3%<\/span><\/li>\n<li style=\"font-weight: 400;\" aria-level=\"1\"><span style=\"font-weight: 400;\">Magnesio (Mg): 3%<\/span><\/li>\n<li style=\"font-weight: 400;\" aria-level=\"1\"><span style=\"font-weight: 400;\">Hierro (Fe): 1.5%<\/span><\/li>\n<li style=\"font-weight: 400;\" aria-level=\"1\"><span style=\"font-weight: 400;\">Cobre (Cu): 1%<\/span><\/li>\n<li style=\"font-weight: 400;\" aria-level=\"1\"><span style=\"font-weight: 400;\">Boro (B): 0.5%<\/span><\/li>\n<li style=\"font-weight: 400;\" aria-level=\"1\"><span style=\"font-weight: 400;\">Molibdeno (Mo): 0.25%<\/span><\/li>\n<\/ul>\n<h4><span style=\"font-weight: 400;\">Keylamax CytoPower (Bioestimulaci\u00f3n)<\/span><\/h4>\n<ul>\n<li style=\"font-weight: 400;\" aria-level=\"1\"><span style=\"font-weight: 400;\">Nitr\u00f3geno total (N): 3%<\/span><\/li>\n<li style=\"font-weight: 400;\" aria-level=\"1\"><span style=\"font-weight: 400;\">Potasa soluble (K\u2082O): 8%<\/span><\/li>\n<li style=\"font-weight: 400;\" aria-level=\"1\"><span style=\"font-weight: 400;\">Ingredientes Clave: Extracto de Algas Marinas (<\/span><i><span style=\"font-weight: 400;\">Ascophyllum nodosum<\/span><\/i><span style=\"font-weight: 400;\">), Polip\u00e9ptidos y Az\u00facares Complejos.<\/span><\/li>\n<\/ul>\n<h3><span style=\"font-weight: 400;\">Instrucciones de aplicaci\u00f3n (foliar)<\/span><\/h3>\n<ul>\n<li style=\"font-weight: 400;\" aria-level=\"1\"><span style=\"font-weight: 400;\">Mezcle las dosis recomendadas de ambos productos.<\/span><\/li>\n<li style=\"font-weight: 400;\" aria-level=\"1\"><span style=\"font-weight: 400;\">Roc\u00ede las plantas hasta que est\u00e9n bien humedecidas\/goteando.<\/span><\/li>\n<\/ul>\n","protected":false},"featured_media":1259,"comment_status":"open","ping_status":"closed","template":"","meta":[],"product_brand":[],"product_cat":[93],"product_tag":[],"class_list":{"0":"post-807","1":"product","2":"type-product","3":"status-publish","4":"has-post-thumbnail","6":"product_cat-consumidor","8":"first","9":"instock","10":"taxable","11":"shipping-taxable","12":"purchasable","13":"product-type-simple"},"aioseo_notices":[],"_links":{"self":[{"href":"https:\/\/mil-agro-inc.com\/es\/wp-json\/wp\/v2\/product\/807","targetHints":{"allow":["GET"]}}],"collection":[{"href":"https:\/\/mil-agro-inc.com\/es\/wp-json\/wp\/v2\/product"}],"about":[{"href":"https:\/\/mil-agro-inc.com\/es\/wp-json\/wp\/v2\/types\/product"}],"replies":[{"embeddable":true,"href":"https:\/\/mil-agro-inc.com\/es\/wp-json\/wp\/v2\/comments?post=807"}],"version-history":[{"count":2,"href":"https:\/\/mil-agro-inc.com\/es\/wp-json\/wp\/v2\/product\/807\/revisions"}],"predecessor-version":[{"id":1901,"href":"https:\/\/mil-agro-inc.com\/es\/wp-json\/wp\/v2\/product\/807\/revisions\/1901"}],"wp:featuredmedia":[{"embeddable":true,"href":"https:\/\/mil-agro-inc.com\/es\/wp-json\/wp\/v2\/media\/1259"}],"wp:attachment":[{"href":"https:\/\/mil-agro-inc.com\/es\/wp-json\/wp\/v2\/media?parent=807"}],"wp:term":[{"taxonomy":"product_brand","embeddable":true,"href":"https:\/\/mil-agro-inc.com\/es\/wp-json\/wp\/v2\/product_brand?post=807"},{"taxonomy":"product_cat","embeddable":true,"href":"https:\/\/mil-agro-inc.com\/es\/wp-json\/wp\/v2\/product_cat?post=807"},{"taxonomy":"product_tag","embeddable":true,"href":"https:\/\/mil-agro-inc.com\/es\/wp-json\/wp\/v2\/product_tag?post=807"}],"curies":[{"name":"wp","href":"https:\/\/api.w.org\/{rel}","templated":true}]}}