{"id":806,"date":"2025-08-04T15:29:36","date_gmt":"2025-08-04T15:29:36","guid":{"rendered":"https:\/\/mil.gravitateframework.com\/product\/keylamax-cytopower-8-oz\/"},"modified":"2026-04-01T20:39:37","modified_gmt":"2026-04-01T20:39:37","slug":"keylamax-cytopower-8-oz","status":"publish","type":"product","link":"https:\/\/mil-agro-inc.com\/es\/product\/keylamax-cytopower-8-oz\/","title":{"rendered":"CytoPower"},"content":{"rendered":"<p data-pm-slice=\"1 1 []\">Keylamax CytoPower es un bioestimulante org\u00e1nico que mantendr\u00e1 sus plantas en plena actividad durante periodos de estr\u00e9s. Cuando las temperaturas son altas, los d\u00edas son cortos o simplemente desea maximizar su producci\u00f3n, CytoPower ser\u00e1 la clave para el \u00e9xito de su jardiner\u00eda. CytoPower contiene una mezcla de nutrientes y estimulantes que mantendr\u00e1n sus plantas sanas y productivas durante todo el a\u00f1o. CytoPower tambi\u00e9n act\u00faa como potenciador de todos nuestros otros productos. Los mejores resultados se obtienen al mezclarlo y aplicarlo con nuestro producto MultiMax. La dosis t\u00edpica de aplicaci\u00f3n es de 1 cucharada por gal\u00f3n. Roc\u00ede sobre las plantas hasta que est\u00e9n bien humedecidas y goteando.<\/p>\n<ul>\n<li>Nitr\u00f3geno 3%<\/li>\n<li>Potasio 8%<\/li>\n<\/ul>\n","protected":false},"excerpt":{"rendered":"<h2>CytoPower 8 oz: Organic Biostimulant<\/h2>\n<h3><span style=\"font-weight: 400;\">El poder de CytoPower: Maximice el potencial de su planta<\/span><\/h3>\n<p><span style=\"font-weight: 400;\">CytoPower es un bioestimulante org\u00e1nico avanzado que asegura que sus plantas mantengan una funci\u00f3n y un crecimiento \u00f3ptimos, incluso bajo estr\u00e9s. Esta f\u00f3rmula patentada contiene tres ingredientes esenciales: extracto de algas marinas, prote\u00ednas vegetales hidrolizadas y az\u00facares complejos. <\/span><\/p>\n<h3><span style=\"font-weight: 400;\">Beneficios clave para el cultivador<\/span><\/h3>\n<ul>\n<li style=\"font-weight: 400;\" aria-level=\"1\"><b>Resistencia de \u00e9lite al estr\u00e9s:<\/b><span style=\"font-weight: 400;\">  Activa la planta para producir compuestos que proporcionan una mayor resistencia al fr\u00edo y al calor extremos. Ayuda a las plantas a superar los estreses abi\u00f3ticos comunes como la sequ\u00eda y la salinidad. <\/span><\/li>\n<li style=\"font-weight: 400;\" aria-level=\"1\"><b>Crecimiento m\u00e1s r\u00e1pido y dulce:<\/b><span style=\"font-weight: 400;\"> Promueve un crecimiento m\u00e1s r\u00e1pido y maximiza la producci\u00f3n de carbohidratos, lo que resulta en frutas y verduras m\u00e1s grandes y dulces.<\/span><\/li>\n<li style=\"font-weight: 400;\" aria-level=\"1\"><b>Maximizaci\u00f3n celular:<\/b><span style=\"font-weight: 400;\"> Activa la m\u00e1xima divisi\u00f3n celular y elongaci\u00f3n celular para un desarrollo robusto.<\/span><\/li>\n<li style=\"font-weight: 400;\" aria-level=\"1\"><b>Base para el crecimiento:<\/b><span style=\"font-weight: 400;\"> Las prote\u00ednas vegetales hidrolizadas proporcionan bloques de construcci\u00f3n de amino\u00e1cidos esenciales para que la planta exprese su m\u00e1ximo potencial gen\u00e9tico.<\/span><\/li>\n<\/ul>\n<h3><span style=\"font-weight: 400;\">La ventaja de movilidad de Keylamax<\/span><\/h3>\n<p><span style=\"font-weight: 400;\">Este producto est\u00e1 reforzado con la tecnolog\u00eda de amino\u00e1cidos Keylamax, lo que garantiza una r\u00e1pida asimilaci\u00f3n de nutrientes.<\/span><\/p>\n<ul>\n<li style=\"font-weight: 400;\" aria-level=\"1\"><b>Resultados r\u00e1pidos:<\/b><span style=\"font-weight: 400;\"> Los minerales se quelatan (unen) con amino\u00e1cidos, lo que les permite penetrar y moverse con la misma velocidad que el nitr\u00f3geno.<\/span><\/li>\n<li style=\"font-weight: 400;\" aria-level=\"1\"><b>Entrega total de nutrientes:<\/b><span style=\"font-weight: 400;\"> Al \u00abdisfrazar\u00bb el complejo como una prote\u00edna, los nutrientes se mueven a trav\u00e9s del <\/span><b>floema<\/b><span style=\"font-weight: 400;\"> (el sistema circulatorio de alimentos de la planta) en todas las direcciones: hacia nuevas hojas, ra\u00edces y frutos.<\/span><\/li>\n<\/ul>\n<h3><span style=\"font-weight: 400;\">An\u00e1lisis garantizado<\/span><\/h3>\n<ul>\n<li style=\"font-weight: 400;\" aria-level=\"1\"><span style=\"font-weight: 400;\">Nitr\u00f3geno total (N): 3%<\/span><\/li>\n<li style=\"font-weight: 400;\" aria-level=\"1\"><span style=\"font-weight: 400;\">Potasa soluble (K\u2082O): 8%<\/span><\/li>\n<\/ul>\n<h3><span style=\"font-weight: 400;\">Instrucciones de aplicaci\u00f3n<\/span><\/h3>\n<ul>\n<li style=\"font-weight: 400;\" aria-level=\"1\"><b>Tasa:<\/b><span style=\"font-weight: 400;\"> Use 1 cucharada por gal\u00f3n.<\/span><\/li>\n<li style=\"font-weight: 400;\" aria-level=\"1\"><b>M\u00e9todo:<\/b><span style=\"font-weight: 400;\"> Roc\u00ede las plantas hasta que est\u00e9n bien humedecidas\/goteando.<\/span><\/li>\n<li style=\"font-weight: 400;\" aria-level=\"1\"><b>Consejo:<\/b><span style=\"font-weight: 400;\"> Para obtener mejores resultados, mezcle con el producto Keylamax MultiMax.<\/span><\/li>\n<\/ul>\n","protected":false},"featured_media":1086,"comment_status":"open","ping_status":"closed","template":"","meta":[],"product_brand":[],"product_cat":[93],"product_tag":[],"class_list":{"0":"post-806","1":"product","2":"type-product","3":"status-publish","4":"has-post-thumbnail","6":"product_cat-consumidor","8":"first","9":"instock","10":"taxable","11":"shipping-taxable","12":"purchasable","13":"product-type-simple"},"aioseo_notices":[],"_links":{"self":[{"href":"https:\/\/mil-agro-inc.com\/es\/wp-json\/wp\/v2\/product\/806","targetHints":{"allow":["GET"]}}],"collection":[{"href":"https:\/\/mil-agro-inc.com\/es\/wp-json\/wp\/v2\/product"}],"about":[{"href":"https:\/\/mil-agro-inc.com\/es\/wp-json\/wp\/v2\/types\/product"}],"replies":[{"embeddable":true,"href":"https:\/\/mil-agro-inc.com\/es\/wp-json\/wp\/v2\/comments?post=806"}],"version-history":[{"count":3,"href":"https:\/\/mil-agro-inc.com\/es\/wp-json\/wp\/v2\/product\/806\/revisions"}],"predecessor-version":[{"id":2010,"href":"https:\/\/mil-agro-inc.com\/es\/wp-json\/wp\/v2\/product\/806\/revisions\/2010"}],"wp:featuredmedia":[{"embeddable":true,"href":"https:\/\/mil-agro-inc.com\/es\/wp-json\/wp\/v2\/media\/1086"}],"wp:attachment":[{"href":"https:\/\/mil-agro-inc.com\/es\/wp-json\/wp\/v2\/media?parent=806"}],"wp:term":[{"taxonomy":"product_brand","embeddable":true,"href":"https:\/\/mil-agro-inc.com\/es\/wp-json\/wp\/v2\/product_brand?post=806"},{"taxonomy":"product_cat","embeddable":true,"href":"https:\/\/mil-agro-inc.com\/es\/wp-json\/wp\/v2\/product_cat?post=806"},{"taxonomy":"product_tag","embeddable":true,"href":"https:\/\/mil-agro-inc.com\/es\/wp-json\/wp\/v2\/product_tag?post=806"}],"curies":[{"name":"wp","href":"https:\/\/api.w.org\/{rel}","templated":true}]}}