{"id":805,"date":"2025-08-04T15:28:00","date_gmt":"2025-08-04T15:28:00","guid":{"rendered":"https:\/\/mil.gravitateframework.com\/product\/keylamax-multimax-8oz\/"},"modified":"2026-04-01T20:38:53","modified_gmt":"2026-04-01T20:38:53","slug":"keylamax-multimax-8oz","status":"publish","type":"product","link":"https:\/\/mil-agro-inc.com\/es\/product\/keylamax-multimax-8oz\/","title":{"rendered":"MultiMax"},"content":{"rendered":"<p data-pm-slice=\"1 1 []\">Keylamax MultiMax es un alimento vegetal org\u00e1nico multi-mineral que permite que su planta est\u00e9 equilibrada y saludable. Contiene todos los micronutrientes que son dif\u00edciles de obtener para su planta. Utilizamos tecnolog\u00eda de quelaci\u00f3n de amino\u00e1cidos para asegurar una r\u00e1pida absorci\u00f3n por la planta. Puede obtener resultados medibles a las pocas horas de aplicar nuestros productos. El m\u00e9todo de aplicaci\u00f3n preferido es mezclar con agua y rociar el fertilizante sobre las hojas de la planta (aplicaci\u00f3n foliar). Este m\u00e9todo de aplicaci\u00f3n garantiza la mayor eficiencia y la absorci\u00f3n m\u00e1s r\u00e1pida posible por la planta. La tasa de aplicaci\u00f3n t\u00edpica ser\u00e1 de una cucharada por gal\u00f3n. Roc\u00ede las plantas hasta que est\u00e9n bien humedecidas\/goteando.<\/p>\n<ul>\n<li>Nitr\u00f3geno 6%<\/li>\n<li>Magnesio 3%<\/li>\n<li>Azufre 7%<\/li>\n<li>Boro 0.5%<\/li>\n<li>Cobre 1%<\/li>\n<li>Hierro 1.5%<\/li>\n<li>Manganeso 3%<\/li>\n<li>Molibdeno 0.25%<\/li>\n<li>Zinc 3%<\/li>\n<\/ul>\n","protected":false},"excerpt":{"rendered":"<h2><\/h2>\n<h3><span style=\"font-weight: 400;\">La ventaja de MultiMax: Nutrici\u00f3n equilibrada, velocidad inigualable<\/span><\/h3>\n<p><span style=\"font-weight: 400;\">Keylamax MultiMax es un alimento vegetal org\u00e1nico multimineral integral, formulado por expertos para suministrar todos los micronutrientes esenciales que a menudo son dif\u00edciles de absorber para su planta solo del suelo.<\/span><\/p>\n<h3><span style=\"font-weight: 400;\">Beneficios clave y la tecnolog\u00eda Keylamax<\/span><\/h3>\n<ul>\n<li style=\"font-weight: 400;\" aria-level=\"1\"><b>Resultados ultrarr\u00e1pidos:<\/b><span style=\"font-weight: 400;\"> Nuestra avanzada tecnolog\u00eda de quelaci\u00f3n de amino\u00e1cidos garantiza una absorci\u00f3n r\u00e1pida y resultados medibles a las pocas horas de la aplicaci\u00f3n.<\/span><\/li>\n<li style=\"font-weight: 400;\" aria-level=\"1\"><b>M\u00e1xima movilidad y eficiencia:<\/b><span style=\"font-weight: 400;\"> Keylamax disfraza el mineral como una prote\u00edna, lo que permite que el complejo se mueva a trav\u00e9s del <\/span><b>floema<\/b><span style=\"font-weight: 400;\"> (sistema de transporte de alimentos) de la planta con la misma velocidad que el nitr\u00f3geno.<\/span><\/li>\n<li style=\"font-weight: 400;\" aria-level=\"1\"><b>Distribuci\u00f3n completa:<\/b><span style=\"font-weight: 400;\"> Esta tecnolog\u00eda hace que los minerales t\u00edpicamente inm\u00f3viles (como el zinc, el manganeso y el cobre) sean totalmente m\u00f3viles. Pueden moverse en todas las direcciones: desde las hojas m\u00e1s viejas hasta el nuevo crecimiento, las ra\u00edces y el desarrollo de la fruta. <\/span><\/li>\n<li style=\"font-weight: 400;\" aria-level=\"1\"><b>M\u00e1xima absorci\u00f3n:<\/b><span style=\"font-weight: 400;\"> La aplicaci\u00f3n foliar garantiza la m\u00e1xima eficiencia y la absorci\u00f3n m\u00e1s r\u00e1pida posible, asegurando que la planta reciba los nutrientes exactamente cuando los necesita para maximizar el rendimiento y el potencial de calidad.<\/span><\/li>\n<li style=\"font-weight: 400;\" aria-level=\"1\"><b>Mezcla completa de micronutrientes:<\/b><span style=\"font-weight: 400;\"> Proporciona los micronutrientes clave necesarios para mantener su planta equilibrada y saludable.<\/span><\/li>\n<\/ul>\n<h3><span style=\"font-weight: 400;\">An\u00e1lisis garantizado<\/span><\/h3>\n<ul>\n<li style=\"font-weight: 400;\" aria-level=\"1\"><span style=\"font-weight: 400;\">Nitr\u00f3geno total (N): 6%<\/span><\/li>\n<li style=\"font-weight: 400;\" aria-level=\"1\"><span style=\"font-weight: 400;\">Azufre (S): 7%<\/span><\/li>\n<li style=\"font-weight: 400;\" aria-level=\"1\"><span style=\"font-weight: 400;\">Magnesio (Mg): 3%<\/span><\/li>\n<li style=\"font-weight: 400;\" aria-level=\"1\"><span style=\"font-weight: 400;\">Manganeso (Mn): 3%<\/span><\/li>\n<li style=\"font-weight: 400;\" aria-level=\"1\"><span style=\"font-weight: 400;\">Zinc (Zn): 3%<\/span><\/li>\n<li style=\"font-weight: 400;\" aria-level=\"1\"><span style=\"font-weight: 400;\">Hierro (Fe): 1.5%<\/span><\/li>\n<li style=\"font-weight: 400;\" aria-level=\"1\"><span style=\"font-weight: 400;\">Cobre (Cu): 1%<\/span><\/li>\n<li style=\"font-weight: 400;\" aria-level=\"1\"><span style=\"font-weight: 400;\">Boro (B): 0.5%<\/span><\/li>\n<li style=\"font-weight: 400;\" aria-level=\"1\"><span style=\"font-weight: 400;\">Molibdeno (Mo): 0.25%<\/span><\/li>\n<\/ul>\n<h3><span style=\"font-weight: 400;\">Instrucciones de aplicaci\u00f3n (foliar)<\/span><\/h3>\n<ul>\n<li style=\"font-weight: 400;\" aria-level=\"1\"><b>M\u00e9todo preferido:<\/b><span style=\"font-weight: 400;\"> Mezcle con agua y roc\u00ede el fertilizante directamente sobre las hojas.<\/span><\/li>\n<li style=\"font-weight: 400;\" aria-level=\"1\"><b>Tasa:<\/b><span style=\"font-weight: 400;\"> Una cucharada por gal\u00f3n.<\/span><\/li>\n<li style=\"font-weight: 400;\" aria-level=\"1\"><b style=\"font-family: -apple-system, BlinkMacSystemFont, 'Segoe UI', Roboto, 'Helvetica Neue', Arial, 'Noto Sans', sans-serif, 'Apple Color Emoji', 'Segoe UI Emoji', 'Segoe UI Symbol', 'Noto Color Emoji';\">Cobertura:<\/b><span style=\"font-weight: 400;\"> Roc\u00ede las plantas hasta que est\u00e9n bien humedecidas\/goteando.<\/span><\/li>\n<\/ul>\n","protected":false},"featured_media":1095,"comment_status":"open","ping_status":"closed","template":"","meta":[],"product_brand":[],"product_cat":[93],"product_tag":[],"class_list":{"0":"post-805","1":"product","2":"type-product","3":"status-publish","4":"has-post-thumbnail","6":"product_cat-consumidor","8":"first","9":"instock","10":"taxable","11":"shipping-taxable","12":"purchasable","13":"product-type-simple"},"aioseo_notices":[],"_links":{"self":[{"href":"https:\/\/mil-agro-inc.com\/es\/wp-json\/wp\/v2\/product\/805","targetHints":{"allow":["GET"]}}],"collection":[{"href":"https:\/\/mil-agro-inc.com\/es\/wp-json\/wp\/v2\/product"}],"about":[{"href":"https:\/\/mil-agro-inc.com\/es\/wp-json\/wp\/v2\/types\/product"}],"replies":[{"embeddable":true,"href":"https:\/\/mil-agro-inc.com\/es\/wp-json\/wp\/v2\/comments?post=805"}],"version-history":[{"count":3,"href":"https:\/\/mil-agro-inc.com\/es\/wp-json\/wp\/v2\/product\/805\/revisions"}],"predecessor-version":[{"id":2009,"href":"https:\/\/mil-agro-inc.com\/es\/wp-json\/wp\/v2\/product\/805\/revisions\/2009"}],"wp:featuredmedia":[{"embeddable":true,"href":"https:\/\/mil-agro-inc.com\/es\/wp-json\/wp\/v2\/media\/1095"}],"wp:attachment":[{"href":"https:\/\/mil-agro-inc.com\/es\/wp-json\/wp\/v2\/media?parent=805"}],"wp:term":[{"taxonomy":"product_brand","embeddable":true,"href":"https:\/\/mil-agro-inc.com\/es\/wp-json\/wp\/v2\/product_brand?post=805"},{"taxonomy":"product_cat","embeddable":true,"href":"https:\/\/mil-agro-inc.com\/es\/wp-json\/wp\/v2\/product_cat?post=805"},{"taxonomy":"product_tag","embeddable":true,"href":"https:\/\/mil-agro-inc.com\/es\/wp-json\/wp\/v2\/product_tag?post=805"}],"curies":[{"name":"wp","href":"https:\/\/api.w.org\/{rel}","templated":true}]}}