{"id":804,"date":"2023-02-08T08:54:42","date_gmt":"2023-02-08T08:54:42","guid":{"rendered":"https:\/\/mil.gravitateframework.com\/product\/keylamax-primer-1-0-0\/"},"modified":"2026-04-01T20:28:41","modified_gmt":"2026-04-01T20:28:41","slug":"keylamax-primer-1-0-0","status":"publish","type":"product","link":"https:\/\/mil-agro-inc.com\/es\/product\/keylamax-primer-1-0-0\/","title":{"rendered":"Keylamax Primer 1-0-0"},"content":{"rendered":"","protected":false},"excerpt":{"rendered":"<h2><span style=\"font-weight: 400;\">Keylamax Primer 1-0-0: El catalizador de vigor y crecimiento<\/span><\/h2>\n<p><span style=\"font-weight: 400;\">Keylamax Primer 1-0-0 es un fertilizante foliar l\u00edquido dise\u00f1ado espec\u00edficamente para proporcionar soporte nutricional inmediato durante las etapas cr\u00edticas del desarrollo vegetativo. Utiliza la tecnolog\u00eda de quelaci\u00f3n de amino\u00e1cidos de Mil Agro para corregir las deficiencias de nutrientes esenciales y maximizar el vigor de la planta justo despu\u00e9s de la emergencia.<\/span><\/p>\n<h3><span style=\"font-weight: 400;\">Acci\u00f3n enfocada para el crecimiento temprano<\/span><\/h3>\n<p><span style=\"font-weight: 400;\">Keylamax Primer proporciona micronutrientes esenciales (manganeso, zinc, magnesio, cobre y boro) en formas altamente disponibles. Esta entrega dirigida alimenta r\u00e1pidamente el crecimiento fundamental:<\/span><\/p>\n<ul>\n<li style=\"font-weight: 400;\" aria-level=\"1\"><b>Vigor y desarrollo foliar:<\/b><span style=\"font-weight: 400;\"> Maximiza el vigor de la planta despu\u00e9s de la emergencia y estimula el desarrollo de las primeras hojas verdaderas.<\/span><\/li>\n<li style=\"font-weight: 400;\" aria-level=\"1\"><b>Soporte hormonal y estructural:<\/b><span style=\"font-weight: 400;\"> Estimula la s\u00edntesis de auxinas (reguladores del crecimiento) y el sistema hormonal de la planta, promoviendo el crecimiento de brotes, ramas y hojas saludables.<\/span><\/li>\n<li style=\"font-weight: 400;\" aria-level=\"1\"><b>Absorci\u00f3n de ra\u00edces y nutrientes:<\/b><span style=\"font-weight: 400;\"> Promueve el alargamiento celular en la ra\u00edz y favorece la asimilaci\u00f3n y el transporte de nitr\u00f3geno y otros macronutrientes por toda la planta.<\/span><\/li>\n<li style=\"font-weight: 400;\" aria-level=\"1\"><b>Producci\u00f3n de energ\u00eda:<\/b><span style=\"font-weight: 400;\"> Promueve la s\u00edntesis de compuestos vitales como vitaminas, prote\u00ednas, amino\u00e1cidos y ATP (energ\u00eda celular).<\/span><\/li>\n<\/ul>\n<h3><span style=\"font-weight: 400;\">La ventaja de movilidad de Keylamax<\/span><\/h3>\n<p><span style=\"font-weight: 400;\">Al aprovechar nuestra tecnolog\u00eda de quelaci\u00f3n de amino\u00e1cidos, Keylamax asegura que los nutrientes t\u00edpicamente lentos o inm\u00f3viles como el zinc, el manganeso y el cobre se absorban r\u00e1pidamente, viajen a trav\u00e9s del floema (el sistema circulatorio de la planta) y se muevan hacia donde el nuevo crecimiento m\u00e1s los necesita. Esta nutrici\u00f3n instant\u00e1nea y m\u00f3vil le da a su cultivo el mejor comienzo posible.<\/span><\/p>\n<p><span style=\"font-weight: 400;\">Disponible en 1 litro, 4 litros, 2.5 galones, 10 litros, 275 galones y 1000 litros.<\/span><\/p>\n","protected":false},"featured_media":670,"comment_status":"open","ping_status":"closed","template":"","meta":[],"product_brand":[],"product_cat":[104,88],"product_tag":[89],"class_list":{"0":"post-804","1":"product","2":"type-product","3":"status-publish","4":"has-post-thumbnail","6":"product_cat-comercial-es","7":"product_cat-conventional-es","8":"product_tag-keylamax-conventional-liquids-es","10":"first","11":"instock","12":"taxable","13":"shipping-taxable","14":"product-type-simple"},"aioseo_notices":[],"_links":{"self":[{"href":"https:\/\/mil-agro-inc.com\/es\/wp-json\/wp\/v2\/product\/804","targetHints":{"allow":["GET"]}}],"collection":[{"href":"https:\/\/mil-agro-inc.com\/es\/wp-json\/wp\/v2\/product"}],"about":[{"href":"https:\/\/mil-agro-inc.com\/es\/wp-json\/wp\/v2\/types\/product"}],"replies":[{"embeddable":true,"href":"https:\/\/mil-agro-inc.com\/es\/wp-json\/wp\/v2\/comments?post=804"}],"version-history":[{"count":2,"href":"https:\/\/mil-agro-inc.com\/es\/wp-json\/wp\/v2\/product\/804\/revisions"}],"predecessor-version":[{"id":1543,"href":"https:\/\/mil-agro-inc.com\/es\/wp-json\/wp\/v2\/product\/804\/revisions\/1543"}],"wp:featuredmedia":[{"embeddable":true,"href":"https:\/\/mil-agro-inc.com\/es\/wp-json\/wp\/v2\/media\/670"}],"wp:attachment":[{"href":"https:\/\/mil-agro-inc.com\/es\/wp-json\/wp\/v2\/media?parent=804"}],"wp:term":[{"taxonomy":"product_brand","embeddable":true,"href":"https:\/\/mil-agro-inc.com\/es\/wp-json\/wp\/v2\/product_brand?post=804"},{"taxonomy":"product_cat","embeddable":true,"href":"https:\/\/mil-agro-inc.com\/es\/wp-json\/wp\/v2\/product_cat?post=804"},{"taxonomy":"product_tag","embeddable":true,"href":"https:\/\/mil-agro-inc.com\/es\/wp-json\/wp\/v2\/product_tag?post=804"}],"curies":[{"name":"wp","href":"https:\/\/api.w.org\/{rel}","templated":true}]}}