{"id":803,"date":"2023-02-08T08:52:35","date_gmt":"2023-02-08T08:52:35","guid":{"rendered":"https:\/\/mil.gravitateframework.com\/product\/keylamax-bmz-1-0-0\/"},"modified":"2026-04-01T20:29:06","modified_gmt":"2026-04-01T20:29:06","slug":"keylamax-bmz-1-0-0","status":"publish","type":"product","link":"https:\/\/mil-agro-inc.com\/es\/product\/keylamax-bmz-1-0-0\/","title":{"rendered":"Keylamax BMZ 1-0-0"},"content":{"rendered":"","protected":false},"excerpt":{"rendered":"<h2><span style=\"font-weight: 400;\">Keylamax BMZ 1-0-0: Complejo Avanzado para Floraci\u00f3n y Fructificaci\u00f3n<\/span><\/h2>\n<p><span style=\"font-weight: 400;\">Keylamax BMZ 1-0-0 es un fertilizante foliar l\u00edquido especializado, dise\u00f1ado para optimizar las etapas reproductivas m\u00e1s cr\u00edticas de su cultivo. Al utilizar la tecnolog\u00eda superior de quelaci\u00f3n de amino\u00e1cidos de Mil Agro, Keylamax asegura la m\u00e1xima absorci\u00f3n de nutrientes y una movilidad sin igual para un rendimiento y calidad superiores. <\/span><\/p>\n<h3><span style=\"font-weight: 400;\">Beneficios Espec\u00edficos para la Reproducci\u00f3n<\/span><\/h3>\n<p><span style=\"font-weight: 400;\">Keylamax BMZ 1-0-0 proporciona micronutrientes esenciales precisamente cu\u00e1ndo y d\u00f3nde la planta los necesita, resultando en:<\/span><\/p>\n<ul>\n<li style=\"font-weight: 400;\" aria-level=\"1\"><b>Floraci\u00f3n y Fructificaci\u00f3n Optimizadas:<\/b><span style=\"font-weight: 400;\"> Promueve, optimiza e invigoriza el proceso de floraci\u00f3n de sus cultivos.<\/span><\/li>\n<li style=\"font-weight: 400;\" aria-level=\"1\"><b>Desarrollo de Frutos Mejorado:<\/b><span style=\"font-weight: 400;\"> Mejora el desarrollo tanto de flores como de frutos, y fortalece\/estimula la polinizaci\u00f3n y el desarrollo de semillas.<\/span><\/li>\n<li style=\"font-weight: 400;\" aria-level=\"1\"><b>Mayor Calidad:<\/b><span style=\"font-weight: 400;\"> Estimula la s\u00edntesis de auxinas (reguladores del crecimiento) y promueve la acumulaci\u00f3n de az\u00facares en el fruto.<\/span><\/li>\n<\/ul>\n<h3><span style=\"font-weight: 400;\">La ventaja de movilidad de Keylamax<\/span><\/h3>\n<p><span style=\"font-weight: 400;\">Esta f\u00f3rmula se deriva de quelatos de amino\u00e1cidos de zinc, hierro y cobre, y complejos de amino\u00e1cidos de molibdeno y boro.<\/span><\/p>\n<p><span style=\"font-weight: 400;\">Normalmente, los minerales como el zinc, el hierro y el cobre son inm\u00f3viles dentro de la planta una vez que llegan a las hojas a trav\u00e9s del xilema. Sin embargo, nuestra tecnolog\u00eda de amino\u00e1cidos supera esta limitaci\u00f3n al: <\/span><\/p>\n<ul>\n<li style=\"font-weight: 400;\" aria-level=\"1\"><b>Disfrazar el Mineral:<\/b><span style=\"font-weight: 400;\"> El amino\u00e1cido se une al metal, haciendo que la planta reconozca el complejo como una prote\u00edna o az\u00facar.<\/span><\/li>\n<li style=\"font-weight: 400;\" aria-level=\"1\"><b>Movimiento R\u00e1pido por el Floema: <\/b><span style=\"font-weight: 400;\">Este \u00abdisfraz\u00bb permite que el complejo se mueva r\u00e1pidamente y en todas direcciones a trav\u00e9s del floema (el sistema circulatorio de la planta), asegurando que estos nutrientes vitales viajen desde las hojas viejas hasta el nuevo crecimiento, las ra\u00edces y el fruto a la misma alta velocidad que el nitr\u00f3geno.<\/span><\/li>\n<\/ul>\n<p><span style=\"font-weight: 400;\">Disponible en 1 litro, 4 litros, 2.5 galones, 10 litros, 275 galones y 1000 litros.<\/span><\/p>\n","protected":false},"featured_media":688,"comment_status":"open","ping_status":"closed","template":"","meta":[],"product_brand":[],"product_cat":[104,88],"product_tag":[89],"class_list":{"0":"post-803","1":"product","2":"type-product","3":"status-publish","4":"has-post-thumbnail","6":"product_cat-comercial-es","7":"product_cat-conventional-es","8":"product_tag-keylamax-conventional-liquids-es","10":"first","11":"instock","12":"taxable","13":"shipping-taxable","14":"product-type-simple"},"aioseo_notices":[],"_links":{"self":[{"href":"https:\/\/mil-agro-inc.com\/es\/wp-json\/wp\/v2\/product\/803","targetHints":{"allow":["GET"]}}],"collection":[{"href":"https:\/\/mil-agro-inc.com\/es\/wp-json\/wp\/v2\/product"}],"about":[{"href":"https:\/\/mil-agro-inc.com\/es\/wp-json\/wp\/v2\/types\/product"}],"replies":[{"embeddable":true,"href":"https:\/\/mil-agro-inc.com\/es\/wp-json\/wp\/v2\/comments?post=803"}],"version-history":[{"count":2,"href":"https:\/\/mil-agro-inc.com\/es\/wp-json\/wp\/v2\/product\/803\/revisions"}],"predecessor-version":[{"id":1545,"href":"https:\/\/mil-agro-inc.com\/es\/wp-json\/wp\/v2\/product\/803\/revisions\/1545"}],"wp:featuredmedia":[{"embeddable":true,"href":"https:\/\/mil-agro-inc.com\/es\/wp-json\/wp\/v2\/media\/688"}],"wp:attachment":[{"href":"https:\/\/mil-agro-inc.com\/es\/wp-json\/wp\/v2\/media?parent=803"}],"wp:term":[{"taxonomy":"product_brand","embeddable":true,"href":"https:\/\/mil-agro-inc.com\/es\/wp-json\/wp\/v2\/product_brand?post=803"},{"taxonomy":"product_cat","embeddable":true,"href":"https:\/\/mil-agro-inc.com\/es\/wp-json\/wp\/v2\/product_cat?post=803"},{"taxonomy":"product_tag","embeddable":true,"href":"https:\/\/mil-agro-inc.com\/es\/wp-json\/wp\/v2\/product_tag?post=803"}],"curies":[{"name":"wp","href":"https:\/\/api.w.org\/{rel}","templated":true}]}}