{"id":802,"date":"2023-02-08T08:47:56","date_gmt":"2023-02-08T08:47:56","guid":{"rendered":"https:\/\/mil.gravitateframework.com\/product\/kamino-16-0-4\/"},"modified":"2026-04-01T20:29:38","modified_gmt":"2026-04-01T20:29:38","slug":"kamino-16-0-4","status":"publish","type":"product","link":"https:\/\/mil-agro-inc.com\/es\/product\/kamino-16-0-4\/","title":{"rendered":"K+amino 16-0-4"},"content":{"rendered":"","protected":false},"excerpt":{"rendered":"<h2><b>Keylamax K+amino 16-0-4: La soluci\u00f3n de movilidad<\/b><\/h2>\n<p><span style=\"font-weight: 400;\">Keylamax K+amino 16-0-4 es un fertilizante de alta eficiencia y un potente agente quelante mineral que revoluciona la entrega de nutrientes. Utilizando la avanzada tecnolog\u00eda de quelaci\u00f3n de amino\u00e1cidos de Mil Agro, garantiza la m\u00e1xima disponibilidad de nutrientes, velocidad y movilidad de la planta.<\/span><\/p>\n<h3><b>Por qu\u00e9 K+amino 16-0-4 es superior<\/b><\/h3>\n<p><span style=\"font-weight: 400;\">Esta f\u00f3rmula \u00fanica, que proporciona 16% de nitr\u00f3geno (derivado de amino\u00e1cidos) y 4% de potasio (derivado del complejo de amino\u00e1cidos de potasio), ofrece un rendimiento sin igual:<\/span><\/p>\n<p><b>Translocaci\u00f3n ultrarr\u00e1pida:<\/b><span style=\"font-weight: 400;\">  Los complejos de amino\u00e1cidos \u201cenga\u00f1an\u201d a la planta para que reconozca los nutrientes como mol\u00e9culas org\u00e1nicas (prote\u00ednas\/az\u00facares), lo que les permite moverse r\u00e1pidamente y en todas las direcciones a trav\u00e9s del floema (el sistema circulatorio de la planta). Esto asegura que los minerales se muevan con la misma velocidad que el nitr\u00f3geno.<\/span><\/p>\n<p><b>Mejora los minerales inm\u00f3viles:<\/b><span style=\"font-weight: 400;\">  Mejora significativamente la penetraci\u00f3n y translocaci\u00f3n de minerales. Cuando se utiliza como agente quelante, permite que minerales cr\u00edticos, t\u00edpicamente inm\u00f3viles como el calcio, se muevan y se transloquen libremente en el floema.<\/span><\/p>\n<p><b>Mejora la calidad y la resistencia de los cultivos:<\/b><span style=\"font-weight: 400;\">  K+amino 16-0-4 reduce los factores de estr\u00e9s abi\u00f3tico, como el calor y el fr\u00edo, y aumenta la eficiencia de conversi\u00f3n de nitrato. Esta r\u00e1pida entrega y mejora de la eficiencia resultan en ajustes r\u00e1pidos para el cultivador y ayudan a mejorar la vida \u00fatil de la fruta.<\/span><\/p>\n<p><span style=\"font-weight: 400;\">Disponible en 2 lb, 1 kg, 50 lb y 25 kg.<\/span><\/p>\n","protected":false},"featured_media":704,"comment_status":"open","ping_status":"closed","template":"","meta":[],"product_brand":[],"product_cat":[104,88],"product_tag":[89],"class_list":{"0":"post-802","1":"product","2":"type-product","3":"status-publish","4":"has-post-thumbnail","6":"product_cat-comercial-es","7":"product_cat-conventional-es","8":"product_tag-keylamax-conventional-liquids-es","10":"first","11":"instock","12":"taxable","13":"shipping-taxable","14":"product-type-simple"},"aioseo_notices":[],"_links":{"self":[{"href":"https:\/\/mil-agro-inc.com\/es\/wp-json\/wp\/v2\/product\/802","targetHints":{"allow":["GET"]}}],"collection":[{"href":"https:\/\/mil-agro-inc.com\/es\/wp-json\/wp\/v2\/product"}],"about":[{"href":"https:\/\/mil-agro-inc.com\/es\/wp-json\/wp\/v2\/types\/product"}],"replies":[{"embeddable":true,"href":"https:\/\/mil-agro-inc.com\/es\/wp-json\/wp\/v2\/comments?post=802"}],"version-history":[{"count":3,"href":"https:\/\/mil-agro-inc.com\/es\/wp-json\/wp\/v2\/product\/802\/revisions"}],"predecessor-version":[{"id":1541,"href":"https:\/\/mil-agro-inc.com\/es\/wp-json\/wp\/v2\/product\/802\/revisions\/1541"}],"wp:featuredmedia":[{"embeddable":true,"href":"https:\/\/mil-agro-inc.com\/es\/wp-json\/wp\/v2\/media\/704"}],"wp:attachment":[{"href":"https:\/\/mil-agro-inc.com\/es\/wp-json\/wp\/v2\/media?parent=802"}],"wp:term":[{"taxonomy":"product_brand","embeddable":true,"href":"https:\/\/mil-agro-inc.com\/es\/wp-json\/wp\/v2\/product_brand?post=802"},{"taxonomy":"product_cat","embeddable":true,"href":"https:\/\/mil-agro-inc.com\/es\/wp-json\/wp\/v2\/product_cat?post=802"},{"taxonomy":"product_tag","embeddable":true,"href":"https:\/\/mil-agro-inc.com\/es\/wp-json\/wp\/v2\/product_tag?post=802"}],"curies":[{"name":"wp","href":"https:\/\/api.w.org\/{rel}","templated":true}]}}