{"id":801,"date":"2021-09-18T03:13:48","date_gmt":"2021-09-18T03:13:48","guid":{"rendered":"https:\/\/mil.gravitateframework.com\/product\/propeat-carbon90plus-13-5-8\/"},"modified":"2026-04-01T20:13:49","modified_gmt":"2026-04-01T20:13:49","slug":"propeat-carbon90plus-13-5-8","status":"publish","type":"product","link":"https:\/\/mil-agro-inc.com\/es\/product\/propeat-carbon90plus-13-5-8\/","title":{"rendered":"ProPEAT\u00ae Carbon90Plus 13-5-8"},"content":{"rendered":"","protected":false},"excerpt":{"rendered":"<h2><span style=\"font-weight: 400;\">ProPEAT\u00ae Carbon90Plus 13-5-8: Nutrici\u00f3n rica en carbono y revitalizaci\u00f3n del suelo<\/span><\/h2>\n<p><span style=\"font-weight: 400;\">ProPEAT\u00ae Carbon90Plus 13-5-8 es un fertilizante de alto rendimiento a base de turba, presentado en gr\u00e1nulos homog\u00e9neos.<br \/> Esta f\u00f3rmula avanzada integra nitr\u00f3geno, f\u00f3sforo y potasio esenciales con azufre, \u00e1cidos h\u00famicos y \u00e1cidos f\u00falvicos para proporcionar una soluci\u00f3n nutricional completa.<br \/> Al combinar macronutrientes con una fuente de carbono de alta calidad, optimiza tanto el desarrollo de las plantas como la salud del suelo a largo plazo.<br \/><\/span><\/p>\n<p><b>Beneficios clave para la excelencia del cultivo y del suelo<\/b><\/p>\n<ul>\n<li style=\"font-weight: 400;\" aria-level=\"1\"><b>Maximiza el vigor y el crecimiento<\/b><span style=\"font-weight: 400;\">: Aporta NPK de forma eficiente para impulsar mayor desarrollo vegetativo y radicular, y brindar la energ\u00eda que tu cultivo necesita para prosperar.<\/span><\/li>\n<li style=\"font-weight: 400;\" aria-level=\"1\"><b>Potencia la s\u00edntesis esencial<\/b><span style=\"font-weight: 400;\">: Promueve la producci\u00f3n de m\u00e1s prote\u00ednas, auxinas (reguladores de crecimiento), lignina y clorofila para una salud vegetal robusta.<\/span><\/li>\n<li style=\"font-weight: 400;\" aria-level=\"1\"><b>Estructura y aireaci\u00f3n del suelo<\/b><span style=\"font-weight: 400;\">: Act\u00faa como una excelente fuente de carbono que mejora la estructura del suelo al formar agregados, disminuir la compactaci\u00f3n y mejorar la retenci\u00f3n de agua.<\/span><\/li>\n<li style=\"font-weight: 400;\" aria-level=\"1\"><b>Estimulaci\u00f3n biol\u00f3gica<\/b><span style=\"font-weight: 400;\">: Los \u00e1cidos h\u00famicos y f\u00falvicos estimulan la actividad microbiana del suelo y la poblaci\u00f3n de microflora, adem\u00e1s de liberar nutrientes para actuar como complejos naturales.<\/span><\/li>\n<li style=\"font-weight: 400;\" aria-level=\"1\"><b>Soporte ante estr\u00e9s y calidad<\/b><span style=\"font-weight: 400;\">: Aumenta la tolerancia al estr\u00e9s bi\u00f3tico y abi\u00f3tico, logrando una cosecha de mayor calidad de frutas y hortalizas.<\/span><\/li>\n<li style=\"font-weight: 400;\" aria-level=\"1\"><b>Retenci\u00f3n de nutrientes<\/b><span style=\"font-weight: 400;\">: Optimiza la nutrici\u00f3n radicular al retener los nutrientes por m\u00e1s tiempo en el suelo, aumentar la capacidad de intercambio cati\u00f3nico y reducir las p\u00e9rdidas minerales por lixiviaci\u00f3n.<\/span><\/li>\n<\/ul>\n<p><b>La ventaja de movilidad de Keylamax: <\/b><span style=\"font-weight: 400;\">La eficacia de ProPEAT\u00ae 13-5-8 se ve potenciada por el compromiso de Mil Agro con la movilidad de los nutrientes.<br \/> Una vez que los minerales y los \u00e1cidos org\u00e1nicos de los gr\u00e1nulos son asimilados por la planta, la inclusi\u00f3n de complejos naturales asegura que estos puedan desplazarse libremente.<br \/> Al imitar la acci\u00f3n de la tecnolog\u00eda de amino\u00e1cidos, la planta reconoce estos nutrientes como mol\u00e9culas org\u00e1nicas, lo que permite una mayor movilidad de los minerales en el floema, el sistema circulatorio de la planta.<br \/> Esto asegura que el nitr\u00f3geno, el f\u00f3sforo y el potasio se desplacen en todas direcciones a la misma alta velocidad, llegando a los nuevos brotes y a los frutos en desarrollo precisamente cuando la demanda es m\u00e1xima.<br \/><\/span><\/p>\n<p><b>Disponible en sacos de 20 kg (M\u00e9xico) y sacos de 50 lb (EE. UU.).<\/b><\/p>\n","protected":false},"featured_media":649,"comment_status":"open","ping_status":"closed","template":"","meta":[],"product_brand":[],"product_cat":[104,88],"product_tag":[],"class_list":{"0":"post-801","1":"product","2":"type-product","3":"status-publish","4":"has-post-thumbnail","6":"product_cat-comercial-es","7":"product_cat-conventional-es","9":"first","10":"instock","11":"taxable","12":"shipping-taxable","13":"product-type-simple"},"aioseo_notices":[],"_links":{"self":[{"href":"https:\/\/mil-agro-inc.com\/es\/wp-json\/wp\/v2\/product\/801","targetHints":{"allow":["GET"]}}],"collection":[{"href":"https:\/\/mil-agro-inc.com\/es\/wp-json\/wp\/v2\/product"}],"about":[{"href":"https:\/\/mil-agro-inc.com\/es\/wp-json\/wp\/v2\/types\/product"}],"replies":[{"embeddable":true,"href":"https:\/\/mil-agro-inc.com\/es\/wp-json\/wp\/v2\/comments?post=801"}],"version-history":[{"count":3,"href":"https:\/\/mil-agro-inc.com\/es\/wp-json\/wp\/v2\/product\/801\/revisions"}],"predecessor-version":[{"id":1990,"href":"https:\/\/mil-agro-inc.com\/es\/wp-json\/wp\/v2\/product\/801\/revisions\/1990"}],"wp:featuredmedia":[{"embeddable":true,"href":"https:\/\/mil-agro-inc.com\/es\/wp-json\/wp\/v2\/media\/649"}],"wp:attachment":[{"href":"https:\/\/mil-agro-inc.com\/es\/wp-json\/wp\/v2\/media?parent=801"}],"wp:term":[{"taxonomy":"product_brand","embeddable":true,"href":"https:\/\/mil-agro-inc.com\/es\/wp-json\/wp\/v2\/product_brand?post=801"},{"taxonomy":"product_cat","embeddable":true,"href":"https:\/\/mil-agro-inc.com\/es\/wp-json\/wp\/v2\/product_cat?post=801"},{"taxonomy":"product_tag","embeddable":true,"href":"https:\/\/mil-agro-inc.com\/es\/wp-json\/wp\/v2\/product_tag?post=801"}],"curies":[{"name":"wp","href":"https:\/\/api.w.org\/{rel}","templated":true}]}}