{"id":800,"date":"2021-09-18T03:13:47","date_gmt":"2021-09-18T03:13:47","guid":{"rendered":"https:\/\/mil.gravitateframework.com\/product\/cytopower-organico\/"},"modified":"2026-04-01T20:38:00","modified_gmt":"2026-04-01T20:38:00","slug":"cytopower-organico","status":"publish","type":"product","link":"https:\/\/mil-agro-inc.com\/es\/product\/cytopower-organico\/","title":{"rendered":"CytoPower\u00ae Org\u00e1nico"},"content":{"rendered":"<div dir=\"auto\">Bioestimulante vegetal en polvo derivado de extracto de algas y amino\u00e1cidos.<\/div>\n<div dir=\"auto\">Certificado para agricultura org\u00e1nica por OMRI.<\/div>\n<ul>\n<li dir=\"auto\">Estimula la s\u00edntesis de citoquininas, auxinas y giberelinas, amino\u00e1cidos<\/li>\n<li dir=\"auto\">y carbohidratos.<\/li>\n<li dir=\"auto\">Favorece el crecimiento y desarrollo vegetativo de las plantas.<\/li>\n<li dir=\"auto\">Promueve la actividad fotosint\u00e9tica.<\/li>\n<li dir=\"auto\">Incrementa y optimiza los rendimientos en cosechas.<\/li>\n<li dir=\"auto\">Promueve la resistencia de las plantas a plagas y enfermedades.<\/li>\n<li dir=\"auto\">Mejora la tolerancia al estr\u00e9s h\u00eddrico y a condiciones ambientales adversas.<\/li>\n<li dir=\"auto\">Estimula la s\u00edntesis de antioxidantes y carbohidratos.<\/li>\n<\/ul>\n<div dir=\"auto\"><span data-slate-fragment=\"JTVCJTdCJTIyY2hpbGRyZW4lMjIlM0ElNUIlN0IlMjJ0eXBlJTIyJTNBJTIycGFyYWdyYXBoJTIyJTJDJTIyY2hpbGRyZW4lMjIlM0ElNUIlN0IlMjJ0ZXh0JTIyJTNBJTIyQXZhaWxhYmxlJTIwaW4lMjBNZXhpY28lMjBhbmQlMjBDb3N0YSUyMFJpY2ElMkMlMjAxJTIwa2clMjBwcmVzZW50YXRpb24uJTIyJTdEJTVEJTdEJTVEJTdEJTVE\">Available in Mexico and Costa Rica, 1 kg presentation.<\/span><\/div>\n<div dir=\"auto\">Available in the USA, 2 Ibs presentation.<\/div>\n<div dir=\"auto\"><\/div>\n<div dir=\"auto\"><a href=\"https:\/\/mil.gravitateframework.com\/es\/contacto\/\">Para m\u00e1s informaci\u00f3n consulte a un t\u00e9cnico de Mil Agro Inc.<\/a><\/div>\n","protected":false},"excerpt":{"rendered":"<h2><span style=\"font-weight: 400;\">Bioestimulante org\u00e1nico CytoPower: Crecimiento m\u00e1s r\u00e1pido, mayor rendimiento<\/span><\/h2>\n<p><span style=\"font-weight: 400;\">CytoPower es el bioestimulante org\u00e1nico, natural y potente de Mil Agro, derivado de extracto de algas y prote\u00ednas vegetales hidrolizadas. Est\u00e1 dise\u00f1ado para desbloquear el m\u00e1ximo potencial gen\u00e9tico de su planta. <\/span><\/p>\n<h3><span style=\"font-weight: 400;\">Beneficios clave<\/span><\/h3>\n<ul>\n<li style=\"font-weight: 400;\" aria-level=\"1\"><b>Maximice el crecimiento y el rendimiento:<\/b><span style=\"font-weight: 400;\"> Desencadena la m\u00e1xima divisi\u00f3n y elongaci\u00f3n celular, lo que lleva a un crecimiento m\u00e1s r\u00e1pido de la planta y a la producci\u00f3n de m\u00e1s carbohidratos, lo que resulta en frutas y verduras m\u00e1s grandes y dulces.<\/span><\/li>\n<li style=\"font-weight: 400;\" aria-level=\"1\"><b>Aumente la resistencia al estr\u00e9s:<\/b><span style=\"font-weight: 400;\"> Contiene compuestos naturales que ayudan a la planta a resistir y soportar los extremos ambientales, como el fr\u00edo y el calor.<\/span><\/li>\n<li style=\"font-weight: 400;\" aria-level=\"1\"><b>Movilidad total:<\/b><span style=\"font-weight: 400;\"> Proporciona bloques de construcci\u00f3n y energ\u00eda esenciales para optimizar todos los procesos biol\u00f3gicos.<\/span><\/li>\n<\/ul>\n<h3><span style=\"font-weight: 400;\">La poderosa f\u00f3rmula org\u00e1nica<\/span><\/h3>\n<p><span style=\"font-weight: 400;\">Nuestra f\u00f3rmula patentada utiliza tres ingredientes esenciales:<\/span><\/p>\n<ul>\n<li style=\"font-weight: 400;\" aria-level=\"1\"><b>Extracto de algas marinas (<\/b><b><i>Ascophyllum nodosum<\/i><\/b><b>):<\/b><span style=\"font-weight: 400;\"> Cosechado en el severo Atl\u00e1ntico Norte, los compuestos desencadenan las mismas respuestas robustas de supervivencia y crecimiento en sus cultivos.<\/span><\/li>\n<li style=\"font-weight: 400;\" aria-level=\"1\"><b>Prote\u00ednas vegetales hidrolizadas (polip\u00e9ptidos):<\/b><span style=\"font-weight: 400;\"> Proporciona amino\u00e1cidos naturales, los componentes b\u00e1sicos de la vida, que se absorben f\u00e1cilmente para ayudar a la planta a \u00abhacer el trabajo\u00bb.<\/span><\/li>\n<li style=\"font-weight: 400;\" aria-level=\"1\"><b>Az\u00facares complejos:<\/b><span style=\"font-weight: 400;\"> Suministra la energ\u00eda almacenada necesaria para impulsar todos los procesos biol\u00f3gicos y el m\u00e1ximo crecimiento.<\/span><\/li>\n<\/ul>\n<p><span style=\"font-weight: 400;\">Disponible en 2 lb, 1 kg, 50 lb y 25 kg.<\/span><\/p>\n","protected":false},"featured_media":680,"comment_status":"open","ping_status":"closed","template":"","meta":[],"product_brand":[],"product_cat":[104,90],"product_tag":[91],"class_list":{"0":"post-800","1":"product","2":"type-product","3":"status-publish","4":"has-post-thumbnail","6":"product_cat-comercial-es","7":"product_cat-organic-es","8":"product_tag-keylamax-organic-soluble-powder-es","10":"first","11":"instock","12":"taxable","13":"shipping-taxable","14":"product-type-simple"},"aioseo_notices":[],"_links":{"self":[{"href":"https:\/\/mil-agro-inc.com\/es\/wp-json\/wp\/v2\/product\/800","targetHints":{"allow":["GET"]}}],"collection":[{"href":"https:\/\/mil-agro-inc.com\/es\/wp-json\/wp\/v2\/product"}],"about":[{"href":"https:\/\/mil-agro-inc.com\/es\/wp-json\/wp\/v2\/types\/product"}],"replies":[{"embeddable":true,"href":"https:\/\/mil-agro-inc.com\/es\/wp-json\/wp\/v2\/comments?post=800"}],"version-history":[{"count":3,"href":"https:\/\/mil-agro-inc.com\/es\/wp-json\/wp\/v2\/product\/800\/revisions"}],"predecessor-version":[{"id":2008,"href":"https:\/\/mil-agro-inc.com\/es\/wp-json\/wp\/v2\/product\/800\/revisions\/2008"}],"wp:featuredmedia":[{"embeddable":true,"href":"https:\/\/mil-agro-inc.com\/es\/wp-json\/wp\/v2\/media\/680"}],"wp:attachment":[{"href":"https:\/\/mil-agro-inc.com\/es\/wp-json\/wp\/v2\/media?parent=800"}],"wp:term":[{"taxonomy":"product_brand","embeddable":true,"href":"https:\/\/mil-agro-inc.com\/es\/wp-json\/wp\/v2\/product_brand?post=800"},{"taxonomy":"product_cat","embeddable":true,"href":"https:\/\/mil-agro-inc.com\/es\/wp-json\/wp\/v2\/product_cat?post=800"},{"taxonomy":"product_tag","embeddable":true,"href":"https:\/\/mil-agro-inc.com\/es\/wp-json\/wp\/v2\/product_tag?post=800"}],"curies":[{"name":"wp","href":"https:\/\/api.w.org\/{rel}","templated":true}]}}