{"id":799,"date":"2021-09-18T03:13:47","date_gmt":"2021-09-18T03:13:47","guid":{"rendered":"https:\/\/mil.gravitateframework.com\/product\/fosfito-keylamax-0-35-23\/"},"modified":"2026-04-01T20:30:34","modified_gmt":"2026-04-01T20:30:34","slug":"fosfito-keylamax-0-35-23","status":"publish","type":"product","link":"https:\/\/mil-agro-inc.com\/es\/product\/fosfito-keylamax-0-35-23\/","title":{"rendered":"Fosfito Keylamax\u00ae 0-35-23"},"content":{"rendered":"","protected":false},"excerpt":{"rendered":"<h2><span style=\"font-weight: 400;\">Keylamax\u00ae Fosfito 0-35-23: Defensa Avanzada &amp; Resiliencia Sist\u00e9mica<\/span><\/h2>\n<p><span style=\"font-weight: 400;\">Keylamax\u00ae Fosfito 0-35-23 es un bioestimulante l\u00edquido especializado derivado del \u00e1cido fosforoso e hidr\u00f3xido de potasio. A diferencia de los fertilizantes tradicionales, esta f\u00f3rmula est\u00e1 dise\u00f1ada para activar los mecanismos de defensa naturales de la planta mientras aporta una nutrici\u00f3n pot\u00e1sica de alta eficiencia. Es una herramienta potente para agricultores que buscan mejorar la salud del cultivo y su tolerancia a desaf\u00edos ambientales sin el uso de \u00e1cido fosf\u00f3rico.  <\/span><\/p>\n<p><b>Beneficios Clave para la Defensa y Vigor del Cultivo<\/b><\/p>\n<ul>\n<li style=\"font-weight: 400;\" aria-level=\"1\"><b>Aumenta la Tolerancia al Estr\u00e9s Abi\u00f3tico<\/b><span style=\"font-weight: 400;\">: Fortalece la capacidad de la planta para soportar extremos ambientales como calor, fr\u00edo y sequ\u00eda.<\/span><\/li>\n<li style=\"font-weight: 400;\" aria-level=\"1\"><b>Acci\u00f3n Protectora de Amplio Espectro<\/b><span style=\"font-weight: 400;\">: Act\u00faa espec\u00edficamente sobre Oomicetos, incluyendo <\/span><i><span style=\"font-weight: 400;\">Phytophthora<\/span><\/i><span style=\"font-weight: 400;\">, <\/span><i><span style=\"font-weight: 400;\">Pythium<\/span><\/i><span style=\"font-weight: 400;\">, <\/span><i><span style=\"font-weight: 400;\">Peronospora<\/span><\/i><span style=\"font-weight: 400;\"> y <\/span><i><span style=\"font-weight: 400;\">Plasmopara<\/span><\/i><span style=\"font-weight: 400;\">.<\/span><\/li>\n<li style=\"font-weight: 400;\" aria-level=\"1\"><b>Efecto Bactericida Dirigido<\/b><span style=\"font-weight: 400;\">: Proporciona defensa contra amenazas bacterianas comunes como <\/span><i><span style=\"font-weight: 400;\">Pseudomonas<\/span><\/i><span style=\"font-weight: 400;\">, <\/span><i><span style=\"font-weight: 400;\">Ralstonia<\/span><\/i><span style=\"font-weight: 400;\">, <\/span><i><span style=\"font-weight: 400;\">Erwinia<\/span><\/i><span style=\"font-weight: 400;\"> y <\/span><i><span style=\"font-weight: 400;\">Xanthomonas<\/span><\/i><span style=\"font-weight: 400;\">.<\/span><\/li>\n<li style=\"font-weight: 400;\" aria-level=\"1\"><b>Aporte Esencial de Potasio<\/b><span style=\"font-weight: 400;\">: Suministra una alta concentraci\u00f3n de potasio para regular el movimiento del agua, mejorar la calidad de la fruta y apoyar las funciones metab\u00f3licas.<\/span><\/li>\n<li style=\"font-weight: 400;\" aria-level=\"1\"><b>Herramienta de Ajuste R\u00e1pido<\/b><span style=\"font-weight: 400;\">: Permite a los agricultores intervenir r\u00e1pidamente durante etapas cr\u00edticas de crecimiento o per\u00edodos de alta presi\u00f3n de enfermedades para prevenir p\u00e9rdidas de rendimiento.<\/span><\/li>\n<\/ul>\n<p><b>La ventaja de movilidad de Keylamax:<\/b><span style=\"font-weight: 400;\"> La mol\u00e9cula de fosfito en esta f\u00f3rmula es excepcionalmente m\u00f3vil, desplaz\u00e1ndose tanto a trav\u00e9s del xilema como del floema (el sistema circulatorio de la planta) con una velocidad inigualable. En combinaci\u00f3n con la tecnolog\u00eda sist\u00e9mica de Mil Agro, los nutrientes y compuestos protectores se desplazan en todas direcciones \u2014desde las hojas viejas hacia los nuevos brotes, los frutos y las ra\u00edces\u2014 a la misma elevada velocidad que el nitr\u00f3geno. Esta movilidad total garantiza que cada parte de la planta se encuentre protegida y nutrida, brindando una protecci\u00f3n sist\u00e9mica que las aplicaciones tradicionales al suelo o foliares no pueden igualar. <\/span><\/p>\n<p><b>Disponible en presentaci\u00f3n de 1 litro (Disponible en M\u00e9xico; No disponible en EE. UU.).<\/b><span style=\"font-weight: 400;\"> <\/span><\/p>\n<p><b>Para m\u00e1s informaci\u00f3n o para adquirir productos comerciales, consulte a un t\u00e9cnico de Mil Agro Inc.<\/b><\/p>\n","protected":false},"featured_media":647,"comment_status":"open","ping_status":"closed","template":"","meta":[],"product_brand":[],"product_cat":[104,88],"product_tag":[89],"class_list":{"0":"post-799","1":"product","2":"type-product","3":"status-publish","4":"has-post-thumbnail","6":"product_cat-comercial-es","7":"product_cat-conventional-es","8":"product_tag-keylamax-conventional-liquids-es","10":"first","11":"instock","12":"taxable","13":"shipping-taxable","14":"product-type-simple"},"aioseo_notices":[],"_links":{"self":[{"href":"https:\/\/mil-agro-inc.com\/es\/wp-json\/wp\/v2\/product\/799","targetHints":{"allow":["GET"]}}],"collection":[{"href":"https:\/\/mil-agro-inc.com\/es\/wp-json\/wp\/v2\/product"}],"about":[{"href":"https:\/\/mil-agro-inc.com\/es\/wp-json\/wp\/v2\/types\/product"}],"replies":[{"embeddable":true,"href":"https:\/\/mil-agro-inc.com\/es\/wp-json\/wp\/v2\/comments?post=799"}],"version-history":[{"count":2,"href":"https:\/\/mil-agro-inc.com\/es\/wp-json\/wp\/v2\/product\/799\/revisions"}],"predecessor-version":[{"id":2002,"href":"https:\/\/mil-agro-inc.com\/es\/wp-json\/wp\/v2\/product\/799\/revisions\/2002"}],"wp:featuredmedia":[{"embeddable":true,"href":"https:\/\/mil-agro-inc.com\/es\/wp-json\/wp\/v2\/media\/647"}],"wp:attachment":[{"href":"https:\/\/mil-agro-inc.com\/es\/wp-json\/wp\/v2\/media?parent=799"}],"wp:term":[{"taxonomy":"product_brand","embeddable":true,"href":"https:\/\/mil-agro-inc.com\/es\/wp-json\/wp\/v2\/product_brand?post=799"},{"taxonomy":"product_cat","embeddable":true,"href":"https:\/\/mil-agro-inc.com\/es\/wp-json\/wp\/v2\/product_cat?post=799"},{"taxonomy":"product_tag","embeddable":true,"href":"https:\/\/mil-agro-inc.com\/es\/wp-json\/wp\/v2\/product_tag?post=799"}],"curies":[{"name":"wp","href":"https:\/\/api.w.org\/{rel}","templated":true}]}}