{"id":798,"date":"2021-09-18T03:13:47","date_gmt":"2021-09-18T03:13:47","guid":{"rendered":"https:\/\/mil.gravitateframework.com\/product\/phosul-0-16-0-4s\/"},"modified":"2026-04-01T20:12:44","modified_gmt":"2026-04-01T20:12:44","slug":"phosul-0-16-0-4s","status":"publish","type":"product","link":"https:\/\/mil-agro-inc.com\/es\/product\/phosul-0-16-0-4s\/","title":{"rendered":"PhoSul\u00ae 0-16-0 \/ 4S"},"content":{"rendered":"","protected":false},"excerpt":{"rendered":"<h3><b>PhoSul\u00ae 0-16-0 \/ 4S: Liberaci\u00f3n Continua y Poder Mineral Esencial<\/b><\/h3>\n<p><span style=\"font-weight: 400;\">PhoSul\u00ae es un fertilizante de alta eficiencia que proporciona una liberaci\u00f3n continua de f\u00f3sforo a trav\u00e9s de un proceso org\u00e1nico natural certificado por OMRI. Al suministrar f\u00f3sforo, calcio, silicio y azufre en una sola aplicaci\u00f3n, PhoSul\u00ae optimiza la nutrici\u00f3n radicular y mantiene la disponibilidad de nutrientes en el suelo por per\u00edodos m\u00e1s prolongados. Esta f\u00f3rmula avanzada no depende de un recubrimiento para liberar nutrientes, asegurando el m\u00e1ximo aprovechamiento mineral al proporcionar el pH adecuado en la soluci\u00f3n nutritiva.  <\/span><\/p>\n<p><b>Beneficios Clave para el Suelo y el Rendimiento del Cultivo<\/b><\/p>\n<ul>\n<li style=\"font-weight: 400;\" aria-level=\"1\"><b>Optimiza la Nutrici\u00f3n Radicular<\/b><span style=\"font-weight: 400;\">: Proporciona m\u00e1s energ\u00eda y vigor a los cultivos mientras impulsa un mayor desarrollo radicular.<\/span><\/li>\n<li style=\"font-weight: 400;\" aria-level=\"1\"><b>Liberaci\u00f3n Continua de F\u00f3sforo<\/b><span style=\"font-weight: 400;\">: Retiene los nutrientes en el suelo por m\u00e1s tiempo sin p\u00e9rdidas por lixiviaci\u00f3n.<\/span><\/li>\n<li style=\"font-weight: 400;\" aria-level=\"1\"><b>Defensa Vegetal Mejorada<\/b><span style=\"font-weight: 400;\">: Aumenta la resistencia a pat\u00f3genos y estr\u00e9s ambiental.<\/span><\/li>\n<li style=\"font-weight: 400;\" aria-level=\"1\"><b>Mejora la Calidad de la Cosecha<\/b><span style=\"font-weight: 400;\">: Conduce a una cosecha de mayor calidad mediante una mayor s\u00edntesis de amino\u00e1cidos y prote\u00ednas vegetales.<\/span><\/li>\n<li style=\"font-weight: 400;\" aria-level=\"1\"><b>Soporte para la Salud del Suelo<\/b><span style=\"font-weight: 400;\">: Aumenta la capacidad de intercambio cati\u00f3nico del suelo, mejorando la fertilidad general.<\/span><\/li>\n<\/ul>\n<p><b>La ventaja de movilidad de Keylamax:<\/b><span style=\"font-weight: 400;\"> Si bien PhoSul\u00ae se centra en la nutrici\u00f3n fundamental del suelo y las ra\u00edces, su eficacia se complementa con la tecnolog\u00eda sist\u00e9mica de Mil Agro. Una vez que la planta ha asimilado los nutrientes, la tecnolog\u00eda de amino\u00e1cidos garantiza que estos puedan desplazarse libremente a trav\u00e9s del floema (el sistema circulatorio de la planta). Al complejar los minerales con amino\u00e1cidos, la planta reconoce los nutrientes como prote\u00ednas o az\u00facares naturales, lo que les permite movilizarse en todas direcciones \u2014desde las ra\u00edces hacia los nuevos brotes y los frutos\u2014 a la misma elevada velocidad que el nitr\u00f3geno. Esto asegura que los minerales esenciales aportados por PhoSul\u00ae lleguen a las zonas de mayor demanda precisamente en el momento en que son requeridos.<br \/>  <\/span><\/p>\n<p><b>Disponible en bolsas de 20 kg (M\u00e9xico) y bolsas de 50 lb (EE. UU.).<\/b><\/p>\n<p>&nbsp;<\/p>\n","protected":false},"featured_media":648,"comment_status":"open","ping_status":"closed","template":"","meta":[],"product_brand":[],"product_cat":[104,90],"product_tag":[],"class_list":{"0":"post-798","1":"product","2":"type-product","3":"status-publish","4":"has-post-thumbnail","6":"product_cat-comercial-es","7":"product_cat-organic-es","9":"first","10":"instock","11":"taxable","12":"shipping-taxable","13":"product-type-simple"},"aioseo_notices":[],"_links":{"self":[{"href":"https:\/\/mil-agro-inc.com\/es\/wp-json\/wp\/v2\/product\/798","targetHints":{"allow":["GET"]}}],"collection":[{"href":"https:\/\/mil-agro-inc.com\/es\/wp-json\/wp\/v2\/product"}],"about":[{"href":"https:\/\/mil-agro-inc.com\/es\/wp-json\/wp\/v2\/types\/product"}],"replies":[{"embeddable":true,"href":"https:\/\/mil-agro-inc.com\/es\/wp-json\/wp\/v2\/comments?post=798"}],"version-history":[{"count":4,"href":"https:\/\/mil-agro-inc.com\/es\/wp-json\/wp\/v2\/product\/798\/revisions"}],"predecessor-version":[{"id":1989,"href":"https:\/\/mil-agro-inc.com\/es\/wp-json\/wp\/v2\/product\/798\/revisions\/1989"}],"wp:featuredmedia":[{"embeddable":true,"href":"https:\/\/mil-agro-inc.com\/es\/wp-json\/wp\/v2\/media\/648"}],"wp:attachment":[{"href":"https:\/\/mil-agro-inc.com\/es\/wp-json\/wp\/v2\/media?parent=798"}],"wp:term":[{"taxonomy":"product_brand","embeddable":true,"href":"https:\/\/mil-agro-inc.com\/es\/wp-json\/wp\/v2\/product_brand?post=798"},{"taxonomy":"product_cat","embeddable":true,"href":"https:\/\/mil-agro-inc.com\/es\/wp-json\/wp\/v2\/product_cat?post=798"},{"taxonomy":"product_tag","embeddable":true,"href":"https:\/\/mil-agro-inc.com\/es\/wp-json\/wp\/v2\/product_tag?post=798"}],"curies":[{"name":"wp","href":"https:\/\/api.w.org\/{rel}","templated":true}]}}