{"id":797,"date":"2021-09-18T03:13:25","date_gmt":"2021-09-18T03:13:25","guid":{"rendered":"https:\/\/mil.gravitateframework.com\/product\/keylamax-nitropower-organico-16-0-0\/"},"modified":"2026-04-01T20:20:15","modified_gmt":"2026-04-01T20:20:15","slug":"keylamax-nitropower-organico-16-0-0","status":"publish","type":"product","link":"https:\/\/mil-agro-inc.com\/es\/product\/keylamax-nitropower-organico-16-0-0\/","title":{"rendered":"Keylamax\u00ae NitroPower Org\u00e1nico 16-0-0"},"content":{"rendered":"","protected":false},"excerpt":{"rendered":"<h2><span style=\"font-weight: 400;\">Nitr\u00f3geno org\u00e1nico y fuente de energ\u00eda vital<\/span><\/h2>\n<p><span style=\"font-weight: 400;\">Keylamax\u00ae NitroPower Organic 16-0-0 es un fertilizante foliar en polvo premium con certificaci\u00f3n OMRI, derivado de un complejo altamente concentrado de amino\u00e1cidos nitrogenados. Esta f\u00f3rmula especializada ofrece a los productores org\u00e1nicos una soluci\u00f3n de doble acci\u00f3n: apoyo nutricional inmediato y un potente bioestimulante para maximizar el potencial gen\u00e9tico. <\/span><\/p>\n<h3><span style=\"font-weight: 400;\">Beneficios clave para el crecimiento y la resiliencia<\/span><\/h3>\n<ul>\n<li style=\"font-weight: 400;\" aria-level=\"1\">Entrega directa al floema: proporciona nitr\u00f3geno y amino\u00e1cidos (los componentes b\u00e1sicos de la vida) directamente al sistema circulatorio de la planta para su r\u00e1pida utilizaci\u00f3n.<\/li>\n<li style=\"font-weight: 400;\" aria-level=\"1\">Bioestimulante de alta eficiencia: funciona como un potente bioestimulante y agente antiestr\u00e9s para ayudar a los cultivos a soportar extremos ambientales como el calor y el fr\u00edo.<\/li>\n<li style=\"font-weight: 400;\" aria-level=\"1\">Rico en carbono org\u00e1nico: contiene un alto contenido de carbono org\u00e1nico, que es esencial para las interacciones saludables entre el suelo y los microbios y el vigor general de la planta.<\/li>\n<li style=\"font-weight: 400;\" aria-level=\"1\">Aumenta la fotos\u00edntesis: Favorece la formaci\u00f3n de fotosintatos, mejorando la capacidad de la planta para producir la energ\u00eda necesaria para el crecimiento.<\/li>\n<li style=\"font-weight: 400;\" aria-level=\"1\">Aplicaci\u00f3n vers\u00e1til: dise\u00f1ado para un m\u00e1ximo rendimiento tanto en aplicaciones foliares como en suelo.<\/li>\n<\/ul>\n<p><b>La ventaja de la movilidad org\u00e1nica:<\/b><span style=\"font-weight: 400;\"> Mientras que el nitr\u00f3geno tradicional suele ser altamente m\u00f3vil, Keylamax\u00ae NitroPower Organic utiliza tecnolog\u00eda de amino\u00e1cidos para transportar nutrientes con una velocidad inigualable. Dado que el nitr\u00f3geno se encuentra complejado con amino\u00e1cidos, la planta reconoce la mol\u00e9cula completa como una prote\u00edna o un az\u00facar natural. Esto permite que el nitr\u00f3geno y los amino\u00e1cidos \u2014ricos en energ\u00eda\u2014 se desplacen r\u00e1pidamente en todas direcciones a trav\u00e9s del floema (el sistema circulatorio de la planta), asegurando un soporte inmediato para el nuevo crecimiento, las ra\u00edces y los frutos en desarrollo. <\/span><\/p>\n","protected":false},"featured_media":672,"comment_status":"open","ping_status":"closed","template":"","meta":[],"product_brand":[],"product_cat":[104,90],"product_tag":[91],"class_list":{"0":"post-797","1":"product","2":"type-product","3":"status-publish","4":"has-post-thumbnail","6":"product_cat-comercial-es","7":"product_cat-organic-es","8":"product_tag-keylamax-organic-soluble-powder-es","10":"first","11":"instock","12":"taxable","13":"shipping-taxable","14":"product-type-simple"},"aioseo_notices":[],"_links":{"self":[{"href":"https:\/\/mil-agro-inc.com\/es\/wp-json\/wp\/v2\/product\/797","targetHints":{"allow":["GET"]}}],"collection":[{"href":"https:\/\/mil-agro-inc.com\/es\/wp-json\/wp\/v2\/product"}],"about":[{"href":"https:\/\/mil-agro-inc.com\/es\/wp-json\/wp\/v2\/types\/product"}],"replies":[{"embeddable":true,"href":"https:\/\/mil-agro-inc.com\/es\/wp-json\/wp\/v2\/comments?post=797"}],"version-history":[{"count":2,"href":"https:\/\/mil-agro-inc.com\/es\/wp-json\/wp\/v2\/product\/797\/revisions"}],"predecessor-version":[{"id":1995,"href":"https:\/\/mil-agro-inc.com\/es\/wp-json\/wp\/v2\/product\/797\/revisions\/1995"}],"wp:featuredmedia":[{"embeddable":true,"href":"https:\/\/mil-agro-inc.com\/es\/wp-json\/wp\/v2\/media\/672"}],"wp:attachment":[{"href":"https:\/\/mil-agro-inc.com\/es\/wp-json\/wp\/v2\/media?parent=797"}],"wp:term":[{"taxonomy":"product_brand","embeddable":true,"href":"https:\/\/mil-agro-inc.com\/es\/wp-json\/wp\/v2\/product_brand?post=797"},{"taxonomy":"product_cat","embeddable":true,"href":"https:\/\/mil-agro-inc.com\/es\/wp-json\/wp\/v2\/product_cat?post=797"},{"taxonomy":"product_tag","embeddable":true,"href":"https:\/\/mil-agro-inc.com\/es\/wp-json\/wp\/v2\/product_tag?post=797"}],"curies":[{"name":"wp","href":"https:\/\/api.w.org\/{rel}","templated":true}]}}