{"id":796,"date":"2021-09-18T03:13:24","date_gmt":"2021-09-18T03:13:24","guid":{"rendered":"https:\/\/mil.gravitateframework.com\/product\/keylamax-calcio-organico\/"},"modified":"2026-04-01T20:26:17","modified_gmt":"2026-04-01T20:26:17","slug":"keylamax-calcio-organico","status":"publish","type":"product","link":"https:\/\/mil-agro-inc.com\/es\/product\/keylamax-calcio-organico\/","title":{"rendered":"Keylamax\u00ae Calcio Org\u00e1nico"},"content":{"rendered":"","protected":false},"excerpt":{"rendered":"<h2><span style=\"font-weight: 400;\">Keylamax\u00ae Calcio Organic: Calidad org\u00e1nica, movilidad inigualable<\/span><\/h2>\n<p><span style=\"font-weight: 400;\">Keylamax\u00ae Calcio Organic es un fertilizante foliar en polvo de primera calidad, con certificaci\u00f3n OMRI, derivado de un quelato de amino\u00e1cidos de calcio altamente eficaz. Es la herramienta esencial para los productores org\u00e1nicos que necesitan suministrar calcio m\u00f3vil para maximizar la calidad, la estructura y la vida \u00fatil de la fruta.<\/span><\/p>\n<h3><span style=\"font-weight: 400;\">Beneficios clave para la producci\u00f3n org\u00e1nica<\/span><\/h3>\n<p><span style=\"font-weight: 400;\">El calcio es fundamental para la integridad celular, pero es uno de los nutrientes de movimiento m\u00e1s lento en la planta. La tecnolog\u00eda Keylamax garantiza que el calcio llegue r\u00e1pidamente a la fruta en desarrollo, proporcionando:<\/span><\/p>\n<ul>\n<li style=\"font-weight: 400;\" aria-level=\"1\"><b>Calidad superior y vida \u00fatil:<\/b><span style=\"font-weight: 400;\"> Aumenta el peso, la resistencia y la firmeza de las frutas. Al fortalecer la estructura de la pared celular, extiende activamente la vida \u00fatil post-cosecha de la fruta.<\/span><\/li>\n<li style=\"font-weight: 400;\" aria-level=\"1\"><b>Cuajado \u00f3ptimo de la fruta:<\/b><span style=\"font-weight: 400;\"> Disminuye la abscisi\u00f3n de las flores (ca\u00edda de las flores) y promueve el alargamiento celular.<\/span><\/li>\n<li style=\"font-weight: 400;\" aria-level=\"1\"><b>Salud de la planta:<\/b> <span style=\"font-weight: 400;\">Fortalece la estructura de la pared celular y participa en la regulaci\u00f3n estom\u00e1tica.<\/span><\/li>\n<\/ul>\n<h3><span style=\"font-weight: 400;\">La ventaja de la movilidad org\u00e1nica de Keylamax<\/span><\/h3>\n<p><span style=\"font-weight: 400;\">La tecnolog\u00eda de quelaci\u00f3n de amino\u00e1cidos de Keylamax es vital para la entrega de calcio. El calcio es pr\u00e1cticamente inm\u00f3vil en la planta, movi\u00e9ndose hasta 20 veces m\u00e1s lento que el nitr\u00f3geno. Al unir el calcio a un amino\u00e1cido, la planta reconoce el complejo como una prote\u00edna o az\u00facar natural.<\/span><\/p>\n<p><span style=\"font-weight: 400;\">Esta soluci\u00f3n org\u00e1nica asegura que el calcio sea:<\/span><\/p>\n<ul>\n<li style=\"font-weight: 400;\" aria-level=\"1\"><b>R\u00e1pidamente absorbido:<\/b> <span style=\"font-weight: 400;\">Penetra la superficie de la hoja.<\/span><\/li>\n<li style=\"font-weight: 400;\" aria-level=\"1\"><b>Totalmente m\u00f3vil:<\/b><span style=\"font-weight: 400;\"> Viaja r\u00e1pidamente y en todas las direcciones a trav\u00e9s del floema (el sistema circulatorio de la planta), asegurando que este nutriente estructural cr\u00edtico llegue al nuevo crecimiento y al desarrollo de la fruta donde m\u00e1s se necesita.<\/span><\/li>\n<\/ul>\n<p><span style=\"font-weight: 400;\">Disponible en 2 lb, 1 kg, 44 lb y 20 kg.<\/span><\/p>\n","protected":false},"featured_media":683,"comment_status":"open","ping_status":"closed","template":"","meta":[],"product_brand":[],"product_cat":[104,90],"product_tag":[91],"class_list":{"0":"post-796","1":"product","2":"type-product","3":"status-publish","4":"has-post-thumbnail","6":"product_cat-comercial-es","7":"product_cat-organic-es","8":"product_tag-keylamax-organic-soluble-powder-es","10":"first","11":"instock","12":"taxable","13":"shipping-taxable","14":"product-type-simple"},"aioseo_notices":[],"_links":{"self":[{"href":"https:\/\/mil-agro-inc.com\/es\/wp-json\/wp\/v2\/product\/796","targetHints":{"allow":["GET"]}}],"collection":[{"href":"https:\/\/mil-agro-inc.com\/es\/wp-json\/wp\/v2\/product"}],"about":[{"href":"https:\/\/mil-agro-inc.com\/es\/wp-json\/wp\/v2\/types\/product"}],"replies":[{"embeddable":true,"href":"https:\/\/mil-agro-inc.com\/es\/wp-json\/wp\/v2\/comments?post=796"}],"version-history":[{"count":2,"href":"https:\/\/mil-agro-inc.com\/es\/wp-json\/wp\/v2\/product\/796\/revisions"}],"predecessor-version":[{"id":1562,"href":"https:\/\/mil-agro-inc.com\/es\/wp-json\/wp\/v2\/product\/796\/revisions\/1562"}],"wp:featuredmedia":[{"embeddable":true,"href":"https:\/\/mil-agro-inc.com\/es\/wp-json\/wp\/v2\/media\/683"}],"wp:attachment":[{"href":"https:\/\/mil-agro-inc.com\/es\/wp-json\/wp\/v2\/media?parent=796"}],"wp:term":[{"taxonomy":"product_brand","embeddable":true,"href":"https:\/\/mil-agro-inc.com\/es\/wp-json\/wp\/v2\/product_brand?post=796"},{"taxonomy":"product_cat","embeddable":true,"href":"https:\/\/mil-agro-inc.com\/es\/wp-json\/wp\/v2\/product_cat?post=796"},{"taxonomy":"product_tag","embeddable":true,"href":"https:\/\/mil-agro-inc.com\/es\/wp-json\/wp\/v2\/product_tag?post=796"}],"curies":[{"name":"wp","href":"https:\/\/api.w.org\/{rel}","templated":true}]}}