{"id":795,"date":"2021-09-18T03:13:24","date_gmt":"2021-09-18T03:13:24","guid":{"rendered":"https:\/\/mil.gravitateframework.com\/product\/keylamax-cobre-organico\/"},"modified":"2026-04-01T20:25:00","modified_gmt":"2026-04-01T20:25:00","slug":"keylamax-cobre-organico","status":"publish","type":"product","link":"https:\/\/mil-agro-inc.com\/es\/product\/keylamax-cobre-organico\/","title":{"rendered":"Keylamax\u00ae Cobre Org\u00e1nico"},"content":{"rendered":"","protected":false},"excerpt":{"rendered":"<h2><span style=\"font-weight: 400;\">Intensificador org\u00e1nico de la fuerza y calidad inmunol\u00f3gica<\/span><\/h2>\n<p><span style=\"font-weight: 400;\">Keylamax\u00ae Copper Organic es un fertilizante foliar en polvo de primera calidad, con certificaci\u00f3n OMRI, derivado de un quelato de amino\u00e1cidos de cobre altamente eficaz. Dise\u00f1ado para una biodisponibilidad y movilidad m\u00e1ximas, es una herramienta esencial para que los productores org\u00e1nicos suministren cobre, un nutriente crucial para la resistencia a las enfermedades, directamente donde la planta m\u00e1s lo necesita. <\/span><\/p>\n<h3><span style=\"font-weight: 400;\">Beneficios Clave para la Defensa y Est\u00e9tica de las Plantas<\/span><\/h3>\n<ul>\n<li style=\"font-weight: 400;\" aria-level=\"1\"><b>Mejora del sistema inmunol\u00f3gico<\/b><span style=\"font-weight: 400;\">: Fortalece activamente el sistema inmunol\u00f3gico natural de la planta y estimula la s\u00edntesis de fitoalexinas, que son compuestos de defensa cr\u00edticos.<\/span><\/li>\n<li style=\"font-weight: 400;\" aria-level=\"1\"><b>Integridad estructural<\/b><span style=\"font-weight: 400;\">: Promueve la s\u00edntesis de lignina, contribuyendo al desarrollo de tejidos vegetales m\u00e1s fuertes y r\u00edgidos.<\/span><\/li>\n<li style=\"font-weight: 400;\" aria-level=\"1\"><b>S\u00edntesis de prote\u00ednas esenciales<\/b><span style=\"font-weight: 400;\">: Facilita la producci\u00f3n de prote\u00ednas esenciales necesarias para un crecimiento y una funci\u00f3n metab\u00f3lica \u00f3ptimos.<\/span><\/li>\n<li style=\"font-weight: 400;\" aria-level=\"1\"><b>Calidad de cultivo mejorada<\/b><span style=\"font-weight: 400;\">: Mejora la intensidad del color y el sabor en frutas, verduras y flores cortadas, lo que garantiza una cosecha de primera calidad.<\/span><\/li>\n<li style=\"font-weight: 400;\" aria-level=\"1\"><b>Asimilaci\u00f3n r\u00e1pida<\/b><span style=\"font-weight: 400;\">: La tecnolog\u00eda de quelaci\u00f3n de amino\u00e1cidos permite una penetraci\u00f3n m\u00e1s r\u00e1pida de la superficie de la hoja en comparaci\u00f3n con los fertilizantes tradicionales.<\/span><\/li>\n<\/ul>\n<p><b>La ventaja de la movilidad org\u00e1nica:<\/b><span style=\"font-weight: 400;\"> El cobre es, por naturaleza, un elemento inm\u00f3vil; una vez que llega a una hoja, tiende a permanecer all\u00ed, lo que dificulta el suministro al nuevo crecimiento o a los frutos en desarrollo. La tecnolog\u00eda de amino\u00e1cidos de Mil Agro supera este obst\u00e1culo al fijar el mineral de cobre, logrando que la planta reconozca el complejo como una mol\u00e9cula org\u00e1nica natural, similar a una prote\u00edna o un az\u00facar. Este \u00abcamuflaje\u00bb permite que el cobre se desplace r\u00e1pidamente en todas direcciones a trav\u00e9s del floema \u2014el sistema circulatorio de la planta\u2014, a la misma elevada velocidad que el nitr\u00f3geno y los az\u00facares.<br \/> <\/span><\/p>\n","protected":false},"featured_media":681,"comment_status":"open","ping_status":"closed","template":"","meta":[],"product_brand":[],"product_cat":[104,90],"product_tag":[91],"class_list":{"0":"post-795","1":"product","2":"type-product","3":"status-publish","4":"has-post-thumbnail","6":"product_cat-comercial-es","7":"product_cat-organic-es","8":"product_tag-keylamax-organic-soluble-powder-es","10":"first","11":"instock","12":"taxable","13":"shipping-taxable","14":"product-type-simple"},"aioseo_notices":[],"_links":{"self":[{"href":"https:\/\/mil-agro-inc.com\/es\/wp-json\/wp\/v2\/product\/795","targetHints":{"allow":["GET"]}}],"collection":[{"href":"https:\/\/mil-agro-inc.com\/es\/wp-json\/wp\/v2\/product"}],"about":[{"href":"https:\/\/mil-agro-inc.com\/es\/wp-json\/wp\/v2\/types\/product"}],"replies":[{"embeddable":true,"href":"https:\/\/mil-agro-inc.com\/es\/wp-json\/wp\/v2\/comments?post=795"}],"version-history":[{"count":3,"href":"https:\/\/mil-agro-inc.com\/es\/wp-json\/wp\/v2\/product\/795\/revisions"}],"predecessor-version":[{"id":2001,"href":"https:\/\/mil-agro-inc.com\/es\/wp-json\/wp\/v2\/product\/795\/revisions\/2001"}],"wp:featuredmedia":[{"embeddable":true,"href":"https:\/\/mil-agro-inc.com\/es\/wp-json\/wp\/v2\/media\/681"}],"wp:attachment":[{"href":"https:\/\/mil-agro-inc.com\/es\/wp-json\/wp\/v2\/media?parent=795"}],"wp:term":[{"taxonomy":"product_brand","embeddable":true,"href":"https:\/\/mil-agro-inc.com\/es\/wp-json\/wp\/v2\/product_brand?post=795"},{"taxonomy":"product_cat","embeddable":true,"href":"https:\/\/mil-agro-inc.com\/es\/wp-json\/wp\/v2\/product_cat?post=795"},{"taxonomy":"product_tag","embeddable":true,"href":"https:\/\/mil-agro-inc.com\/es\/wp-json\/wp\/v2\/product_tag?post=795"}],"curies":[{"name":"wp","href":"https:\/\/api.w.org\/{rel}","templated":true}]}}