{"id":794,"date":"2021-09-18T03:13:24","date_gmt":"2021-09-18T03:13:24","guid":{"rendered":"https:\/\/mil.gravitateframework.com\/product\/keylamax-hierro-organico\/"},"modified":"2026-04-01T20:24:24","modified_gmt":"2026-04-01T20:24:24","slug":"keylamax-hierro-organico","status":"publish","type":"product","link":"https:\/\/mil-agro-inc.com\/es\/product\/keylamax-hierro-organico\/","title":{"rendered":"Keylamax\u00ae Hierro Org\u00e1nico"},"content":{"rendered":"","protected":false},"excerpt":{"rendered":"<h2><span style=\"font-weight: 400;\">Vigor Org\u00e1nico y Poder Fotosint\u00e9tico<\/span><\/h2>\n<p><span style=\"font-weight: 400;\">Keylamax\u00ae Iron Organic es un fertilizante foliar en polvo de primera calidad, con certificaci\u00f3n OMRI, derivado de un quelato de amino\u00e1cidos de hierro altamente biodisponible. Est\u00e1 espec\u00edficamente dise\u00f1ado para corregir r\u00e1pidamente las deficiencias de hierro y maximizar la salud de las plantas, incluso en condiciones dif\u00edciles donde la movilidad natural de los nutrientes a menudo est\u00e1 restringida.<\/span><\/p>\n<h3><span style=\"font-weight: 400;\">Beneficios clave para el vigor de la planta<\/span><\/h3>\n<ul>\n<li style=\"font-weight: 400;\" aria-level=\"1\"><b>Corrige la Clorosis F\u00e9rrica<\/b><span style=\"font-weight: 400;\">: Revierte r\u00e1pidamente el amarillamiento de las hojas (clorosis f\u00e9rrica), restaurando el color verde vibrante necesario para un crecimiento saludable.<\/span><\/li>\n<li style=\"font-weight: 400;\" aria-level=\"1\"><b>Promueve la S\u00edntesis de Clorofila<\/b><span style=\"font-weight: 400;\">: Act\u00faa como un promotor directo de la s\u00edntesis de clorofila, esencial para capturar la energ\u00eda lum\u00ednica.<\/span><\/li>\n<li style=\"font-weight: 400;\" aria-level=\"1\"><b>Impulsa el Metabolismo<\/b><span style=\"font-weight: 400;\">: Mejora la fotos\u00edntesis y el metabolismo de los carbohidratos para alimentar los procesos biol\u00f3gicos de la planta.<\/span><\/li>\n<li style=\"font-weight: 400;\" aria-level=\"1\"><b>Regulaci\u00f3n Enzim\u00e1tica<\/b><span style=\"font-weight: 400;\">: Funciona como un regulador cr\u00edtico del sistema enzim\u00e1tico de la planta.<\/span><\/li>\n<li style=\"font-weight: 400;\" aria-level=\"1\"><b>Funciona en Condiciones Alcalinas<\/b><span style=\"font-weight: 400;\">: Entrega con \u00e9xito hierro quelado a las plantas en suelos alcalinos donde el hierro normalmente est\u00e1 bloqueado e inaccesible.<\/span><\/li>\n<\/ul>\n<p><b>La ventaja de la movilidad org\u00e1nica:<\/b><span style=\"font-weight: 400;\">  En muchos entornos de cultivo, el hierro es un mineral inm\u00f3vil que permanece atrapado en las hojas m\u00e1s viejas una vez absorbido. La tecnolog\u00eda de quelaci\u00f3n de amino\u00e1cidos de Mil Agro supera esto al unir el hierro a amino\u00e1cidos naturales. La planta reconoce este complejo como una mol\u00e9cula org\u00e1nica, como una prote\u00edna o un az\u00facar, lo que le permite moverse r\u00e1pidamente en todas las direcciones a trav\u00e9s del floema. Esto asegura que el hierro vital llegue al nuevo crecimiento y al desarrollo de los tejidos precisamente cuando lo necesitan para mantenerse verdes y metab\u00f3licamente activos.<\/span><\/p>\n","protected":false},"featured_media":678,"comment_status":"open","ping_status":"closed","template":"","meta":[],"product_brand":[],"product_cat":[104,90],"product_tag":[91],"class_list":{"0":"post-794","1":"product","2":"type-product","3":"status-publish","4":"has-post-thumbnail","6":"product_cat-comercial-es","7":"product_cat-organic-es","8":"product_tag-keylamax-organic-soluble-powder-es","10":"first","11":"instock","12":"taxable","13":"shipping-taxable","14":"product-type-simple"},"aioseo_notices":[],"_links":{"self":[{"href":"https:\/\/mil-agro-inc.com\/es\/wp-json\/wp\/v2\/product\/794","targetHints":{"allow":["GET"]}}],"collection":[{"href":"https:\/\/mil-agro-inc.com\/es\/wp-json\/wp\/v2\/product"}],"about":[{"href":"https:\/\/mil-agro-inc.com\/es\/wp-json\/wp\/v2\/types\/product"}],"replies":[{"embeddable":true,"href":"https:\/\/mil-agro-inc.com\/es\/wp-json\/wp\/v2\/comments?post=794"}],"version-history":[{"count":1,"href":"https:\/\/mil-agro-inc.com\/es\/wp-json\/wp\/v2\/product\/794\/revisions"}],"predecessor-version":[{"id":1713,"href":"https:\/\/mil-agro-inc.com\/es\/wp-json\/wp\/v2\/product\/794\/revisions\/1713"}],"wp:featuredmedia":[{"embeddable":true,"href":"https:\/\/mil-agro-inc.com\/es\/wp-json\/wp\/v2\/media\/678"}],"wp:attachment":[{"href":"https:\/\/mil-agro-inc.com\/es\/wp-json\/wp\/v2\/media?parent=794"}],"wp:term":[{"taxonomy":"product_brand","embeddable":true,"href":"https:\/\/mil-agro-inc.com\/es\/wp-json\/wp\/v2\/product_brand?post=794"},{"taxonomy":"product_cat","embeddable":true,"href":"https:\/\/mil-agro-inc.com\/es\/wp-json\/wp\/v2\/product_cat?post=794"},{"taxonomy":"product_tag","embeddable":true,"href":"https:\/\/mil-agro-inc.com\/es\/wp-json\/wp\/v2\/product_tag?post=794"}],"curies":[{"name":"wp","href":"https:\/\/api.w.org\/{rel}","templated":true}]}}