{"id":793,"date":"2021-09-18T03:13:24","date_gmt":"2021-09-18T03:13:24","guid":{"rendered":"https:\/\/mil.gravitateframework.com\/product\/keylamax-potasio-organico\/"},"modified":"2026-04-01T20:31:38","modified_gmt":"2026-04-01T20:31:38","slug":"keylamax-potasio-organico","status":"publish","type":"product","link":"https:\/\/mil-agro-inc.com\/es\/product\/keylamax-potasio-organico\/","title":{"rendered":"Keylamax\u00ae Potasio Org\u00e1nico"},"content":{"rendered":"","protected":false},"excerpt":{"rendered":"<h2><span style=\"font-weight: 400;\">Keylamax\u00ae Potasio Org\u00e1nico: Calidad org\u00e1nica y regulaci\u00f3n superior del agua<\/span><\/h2>\n<p><span style=\"font-weight: 400;\">Keylamax\u00ae Potassium Organic es un fertilizante foliar en polvo de primera calidad, certificado por OMRI, derivado de complejos de amino\u00e1cidos de potasio altamente biodisponibles.<br \/> Esta f\u00f3rmula org\u00e1nica especializada est\u00e1 dise\u00f1ada para optimizar las etapas finales cr\u00edticas del desarrollo de los cultivos, asegurando una calidad superior de los frutos y una mayor resiliencia de las plantas durante periodos de estr\u00e9s ambiental.<br \/><\/span><\/p>\n<p><b>Beneficios clave para cosechas org\u00e1nicas premium<\/b><\/p>\n<ul>\n<li style=\"font-weight: 400;\" aria-level=\"1\"><b>Mejora la calidad del fruto<\/b><span style=\"font-weight: 400;\">: Mejora significativamente el color, el sabor, el peso y el tama\u00f1o del fruto para una cosecha de mayor valor.<\/span><\/li>\n<li style=\"font-weight: 400;\" aria-level=\"1\"><b>Homogeneiza la maduraci\u00f3n<\/b><span style=\"font-weight: 400;\">: Favorece un cuajado y una maduraci\u00f3n uniformes, facilitando un ciclo de cosecha m\u00e1s constante y eficiente.<\/span><\/li>\n<li style=\"font-weight: 400;\" aria-level=\"1\"><b>Aumenta la tolerancia al estr\u00e9s<\/b><span style=\"font-weight: 400;\">: Mejora la turgencia de la planta y la tolerancia al estr\u00e9s h\u00eddrico, ayudando al cultivo a prosperar en condiciones de cultivo exigentes.<\/span><\/li>\n<li style=\"font-weight: 400;\" aria-level=\"1\"><b>Acumulaci\u00f3n de az\u00facares<\/b><span style=\"font-weight: 400;\">: Estimula la acumulaci\u00f3n de s\u00f3lidos solubles (niveles Brix) en el fruto, dando como resultado un producto m\u00e1s dulce y de mayor calidad.<\/span><\/li>\n<li style=\"font-weight: 400;\" aria-level=\"1\"><b>Resistencia al fr\u00edo<\/b><span style=\"font-weight: 400;\">: Optimiza la resistencia del cultivo a bajas temperaturas y heladas, protegiendo la inversi\u00f3n ante extremos clim\u00e1ticos.<\/span><\/li>\n<li style=\"font-weight: 400;\" aria-level=\"1\"><b>Facilita el flujo de nutrientes<\/b><span style=\"font-weight: 400;\">: Favorece el flujo saludable de sustancias vitales dentro del floema (el sistema circulatorio de la planta) para asegurar que todas las partes de la planta est\u00e9n bien abastecidas.<\/span><\/li>\n<\/ul>\n<p><b>La ventaja de movilidad de Keylamax:<\/b><span style=\"font-weight: 400;\"> Si bien el potasio se considera generalmente m\u00e1s m\u00f3vil que minerales como el calcio, su suministro eficiente es vital para el llenado de los frutos y la calidad general. La tecnolog\u00eda de amino\u00e1cidos de Mil Agro complejiza el potasio, permitiendo a la planta reconocer la mol\u00e9cula como una sustancia org\u00e1nica natural.<br \/> Este disfraz molecular permite al potasio penetrar r\u00e1pidamente en la hoja y desplazarse con una velocidad inigualable a trav\u00e9s del floema, el sistema circulatorio de la planta.<br \/> Esto asegura que el potasio vital llegue al fruto y a los nuevos brotes a la misma elevada velocidad que el nitr\u00f3geno, precisamente cuando la demanda de energ\u00eda y de desarrollo de calidad se encuentra en su punto \u00e1lgido.<br \/><\/span><\/p>\n<p><b>Disponible en 2 lb, 1 kg, 44 lb y 20 kg.<\/b><span style=\"font-weight: 400;\"> <\/span><\/p>\n","protected":false},"featured_media":671,"comment_status":"open","ping_status":"closed","template":"","meta":[],"product_brand":[],"product_cat":[104,90],"product_tag":[91],"class_list":{"0":"post-793","1":"product","2":"type-product","3":"status-publish","4":"has-post-thumbnail","6":"product_cat-comercial-es","7":"product_cat-organic-es","8":"product_tag-keylamax-organic-soluble-powder-es","10":"first","11":"instock","12":"taxable","13":"shipping-taxable","14":"product-type-simple"},"aioseo_notices":[],"_links":{"self":[{"href":"https:\/\/mil-agro-inc.com\/es\/wp-json\/wp\/v2\/product\/793","targetHints":{"allow":["GET"]}}],"collection":[{"href":"https:\/\/mil-agro-inc.com\/es\/wp-json\/wp\/v2\/product"}],"about":[{"href":"https:\/\/mil-agro-inc.com\/es\/wp-json\/wp\/v2\/types\/product"}],"replies":[{"embeddable":true,"href":"https:\/\/mil-agro-inc.com\/es\/wp-json\/wp\/v2\/comments?post=793"}],"version-history":[{"count":2,"href":"https:\/\/mil-agro-inc.com\/es\/wp-json\/wp\/v2\/product\/793\/revisions"}],"predecessor-version":[{"id":2003,"href":"https:\/\/mil-agro-inc.com\/es\/wp-json\/wp\/v2\/product\/793\/revisions\/2003"}],"wp:featuredmedia":[{"embeddable":true,"href":"https:\/\/mil-agro-inc.com\/es\/wp-json\/wp\/v2\/media\/671"}],"wp:attachment":[{"href":"https:\/\/mil-agro-inc.com\/es\/wp-json\/wp\/v2\/media?parent=793"}],"wp:term":[{"taxonomy":"product_brand","embeddable":true,"href":"https:\/\/mil-agro-inc.com\/es\/wp-json\/wp\/v2\/product_brand?post=793"},{"taxonomy":"product_cat","embeddable":true,"href":"https:\/\/mil-agro-inc.com\/es\/wp-json\/wp\/v2\/product_cat?post=793"},{"taxonomy":"product_tag","embeddable":true,"href":"https:\/\/mil-agro-inc.com\/es\/wp-json\/wp\/v2\/product_tag?post=793"}],"curies":[{"name":"wp","href":"https:\/\/api.w.org\/{rel}","templated":true}]}}