{"id":792,"date":"2021-09-18T03:13:24","date_gmt":"2021-09-18T03:13:24","guid":{"rendered":"https:\/\/mil.gravitateframework.com\/product\/keylamax-primer-organico\/"},"modified":"2026-04-01T20:09:43","modified_gmt":"2026-04-01T20:09:43","slug":"keylamax-primer-organico","status":"publish","type":"product","link":"https:\/\/mil-agro-inc.com\/es\/product\/keylamax-primer-organico\/","title":{"rendered":"Keylamax\u00ae Primer Org\u00e1nico"},"content":{"rendered":"","protected":false},"excerpt":{"rendered":"<h2><span style=\"font-weight: 400;\">Keylamax\u00ae Primer Organic: El catalizador org\u00e1nico de vigor y crecimiento<\/span><\/h2>\n<p><span style=\"font-weight: 400;\">Keylamax\u00ae Primer Organic es un fertilizante foliar en polvo de primera calidad, con certificaci\u00f3n OMRI, dise\u00f1ado espec\u00edficamente para brindar apoyo nutricional inmediato durante las etapas cr\u00edticas del desarrollo vegetativo. Derivado de quelatos de amino\u00e1cidos de complejos de manganeso, zinc, magnesio, cobre y boro, utiliza la tecnolog\u00eda de amino\u00e1cidos de Mil Agro para corregir deficiencias de nutrientes esenciales y maximizar el vigor de la planta justo despu\u00e9s de la emergencia.<\/span><\/p>\n<p><b>Beneficios clave para el crecimiento temprano<\/b><\/p>\n<ul>\n<li style=\"font-weight: 400;\" aria-level=\"1\"><b>Vigor y desarrollo foliar<\/b><span style=\"font-weight: 400;\">: Maximiza el vigor de la planta tras la emergencia y estimula el r\u00e1pido desarrollo de las primeras hojas verdaderas.<\/span><\/li>\n<li style=\"font-weight: 400;\" aria-level=\"1\"><b>Soporte hormonal y estructural<\/b><span style=\"font-weight: 400;\">: Estimula la s\u00edntesis de auxinas (reguladores de crecimiento) y el sistema hormonal de la planta, favoreciendo el crecimiento de brotes, ramas y hojas sanas.<\/span><\/li>\n<li style=\"font-weight: 400;\" aria-level=\"1\">Absorci\u00f3n de ra\u00edces y nutrientes: Promueve el alargamiento celular en la ra\u00edz y favorece la asimilaci\u00f3n y el transporte de nitr\u00f3geno y otros macronutrientes por toda la planta.<\/li>\n<li style=\"font-weight: 400;\" aria-level=\"1\"><b>Producci\u00f3n de energ\u00eda<\/b><span style=\"font-weight: 400;\">: Promueve la s\u00edntesis de compuestos vitales, incluyendo vitaminas, prote\u00ednas, amino\u00e1cidos y ATP (energ\u00eda celular).<\/span><\/li>\n<li style=\"font-weight: 400;\" aria-level=\"1\"><b>Fortaleza fundamental<\/b><span style=\"font-weight: 400;\">: Proporciona los bloques de construcci\u00f3n esenciales necesarios para que la planta exprese su m\u00e1ximo potencial gen\u00e9tico durante las etapas iniciales m\u00e1s cr\u00edticas del crecimiento.<\/span><\/li>\n<\/ul>\n<p><b>La ventaja de movilidad de Keylamax:<\/b><span style=\"font-weight: 400;\"> Al aprovechar la tecnolog\u00eda de amino\u00e1cidos de Mil Agro, Keylamax garantiza que los nutrientes que suelen ser lentos o inm\u00f3viles, como el zinc, el manganeso y el cobre, se absorban r\u00e1pidamente a trav\u00e9s de la superficie foliar. Al unir estos minerales a los amino\u00e1cidos, la planta reconoce el complejo como una mol\u00e9cula org\u00e1nica natural, como una prote\u00edna o un az\u00facar. Esto permite que los nutrientes viajen a trav\u00e9s del floema (el sistema circulatorio de la planta) en todas direcciones a la misma velocidad que el nitr\u00f3geno. Esta nutrici\u00f3n instant\u00e1nea y m\u00f3vil proporciona a los cultivos org\u00e1nicos el mejor comienzo posible al entregar los nutrientes exactamente donde el nuevo crecimiento m\u00e1s los necesita.<\/span><\/p>\n<p><b>Disponible en 2 lb, 1 kg, 44 lb y 20 kg.<\/b><\/p>\n","protected":false},"featured_media":669,"comment_status":"open","ping_status":"closed","template":"","meta":[],"product_brand":[],"product_cat":[104,90],"product_tag":[91],"class_list":{"0":"post-792","1":"product","2":"type-product","3":"status-publish","4":"has-post-thumbnail","6":"product_cat-comercial-es","7":"product_cat-organic-es","8":"product_tag-keylamax-organic-soluble-powder-es","10":"first","11":"instock","12":"taxable","13":"shipping-taxable","14":"product-type-simple"},"aioseo_notices":[],"_links":{"self":[{"href":"https:\/\/mil-agro-inc.com\/es\/wp-json\/wp\/v2\/product\/792","targetHints":{"allow":["GET"]}}],"collection":[{"href":"https:\/\/mil-agro-inc.com\/es\/wp-json\/wp\/v2\/product"}],"about":[{"href":"https:\/\/mil-agro-inc.com\/es\/wp-json\/wp\/v2\/types\/product"}],"replies":[{"embeddable":true,"href":"https:\/\/mil-agro-inc.com\/es\/wp-json\/wp\/v2\/comments?post=792"}],"version-history":[{"count":1,"href":"https:\/\/mil-agro-inc.com\/es\/wp-json\/wp\/v2\/product\/792\/revisions"}],"predecessor-version":[{"id":1791,"href":"https:\/\/mil-agro-inc.com\/es\/wp-json\/wp\/v2\/product\/792\/revisions\/1791"}],"wp:featuredmedia":[{"embeddable":true,"href":"https:\/\/mil-agro-inc.com\/es\/wp-json\/wp\/v2\/media\/669"}],"wp:attachment":[{"href":"https:\/\/mil-agro-inc.com\/es\/wp-json\/wp\/v2\/media?parent=792"}],"wp:term":[{"taxonomy":"product_brand","embeddable":true,"href":"https:\/\/mil-agro-inc.com\/es\/wp-json\/wp\/v2\/product_brand?post=792"},{"taxonomy":"product_cat","embeddable":true,"href":"https:\/\/mil-agro-inc.com\/es\/wp-json\/wp\/v2\/product_cat?post=792"},{"taxonomy":"product_tag","embeddable":true,"href":"https:\/\/mil-agro-inc.com\/es\/wp-json\/wp\/v2\/product_tag?post=792"}],"curies":[{"name":"wp","href":"https:\/\/api.w.org\/{rel}","templated":true}]}}