{"id":791,"date":"2021-09-18T03:13:24","date_gmt":"2021-09-18T03:13:24","guid":{"rendered":"https:\/\/mil.gravitateframework.com\/product\/keylamax-magnesio-organico\/"},"modified":"2026-04-01T20:23:19","modified_gmt":"2026-04-01T20:23:19","slug":"keylamax-magnesio-organico","status":"publish","type":"product","link":"https:\/\/mil-agro-inc.com\/es\/product\/keylamax-magnesio-organico\/","title":{"rendered":"Keylamax\u00ae Magnesio Org\u00e1nico"},"content":{"rendered":"","protected":false},"excerpt":{"rendered":"<h2><span style=\"font-weight: 400;\">Clorofila Org\u00e1nica y Catalizador de Energ\u00eda<\/span><\/h2>\n<p><span style=\"font-weight: 400;\">Keylamax\u00ae Magnesio Org\u00e1nico es un fertilizante foliar en polvo de primera calidad, con certificaci\u00f3n OMRI, derivado de un quelato de amino\u00e1cidos de magnesio altamente biodisponible. Al utilizar la tecnolog\u00eda avanzada de quelaci\u00f3n de Mil Agro, garantiza que el magnesio, el \u00e1tomo central de la clorofila, se absorba r\u00e1pidamente y permanezca totalmente m\u00f3vil para impulsar el motor metab\u00f3lico de la planta en los sistemas de producci\u00f3n org\u00e1nica. <\/span><\/p>\n<h3><span style=\"font-weight: 400;\">Beneficios clave para la fotos\u00edntesis y el crecimiento<\/span><\/h3>\n<ul>\n<li style=\"font-weight: 400;\" aria-level=\"1\"><b>Estimula la fotos\u00edntesis<\/b><span style=\"font-weight: 400;\">: Proporciona el componente central esencial para la s\u00edntesis de clorofila, restaurando el color verde intenso necesario para la producci\u00f3n de energ\u00eda.<\/span><\/li>\n<li style=\"font-weight: 400;\" aria-level=\"1\"><b>Promotor del desarrollo del cultivo<\/b><span style=\"font-weight: 400;\">: Apoya el desarrollo en todas las etapas cr\u00edticas de crecimiento para ayudar a la planta a alcanzar su potencial gen\u00e9tico.<\/span><\/li>\n<li style=\"font-weight: 400;\" aria-level=\"1\"><b>Transferencia y almacenamiento de energ\u00eda<\/b><span style=\"font-weight: 400;\">: Optimiza la s\u00edntesis y acumulaci\u00f3n de az\u00facares y carbohidratos.<\/span><\/li>\n<li style=\"font-weight: 400;\" aria-level=\"1\"><b>Impulsa la reproducci\u00f3n<\/b><span style=\"font-weight: 400;\">: Estimula los procesos reproductivos esenciales, incluido el llenado de granos y la tuberizaci\u00f3n.<\/span><\/li>\n<li style=\"font-weight: 400;\" aria-level=\"1\"><b>Resistencia al estr\u00e9s<\/b><span style=\"font-weight: 400;\">: Act\u00faa como un activador del sistema vascular de la planta, mejorando la resistencia durante condiciones ambientales desafiantes.<\/span><\/li>\n<\/ul>\n<p><b>La ventaja de la movilidad org\u00e1nica:<\/b><span style=\"font-weight: 400;\"> Si bien el magnesio posee cierta movilidad natural, a menudo es superado por el nitr\u00f3geno, lo que conduce a desequilibrios nutricionales dentro de la planta. La tecnolog\u00eda de Mil Agro enlaza el magnesio con amino\u00e1cidos para neutralizar su carga, evitando que quede atrapado en la hoja. Este \u00abcamuflaje\u00bb permite a la planta reconocer el complejo como una mol\u00e9cula org\u00e1nica natural, posibilitando que el magnesio se desplace a trav\u00e9s del floema \u2014el sistema circulatorio de la planta\u2014 a la misma elevada velocidad que el nitr\u00f3geno y los az\u00facares. Esto asegura que la nutrici\u00f3n vital llegue de manera instant\u00e1nea a los nuevos brotes, las ra\u00edces y los frutos en desarrollo.<br \/>  <\/span><\/p>\n","protected":false},"featured_media":675,"comment_status":"open","ping_status":"closed","template":"","meta":[],"product_brand":[],"product_cat":[104,90],"product_tag":[91],"class_list":{"0":"post-791","1":"product","2":"type-product","3":"status-publish","4":"has-post-thumbnail","6":"product_cat-comercial-es","7":"product_cat-organic-es","8":"product_tag-keylamax-organic-soluble-powder-es","10":"first","11":"instock","12":"taxable","13":"shipping-taxable","14":"product-type-simple"},"aioseo_notices":[],"_links":{"self":[{"href":"https:\/\/mil-agro-inc.com\/es\/wp-json\/wp\/v2\/product\/791","targetHints":{"allow":["GET"]}}],"collection":[{"href":"https:\/\/mil-agro-inc.com\/es\/wp-json\/wp\/v2\/product"}],"about":[{"href":"https:\/\/mil-agro-inc.com\/es\/wp-json\/wp\/v2\/types\/product"}],"replies":[{"embeddable":true,"href":"https:\/\/mil-agro-inc.com\/es\/wp-json\/wp\/v2\/comments?post=791"}],"version-history":[{"count":2,"href":"https:\/\/mil-agro-inc.com\/es\/wp-json\/wp\/v2\/product\/791\/revisions"}],"predecessor-version":[{"id":1999,"href":"https:\/\/mil-agro-inc.com\/es\/wp-json\/wp\/v2\/product\/791\/revisions\/1999"}],"wp:featuredmedia":[{"embeddable":true,"href":"https:\/\/mil-agro-inc.com\/es\/wp-json\/wp\/v2\/media\/675"}],"wp:attachment":[{"href":"https:\/\/mil-agro-inc.com\/es\/wp-json\/wp\/v2\/media?parent=791"}],"wp:term":[{"taxonomy":"product_brand","embeddable":true,"href":"https:\/\/mil-agro-inc.com\/es\/wp-json\/wp\/v2\/product_brand?post=791"},{"taxonomy":"product_cat","embeddable":true,"href":"https:\/\/mil-agro-inc.com\/es\/wp-json\/wp\/v2\/product_cat?post=791"},{"taxonomy":"product_tag","embeddable":true,"href":"https:\/\/mil-agro-inc.com\/es\/wp-json\/wp\/v2\/product_tag?post=791"}],"curies":[{"name":"wp","href":"https:\/\/api.w.org\/{rel}","templated":true}]}}