{"id":790,"date":"2021-09-18T03:13:24","date_gmt":"2021-09-18T03:13:24","guid":{"rendered":"https:\/\/mil.gravitateframework.com\/product\/keylamax-multimax-organico\/"},"modified":"2026-04-01T20:21:06","modified_gmt":"2026-04-01T20:21:06","slug":"keylamax-multimax-organico","status":"publish","type":"product","link":"https:\/\/mil-agro-inc.com\/es\/product\/keylamax-multimax-organico\/","title":{"rendered":"Keylamax\u00ae Multimax Org\u00e1nico"},"content":{"rendered":"","protected":false},"excerpt":{"rendered":"<h2><span style=\"font-weight: 400;\">La soluci\u00f3n completa para la recuperaci\u00f3n nutricional org\u00e1nica<\/span><\/h2>\n<p><span style=\"font-weight: 400;\">Keylamax\u00ae Multimax Organic es un fertilizante foliar en polvo premium con certificaci\u00f3n OMRI, derivado de una mezcla de alto rendimiento de quelatos de amino\u00e1cidos, que incluyen zinc, manganeso, magnesio, hierro y cobre, junto con complejos de amino\u00e1cidos de molibdeno y boro. Esta f\u00f3rmula org\u00e1nica integral est\u00e1 dise\u00f1ada para proporcionar una base nutricional equilibrada y estimular la r\u00e1pida recuperaci\u00f3n del cultivo. <\/span><\/p>\n<h3><span style=\"font-weight: 400;\">Beneficios clave para la salud total de la planta<\/span><\/h3>\n<ul>\n<li style=\"font-weight: 400;\" aria-level=\"1\">Corrige deficiencias de m\u00faltiples minerales: proporciona un amplio espectro de microelementos esenciales para restaurar y mantener el equilibrio nutricional \u00f3ptimo.<\/li>\n<li style=\"font-weight: 400;\" aria-level=\"1\"><b>Optimiza los procesos metab\u00f3licos<\/b><span style=\"font-weight: 400;\">: Mejora el metabolismo, el transporte y la absorci\u00f3n de minerales dentro de la planta.<\/span><\/li>\n<li style=\"font-weight: 400;\" aria-level=\"1\"><b>Estimula la s\u00edntesis vital<\/b><span style=\"font-weight: 400;\">: Impulsa la producci\u00f3n de clorofila, prote\u00ednas, amino\u00e1cidos, vitaminas y az\u00facares necesarios para un crecimiento \u00f3ptimo.<\/span><\/li>\n<li style=\"font-weight: 400;\" aria-level=\"1\"><b>Mejora el cuajado y la calidad de la fruta<\/b><span style=\"font-weight: 400;\">: Espec\u00edficamente formulado para mejorar el \u00e9xito reproductivo y la calidad final de la cosecha.<\/span><\/li>\n<li style=\"font-weight: 400;\" aria-level=\"1\">Recuperaci\u00f3n del estr\u00e9s: Estimula activamente la recuperaci\u00f3n del cultivo frente a factores de estr\u00e9s ambiental y abi\u00f3tico.<\/li>\n<\/ul>\n<p><b>La ventaja de la movilidad org\u00e1nica:<\/b><span style=\"font-weight: 400;\"> Muchos de los microelementos de esta f\u00f3rmula, tales como el hierro, el cobre y el zinc, son naturalmente inm\u00f3viles dentro de la planta. Una vez que llegan a una hoja a trav\u00e9s del xilema, por lo general permanecen all\u00ed. La tecnolog\u00eda de quelaci\u00f3n con amino\u00e1cidos de Mil Agro supera este obst\u00e1culo al fijar estos minerales, logrando que la planta reconozca el complejo como una prote\u00edna o un az\u00facar natural. Este \u00abdisfraz\u00bb permite que todos los minerales presentes en Multimax Organic se desplacen r\u00e1pidamente en todas direcciones a trav\u00e9s del floema (el sistema circulatorio de la planta), a la misma elevada velocidad que el nitr\u00f3geno.  <\/span><\/p>\n","protected":false},"featured_media":673,"comment_status":"open","ping_status":"closed","template":"","meta":[],"product_brand":[],"product_cat":[104,90],"product_tag":[91],"class_list":{"0":"post-790","1":"product","2":"type-product","3":"status-publish","4":"has-post-thumbnail","6":"product_cat-comercial-es","7":"product_cat-organic-es","8":"product_tag-keylamax-organic-soluble-powder-es","10":"first","11":"instock","12":"taxable","13":"shipping-taxable","14":"product-type-simple"},"aioseo_notices":[],"_links":{"self":[{"href":"https:\/\/mil-agro-inc.com\/es\/wp-json\/wp\/v2\/product\/790","targetHints":{"allow":["GET"]}}],"collection":[{"href":"https:\/\/mil-agro-inc.com\/es\/wp-json\/wp\/v2\/product"}],"about":[{"href":"https:\/\/mil-agro-inc.com\/es\/wp-json\/wp\/v2\/types\/product"}],"replies":[{"embeddable":true,"href":"https:\/\/mil-agro-inc.com\/es\/wp-json\/wp\/v2\/comments?post=790"}],"version-history":[{"count":2,"href":"https:\/\/mil-agro-inc.com\/es\/wp-json\/wp\/v2\/product\/790\/revisions"}],"predecessor-version":[{"id":1996,"href":"https:\/\/mil-agro-inc.com\/es\/wp-json\/wp\/v2\/product\/790\/revisions\/1996"}],"wp:featuredmedia":[{"embeddable":true,"href":"https:\/\/mil-agro-inc.com\/es\/wp-json\/wp\/v2\/media\/673"}],"wp:attachment":[{"href":"https:\/\/mil-agro-inc.com\/es\/wp-json\/wp\/v2\/media?parent=790"}],"wp:term":[{"taxonomy":"product_brand","embeddable":true,"href":"https:\/\/mil-agro-inc.com\/es\/wp-json\/wp\/v2\/product_brand?post=790"},{"taxonomy":"product_cat","embeddable":true,"href":"https:\/\/mil-agro-inc.com\/es\/wp-json\/wp\/v2\/product_cat?post=790"},{"taxonomy":"product_tag","embeddable":true,"href":"https:\/\/mil-agro-inc.com\/es\/wp-json\/wp\/v2\/product_tag?post=790"}],"curies":[{"name":"wp","href":"https:\/\/api.w.org\/{rel}","templated":true}]}}