{"id":789,"date":"2021-09-18T03:13:24","date_gmt":"2021-09-18T03:13:24","guid":{"rendered":"https:\/\/mil.gravitateframework.com\/product\/keylamax-zinc-organico\/"},"modified":"2026-04-01T20:12:02","modified_gmt":"2026-04-01T20:12:02","slug":"keylamax-zinc-organico","status":"publish","type":"product","link":"https:\/\/mil-agro-inc.com\/es\/product\/keylamax-zinc-organico\/","title":{"rendered":"Keylamax\u00ae Zinc Org\u00e1nico"},"content":{"rendered":"","protected":false},"excerpt":{"rendered":"<h2><span style=\"font-weight: 400;\">Keylamax\u00ae Zinc Organic: El impulsor org\u00e1nico de hormonas y desarrollo<\/span><\/h2>\n<p><span style=\"font-weight: 400;\">Keylamax\u00ae Zinc Organic es un fertilizante foliar en polvo de primera calidad con certificaci\u00f3n OMRI, derivado de un quelato de zinc con amino\u00e1cidos altamente eficaz. Esta f\u00f3rmula org\u00e1nica especializada est\u00e1 dise\u00f1ada para estimular los sistemas hormonales que rigen la arquitectura de la planta, garantizando que el zinc se entregue con la m\u00e1xima biodisponibilidad para optimizar el tama\u00f1o de la hoja, la longitud de los entrenudos y el potencial de rendimiento general. <\/span><\/p>\n<p><b>Beneficios clave para una producci\u00f3n org\u00e1nica m\u00e1xima<\/b><\/p>\n<ul>\n<li style=\"font-weight: 400;\" aria-level=\"1\"><b>Impulsa la s\u00edntesis de auxinas<\/b><span style=\"font-weight: 400;\">: Act\u00faa como un catalizador esencial para la producci\u00f3n de auxinas, los reguladores del crecimiento responsables de la elongaci\u00f3n del tallo y la expansi\u00f3n foliar.<\/span><\/li>\n<li style=\"font-weight: 400;\" aria-level=\"1\"><b>Aumenta el rendimiento y el tama\u00f1o del fruto<\/b><span style=\"font-weight: 400;\">: Influye directamente en el peso y tama\u00f1o final de frutas y hortalizas al promover una divisi\u00f3n celular robusta durante las primeras etapas de desarrollo.<\/span><\/li>\n<li style=\"font-weight: 400;\" aria-level=\"1\"><b>Crecimiento vigoroso de brotes<\/b><span style=\"font-weight: 400;\">: Estimula el crecimiento de brotes, ramas y hojas sanas, asegurando un dosel vegetal fuerte para la producci\u00f3n de energ\u00eda.<\/span><\/li>\n<li style=\"font-weight: 400;\" aria-level=\"1\"><b>Mejor viabilidad del polen<\/b><span style=\"font-weight: 400;\">: Optimiza el proceso de fertilizaci\u00f3n y el contenido de n\u00e9ctar, mejorando la polinizaci\u00f3n y el desarrollo de las semillas.<\/span><\/li>\n<li style=\"font-weight: 400;\" aria-level=\"1\"><b>R\u00e1pida recuperaci\u00f3n del estr\u00e9s<\/b><span style=\"font-weight: 400;\">: Ayuda a la planta a resistir y recuperarse de condiciones ambientales extremas, como el estr\u00e9s por calor y fr\u00edo.<\/span><\/li>\n<\/ul>\n<p><b>La ventaja de movilidad de Keylamax:<\/b><span style=\"font-weight: 400;\"> El zinc es, por naturaleza, un mineral inm\u00f3vil; una vez que llega a una hoja a trav\u00e9s de fertilizantes tradicionales, tiende a quedar atrapado en los tejidos m\u00e1s viejos. La tecnolog\u00eda de Mil Agro supera esta limitaci\u00f3n al unir el mineral de zinc entre anillos de amino\u00e1cidos, creando una mol\u00e9cula neutra que la planta reconoce como una prote\u00edna o az\u00facar natural. Este disfraz molecular permite al zinc penetrar r\u00e1pidamente la superficie de la hoja y desplazarse en todas direcciones a trav\u00e9s del floema \u2014el sistema circulatorio de la planta\u2014, a la misma elevada velocidad que el nitr\u00f3geno. Esta movilidad inmediata asegura que el zinc vital llegue al nuevo crecimiento, ra\u00edces y frutos en desarrollo precisamente cuando la planta m\u00e1s lo necesita.<\/span><\/p>\n<p><b>Disponible en 2 lb, 1 kg, 44 lb y 20 kg.<\/b><\/p>\n","protected":false},"featured_media":668,"comment_status":"open","ping_status":"closed","template":"","meta":[],"product_brand":[],"product_cat":[104,90],"product_tag":[91],"class_list":{"0":"post-789","1":"product","2":"type-product","3":"status-publish","4":"has-post-thumbnail","6":"product_cat-comercial-es","7":"product_cat-organic-es","8":"product_tag-keylamax-organic-soluble-powder-es","10":"first","11":"instock","12":"taxable","13":"shipping-taxable","14":"product-type-simple"},"aioseo_notices":[],"_links":{"self":[{"href":"https:\/\/mil-agro-inc.com\/es\/wp-json\/wp\/v2\/product\/789","targetHints":{"allow":["GET"]}}],"collection":[{"href":"https:\/\/mil-agro-inc.com\/es\/wp-json\/wp\/v2\/product"}],"about":[{"href":"https:\/\/mil-agro-inc.com\/es\/wp-json\/wp\/v2\/types\/product"}],"replies":[{"embeddable":true,"href":"https:\/\/mil-agro-inc.com\/es\/wp-json\/wp\/v2\/comments?post=789"}],"version-history":[{"count":2,"href":"https:\/\/mil-agro-inc.com\/es\/wp-json\/wp\/v2\/product\/789\/revisions"}],"predecessor-version":[{"id":1988,"href":"https:\/\/mil-agro-inc.com\/es\/wp-json\/wp\/v2\/product\/789\/revisions\/1988"}],"wp:featuredmedia":[{"embeddable":true,"href":"https:\/\/mil-agro-inc.com\/es\/wp-json\/wp\/v2\/media\/668"}],"wp:attachment":[{"href":"https:\/\/mil-agro-inc.com\/es\/wp-json\/wp\/v2\/media?parent=789"}],"wp:term":[{"taxonomy":"product_brand","embeddable":true,"href":"https:\/\/mil-agro-inc.com\/es\/wp-json\/wp\/v2\/product_brand?post=789"},{"taxonomy":"product_cat","embeddable":true,"href":"https:\/\/mil-agro-inc.com\/es\/wp-json\/wp\/v2\/product_cat?post=789"},{"taxonomy":"product_tag","embeddable":true,"href":"https:\/\/mil-agro-inc.com\/es\/wp-json\/wp\/v2\/product_tag?post=789"}],"curies":[{"name":"wp","href":"https:\/\/api.w.org\/{rel}","templated":true}]}}