{"id":788,"date":"2021-09-18T03:13:23","date_gmt":"2021-09-18T03:13:23","guid":{"rendered":"https:\/\/mil.gravitateframework.com\/product\/keylamax-one-calcio\/"},"modified":"2026-04-01T20:18:33","modified_gmt":"2026-04-01T20:18:33","slug":"keylamax-one-calcio","status":"publish","type":"product","link":"https:\/\/mil-agro-inc.com\/es\/product\/keylamax-one-calcio\/","title":{"rendered":"Keylamax\u00ae ONE Calcio"},"content":{"rendered":"","protected":false},"excerpt":{"rendered":"<h2><span style=\"font-weight: 400;\">M\u00e1xima firmeza y movilidad inigualable<\/span><\/h2>\n<p><span style=\"font-weight: 400;\">Keylamax\u00ae ONE Calcio es un fertilizante foliar en polvo superconcentrado derivado de un amino\u00e1cido quelato de calcio altamente eficaz. Esta f\u00f3rmula avanzada est\u00e1 dise\u00f1ada espec\u00edficamente para superar las limitaciones naturales del calcio, garantizando que este nutriente estructural vital llegue a la fruta y al nuevo crecimiento con la m\u00e1xima eficiencia para mejorar la calidad del cultivo y su vida \u00fatil poscosecha. <\/span><\/p>\n<h3><span style=\"font-weight: 400;\">Beneficios clave para la calidad y la estructura<\/span><\/h3>\n<ul>\n<li style=\"font-weight: 400;\" aria-level=\"1\">Calidad Premium de Fruta: Aumenta el peso, la resistencia y la firmeza de los frutos para asegurar una cosecha de alto valor.<\/li>\n<li style=\"font-weight: 400;\" aria-level=\"1\">Fortalece la base celular: Fortalece directamente la estructura de la pared celular, proporcionando una mejor integridad f\u00edsica a la planta.<\/li>\n<li style=\"font-weight: 400;\" aria-level=\"1\">Mayor vida \u00fatil: al fortalecer las paredes celulares, extiende activamente la vida \u00fatil poscosecha y la comercializaci\u00f3n de la fruta.<\/li>\n<li style=\"font-weight: 400;\" aria-level=\"1\">Funciones optimizadas de la planta: participa en la regulaci\u00f3n estom\u00e1tica cr\u00edtica y promueve el alargamiento saludable de las c\u00e9lulas.<\/li>\n<li style=\"font-weight: 400;\" aria-level=\"1\">Mejora la formaci\u00f3n de frutos: ayuda a disminuir la abscisi\u00f3n de las flores, evitando la ca\u00edda prematura de las mismas y protegiendo el potencial de rendimiento.<\/li>\n<\/ul>\n<p><b>La ventaja de movilidad de Keylamax:<\/b><span style=\"font-weight: 400;\"> El calcio es, notoriamente, uno de los minerales de movimiento m\u00e1s lento en una planta, desplaz\u00e1ndose a menudo hasta 20 veces m\u00e1s despacio que el nitr\u00f3geno. Una vez que llega a una hoja por medios tradicionales, se vuelve pr\u00e1cticamente inm\u00f3vil. La tecnolog\u00eda de quelaci\u00f3n con amino\u00e1cidos de Mil Agro supera esta barrera al fijar el mineral de calcio, de modo que la planta lo reconoce como una mol\u00e9cula org\u00e1nica natural. Esto permite que el calcio se desplace de manera r\u00e1pida y libre a trav\u00e9s del floema (el sistema circulatorio de la planta) a la misma alta velocidad que el nitr\u00f3geno, asegurando que llegue a los frutos en desarrollo y a los nuevos brotes, donde m\u00e1s se necesita.<br \/>  <\/span><\/p>\n","protected":false},"featured_media":630,"comment_status":"open","ping_status":"closed","template":"","meta":[],"product_brand":[],"product_cat":[104,88],"product_tag":[92],"class_list":{"0":"post-788","1":"product","2":"type-product","3":"status-publish","4":"has-post-thumbnail","6":"product_cat-comercial-es","7":"product_cat-conventional-es","8":"product_tag-keylamax-one-conventional-powders-es","10":"first","11":"instock","12":"taxable","13":"shipping-taxable","14":"product-type-simple"},"aioseo_notices":[],"_links":{"self":[{"href":"https:\/\/mil-agro-inc.com\/es\/wp-json\/wp\/v2\/product\/788","targetHints":{"allow":["GET"]}}],"collection":[{"href":"https:\/\/mil-agro-inc.com\/es\/wp-json\/wp\/v2\/product"}],"about":[{"href":"https:\/\/mil-agro-inc.com\/es\/wp-json\/wp\/v2\/types\/product"}],"replies":[{"embeddable":true,"href":"https:\/\/mil-agro-inc.com\/es\/wp-json\/wp\/v2\/comments?post=788"}],"version-history":[{"count":2,"href":"https:\/\/mil-agro-inc.com\/es\/wp-json\/wp\/v2\/product\/788\/revisions"}],"predecessor-version":[{"id":1993,"href":"https:\/\/mil-agro-inc.com\/es\/wp-json\/wp\/v2\/product\/788\/revisions\/1993"}],"wp:featuredmedia":[{"embeddable":true,"href":"https:\/\/mil-agro-inc.com\/es\/wp-json\/wp\/v2\/media\/630"}],"wp:attachment":[{"href":"https:\/\/mil-agro-inc.com\/es\/wp-json\/wp\/v2\/media?parent=788"}],"wp:term":[{"taxonomy":"product_brand","embeddable":true,"href":"https:\/\/mil-agro-inc.com\/es\/wp-json\/wp\/v2\/product_brand?post=788"},{"taxonomy":"product_cat","embeddable":true,"href":"https:\/\/mil-agro-inc.com\/es\/wp-json\/wp\/v2\/product_cat?post=788"},{"taxonomy":"product_tag","embeddable":true,"href":"https:\/\/mil-agro-inc.com\/es\/wp-json\/wp\/v2\/product_tag?post=788"}],"curies":[{"name":"wp","href":"https:\/\/api.w.org\/{rel}","templated":true}]}}