{"id":787,"date":"2021-09-18T03:13:23","date_gmt":"2021-09-18T03:13:23","guid":{"rendered":"https:\/\/mil.gravitateframework.com\/product\/keylamax-one-calbor\/"},"modified":"2026-04-01T20:19:26","modified_gmt":"2026-04-01T20:19:26","slug":"keylamax-one-calbor","status":"publish","type":"product","link":"https:\/\/mil-agro-inc.com\/es\/product\/keylamax-one-calbor\/","title":{"rendered":"Keylamax\u00ae ONE CalBor"},"content":{"rendered":"","protected":false},"excerpt":{"rendered":"<h2><span style=\"font-weight: 400;\">Elimina el agrietamiento, aumenta la firmeza<\/span><\/h2>\n<p><span style=\"font-weight: 400;\">Keylamax\u00ae ONE CalBor es un fertilizante foliar en polvo superconcentrado derivado de potentes quelatos de amino\u00e1cidos de calcio y complejos de amino\u00e1cidos de boro. Esta f\u00f3rmula especializada est\u00e1 dise\u00f1ada para optimizar la calidad y la integridad estructural de los frutos, aportando a la planta los nutrientes m\u00e1s dif\u00edciles de transportar con la m\u00e1xima eficiencia. <\/span><\/p>\n<h3><span style=\"font-weight: 400;\">Beneficios clave para cosechas premium<\/span><\/h3>\n<ul>\n<li style=\"font-weight: 400;\" aria-level=\"1\">Corrige los desequilibrios nutricionales: equilibra con precisi\u00f3n la crucial relaci\u00f3n calcio-boro necesaria para el \u00e9xito reproductivo y la fortaleza del tejido.<\/li>\n<li style=\"font-weight: 400;\" aria-level=\"1\">Elimina defectos de calidad: reduce activamente el da\u00f1o a la fruta al prevenir la pudrici\u00f3n, el agrietamiento y la malformaci\u00f3n.<\/li>\n<li style=\"font-weight: 400;\" aria-level=\"1\">Optimiza el cuajado y desarrollo de frutos: Ayuda a prevenir la ca\u00edda prematura de frutos j\u00f3venes (abscisi\u00f3n) y favorece el llenado consistente de los frutos.<\/li>\n<li style=\"font-weight: 400;\" aria-level=\"1\">Aumenta la resiliencia de las plantas: fortalece la planta contra enfermedades y el estr\u00e9s ambiental general al tiempo que reduce el envejecimiento prematuro de los \u00f3rganos de la planta.<\/li>\n<li style=\"font-weight: 400;\" aria-level=\"1\">Mantener el vigor reproductivo: reduce la abscisi\u00f3n de flores y favorece el desarrollo saludable de la fruta durante todo el ciclo reproductivo.<\/li>\n<\/ul>\n<p><b>La ventaja de movilidad de Keylamax:<\/b><span style=\"font-weight: 400;\"> El calcio y el boro son notoriamente dif\u00edciles de translocar para las plantas; se consideran inm\u00f3viles una vez que llegan a una hoja y pueden desplazarse hasta 20 veces m\u00e1s lentamente que el nitr\u00f3geno. La tecnolog\u00eda de amino\u00e1cidos de Mil Agro supera este obst\u00e1culo al fijar estos minerales, logrando que la planta reconozca el complejo como una prote\u00edna o un az\u00facar natural. Este \u00abcamuflaje\u00bb permite que el calcio y el boro se desplacen r\u00e1pidamente en todas direcciones a trav\u00e9s del floema \u2014el sistema circulatorio de la planta\u2014, a la misma elevada velocidad que el nitr\u00f3geno, asegurando as\u00ed que lleguen a los frutos en desarrollo y a los nuevos brotes precisamente cuando son necesarios.<br \/> <\/span><\/p>\n","protected":false},"featured_media":685,"comment_status":"open","ping_status":"closed","template":"","meta":[],"product_brand":[],"product_cat":[104,88],"product_tag":[92],"class_list":{"0":"post-787","1":"product","2":"type-product","3":"status-publish","4":"has-post-thumbnail","6":"product_cat-comercial-es","7":"product_cat-conventional-es","8":"product_tag-keylamax-one-conventional-powders-es","10":"first","11":"instock","12":"taxable","13":"shipping-taxable","14":"product-type-simple"},"aioseo_notices":[],"_links":{"self":[{"href":"https:\/\/mil-agro-inc.com\/es\/wp-json\/wp\/v2\/product\/787","targetHints":{"allow":["GET"]}}],"collection":[{"href":"https:\/\/mil-agro-inc.com\/es\/wp-json\/wp\/v2\/product"}],"about":[{"href":"https:\/\/mil-agro-inc.com\/es\/wp-json\/wp\/v2\/types\/product"}],"replies":[{"embeddable":true,"href":"https:\/\/mil-agro-inc.com\/es\/wp-json\/wp\/v2\/comments?post=787"}],"version-history":[{"count":3,"href":"https:\/\/mil-agro-inc.com\/es\/wp-json\/wp\/v2\/product\/787\/revisions"}],"predecessor-version":[{"id":1994,"href":"https:\/\/mil-agro-inc.com\/es\/wp-json\/wp\/v2\/product\/787\/revisions\/1994"}],"wp:featuredmedia":[{"embeddable":true,"href":"https:\/\/mil-agro-inc.com\/es\/wp-json\/wp\/v2\/media\/685"}],"wp:attachment":[{"href":"https:\/\/mil-agro-inc.com\/es\/wp-json\/wp\/v2\/media?parent=787"}],"wp:term":[{"taxonomy":"product_brand","embeddable":true,"href":"https:\/\/mil-agro-inc.com\/es\/wp-json\/wp\/v2\/product_brand?post=787"},{"taxonomy":"product_cat","embeddable":true,"href":"https:\/\/mil-agro-inc.com\/es\/wp-json\/wp\/v2\/product_cat?post=787"},{"taxonomy":"product_tag","embeddable":true,"href":"https:\/\/mil-agro-inc.com\/es\/wp-json\/wp\/v2\/product_tag?post=787"}],"curies":[{"name":"wp","href":"https:\/\/api.w.org\/{rel}","templated":true}]}}