{"id":784,"date":"2021-09-18T03:13:23","date_gmt":"2021-09-18T03:13:23","guid":{"rendered":"https:\/\/mil.gravitateframework.com\/product\/keylamax-one-zinc\/"},"modified":"2026-04-01T20:17:08","modified_gmt":"2026-04-01T20:17:08","slug":"keylamax-one-zinc","status":"publish","type":"product","link":"https:\/\/mil-agro-inc.com\/es\/product\/keylamax-one-zinc\/","title":{"rendered":"Keylamax\u00ae ONE Zinc"},"content":{"rendered":"","protected":false},"excerpt":{"rendered":"<h2><span style=\"font-weight: 400;\">La hormona superconcentrada y el impulsor del desarrollo<\/span><\/h2>\n<p><span style=\"font-weight: 400;\">Keylamax\u00ae ONE Zinc es un fertilizante foliar en polvo superconcentrado derivado de un aminoquelato de zinc de alto rendimiento. Esta f\u00f3rmula avanzada est\u00e1 dise\u00f1ada espec\u00edficamente para estimular los sistemas hormonales que regulan el tama\u00f1o de las hojas, la longitud de los entrenudos y el potencial de rendimiento general, garantizando la m\u00e1xima biodisponibilidad del zinc. <\/span><\/p>\n<h3><span style=\"font-weight: 400;\">Beneficios clave para el desarrollo estructural<\/span><\/h3>\n<ul>\n<li style=\"font-weight: 400;\" aria-level=\"1\">Promueve el crecimiento general de la planta: impulsa el desarrollo fundamental de la planta durante las etapas vegetativas cr\u00edticas.<\/li>\n<li style=\"font-weight: 400;\" aria-level=\"1\">Promueve el crecimiento general de la planta: impulsa el desarrollo fundamental de la planta durante las etapas vegetativas cr\u00edticas.<\/li>\n<li style=\"font-weight: 400;\" aria-level=\"1\">Promueve el crecimiento general de la planta: impulsa el desarrollo fundamental de la planta durante las etapas vegetativas cr\u00edticas.<\/li>\n<li style=\"font-weight: 400;\" aria-level=\"1\">Crecimiento vigoroso de brotes y hojas: estimula el crecimiento r\u00e1pido de brotes y ramas saludables y el desarrollo de hojas grandes y funcionales.<\/li>\n<li style=\"font-weight: 400;\" aria-level=\"1\">Crecimiento vigoroso de brotes y hojas: estimula el r\u00e1pido crecimiento de brotes y ramas saludables y el desarrollo de hojas grandes y funcionales.<\/li>\n<li style=\"font-weight: 400;\" aria-level=\"1\">Fortalece la reproducci\u00f3n: Aumenta la viabilidad del polen y el n\u00famero total de semillas, asegurando una polinizaci\u00f3n exitosa.<\/li>\n<\/ul>\n<p><b>La ventaja de movilidad de Keylamax:<\/b><span style=\"font-weight: 400;\"> El zinc es notoriamente inm\u00f3vil dentro del sistema vascular de la planta; una vez que llega a una hoja a trav\u00e9s de fertilizantes tradicionales, a menudo queda atrapado. La tecnolog\u00eda de quelaci\u00f3n de amino\u00e1cidos de Mil Agro supera este obst\u00e1culo al fijar el mineral zinc entre anillos de amino\u00e1cidos. Este \u00abdisfraz\u00bb induce a la planta a reconocer el complejo como una prote\u00edna o un az\u00facar natural, lo que le permite desplazarse r\u00e1pidamente en todas direcciones a trav\u00e9s del floema (el sistema circulatorio de la planta). De este modo, se asegura que el vital zinc llegue a los nuevos brotes, a las ra\u00edces y a los frutos en desarrollo con la misma elevada velocidad que el nitr\u00f3geno.  <\/span><\/p>\n","protected":false},"featured_media":634,"comment_status":"open","ping_status":"closed","template":"","meta":[],"product_brand":[],"product_cat":[104,88],"product_tag":[92],"class_list":{"0":"post-784","1":"product","2":"type-product","3":"status-publish","4":"has-post-thumbnail","6":"product_cat-comercial-es","7":"product_cat-conventional-es","8":"product_tag-keylamax-one-conventional-powders-es","10":"first","11":"instock","12":"taxable","13":"shipping-taxable","14":"product-type-simple"},"aioseo_notices":[],"_links":{"self":[{"href":"https:\/\/mil-agro-inc.com\/es\/wp-json\/wp\/v2\/product\/784","targetHints":{"allow":["GET"]}}],"collection":[{"href":"https:\/\/mil-agro-inc.com\/es\/wp-json\/wp\/v2\/product"}],"about":[{"href":"https:\/\/mil-agro-inc.com\/es\/wp-json\/wp\/v2\/types\/product"}],"replies":[{"embeddable":true,"href":"https:\/\/mil-agro-inc.com\/es\/wp-json\/wp\/v2\/comments?post=784"}],"version-history":[{"count":3,"href":"https:\/\/mil-agro-inc.com\/es\/wp-json\/wp\/v2\/product\/784\/revisions"}],"predecessor-version":[{"id":1991,"href":"https:\/\/mil-agro-inc.com\/es\/wp-json\/wp\/v2\/product\/784\/revisions\/1991"}],"wp:featuredmedia":[{"embeddable":true,"href":"https:\/\/mil-agro-inc.com\/es\/wp-json\/wp\/v2\/media\/634"}],"wp:attachment":[{"href":"https:\/\/mil-agro-inc.com\/es\/wp-json\/wp\/v2\/media?parent=784"}],"wp:term":[{"taxonomy":"product_brand","embeddable":true,"href":"https:\/\/mil-agro-inc.com\/es\/wp-json\/wp\/v2\/product_brand?post=784"},{"taxonomy":"product_cat","embeddable":true,"href":"https:\/\/mil-agro-inc.com\/es\/wp-json\/wp\/v2\/product_cat?post=784"},{"taxonomy":"product_tag","embeddable":true,"href":"https:\/\/mil-agro-inc.com\/es\/wp-json\/wp\/v2\/product_tag?post=784"}],"curies":[{"name":"wp","href":"https:\/\/api.w.org\/{rel}","templated":true}]}}