{"id":783,"date":"2021-09-18T03:13:23","date_gmt":"2021-09-18T03:13:23","guid":{"rendered":"https:\/\/mil.gravitateframework.com\/product\/keylamax-bmz-organico\/"},"modified":"2026-04-01T20:28:17","modified_gmt":"2026-04-01T20:28:17","slug":"keylamax-bmz-organico","status":"publish","type":"product","link":"https:\/\/mil-agro-inc.com\/es\/product\/keylamax-bmz-organico\/","title":{"rendered":"Keylamax\u00ae BMZ Org\u00e1nico"},"content":{"rendered":"","protected":false},"excerpt":{"rendered":"<h2><span style=\"font-weight: 400;\">Keylamax\u00ae BMZ Organic: Optimizador org\u00e1nico de floraci\u00f3n y fructificaci\u00f3n<\/span><\/h2>\n<p><span style=\"font-weight: 400;\">Keylamax\u00ae BMZ Organic es un fertilizante foliar en polvo de primera calidad, con certificaci\u00f3n OMRI, dise\u00f1ado para vigorizar las etapas m\u00e1s cr\u00edticas de la reproducci\u00f3n de las plantas: la floraci\u00f3n y la fructificaci\u00f3n. Se deriva de quelatos y complejos de amino\u00e1cidos de micronutrientes esenciales, lo que garantiza un rendimiento superior para los productores org\u00e1nicos.<\/span><\/p>\n<h3><span style=\"font-weight: 400;\">Beneficios clave para una producci\u00f3n m\u00e1xima<\/span><\/h3>\n<p><span style=\"font-weight: 400;\">Esta f\u00f3rmula, que presenta altas concentraciones de zinc, boro y hierro, est\u00e1 espec\u00edficamente equilibrada para impulsar el \u00e9xito reproductivo:<\/span><\/p>\n<ul>\n<li style=\"font-weight: 400;\" aria-level=\"1\"><b>Maximice la floraci\u00f3n y el rendimiento:<\/b><span style=\"font-weight: 400;\"> Promueve, optimiza y vigoriza la floraci\u00f3n, lo que lleva a un mejor desarrollo de flores y frutos.<\/span><\/li>\n<li style=\"font-weight: 400;\" aria-level=\"1\"><b>Mejore la calidad de la fruta:<\/b><span style=\"font-weight: 400;\"> Promueve la acumulaci\u00f3n de az\u00facares en la fruta, lo que resulta en una cosecha de mayor calidad.<\/span><\/li>\n<li style=\"font-weight: 400;\" aria-level=\"1\"><b>Fortalecer la reproducci\u00f3n:<\/b><span style=\"font-weight: 400;\"> Optimiza la fertilizaci\u00f3n y el contenido de n\u00e9ctar en las flores, fortaleciendo y estimulando la polinizaci\u00f3n y el desarrollo de las semillas.<\/span><\/li>\n<li style=\"font-weight: 400;\" aria-level=\"1\"><b>Desarrollo vigoroso:<\/b><span style=\"font-weight: 400;\"> Estimula la s\u00edntesis de auxinas (reguladores del crecimiento) y favorece la s\u00edntesis de enzimas esenciales.<\/span><\/li>\n<\/ul>\n<h3><span style=\"font-weight: 400;\">Ventaja de movilidad org\u00e1nica<\/span><\/h3>\n<p><span style=\"font-weight: 400;\">Keylamax\u00ae BMZ Organic utiliza tecnolog\u00eda avanzada de quelaci\u00f3n de amino\u00e1cidos para garantizar que los minerales t\u00edpicamente inm\u00f3viles (como el zinc y el hierro) se utilicen por completo. Al complejizar estos micronutrientes con amino\u00e1cidos, la planta los reconoce como mol\u00e9culas org\u00e1nicas (prote\u00ednas\/az\u00facares), lo que permite:<\/span><\/p>\n<ul>\n<li style=\"font-weight: 400;\" aria-level=\"1\"><b>Absorci\u00f3n y transporte r\u00e1pidos:<\/b><span style=\"font-weight: 400;\"> Los nutrientes se absorben r\u00e1pidamente y pueden moverse r\u00e1pidamente a trav\u00e9s del floema (el sistema circulatorio de la planta).<\/span><\/li>\n<li style=\"font-weight: 400;\" aria-level=\"1\"><b style=\"font-family: -apple-system, BlinkMacSystemFont, 'Segoe UI', Roboto, 'Helvetica Neue', Arial, 'Noto Sans', sans-serif, 'Apple Color Emoji', 'Segoe UI Emoji', 'Segoe UI Symbol', 'Noto Color Emoji';\">Entrega dirigida:<\/b><span style=\"font-weight: 400;\"> Garantiza que el zinc, el hierro y otros micronutrientes clave se transporten eficientemente desde las hojas m\u00e1s viejas al nuevo crecimiento y al desarrollo de la fruta.<\/span><\/li>\n<\/ul>\n","protected":false},"featured_media":635,"comment_status":"open","ping_status":"closed","template":"","meta":[],"product_brand":[],"product_cat":[104,90],"product_tag":[91],"class_list":{"0":"post-783","1":"product","2":"type-product","3":"status-publish","4":"has-post-thumbnail","6":"product_cat-comercial-es","7":"product_cat-organic-es","8":"product_tag-keylamax-organic-soluble-powder-es","10":"first","11":"instock","12":"taxable","13":"shipping-taxable","14":"product-type-simple"},"aioseo_notices":[],"_links":{"self":[{"href":"https:\/\/mil-agro-inc.com\/es\/wp-json\/wp\/v2\/product\/783","targetHints":{"allow":["GET"]}}],"collection":[{"href":"https:\/\/mil-agro-inc.com\/es\/wp-json\/wp\/v2\/product"}],"about":[{"href":"https:\/\/mil-agro-inc.com\/es\/wp-json\/wp\/v2\/types\/product"}],"replies":[{"embeddable":true,"href":"https:\/\/mil-agro-inc.com\/es\/wp-json\/wp\/v2\/comments?post=783"}],"version-history":[{"count":1,"href":"https:\/\/mil-agro-inc.com\/es\/wp-json\/wp\/v2\/product\/783\/revisions"}],"predecessor-version":[{"id":1546,"href":"https:\/\/mil-agro-inc.com\/es\/wp-json\/wp\/v2\/product\/783\/revisions\/1546"}],"wp:featuredmedia":[{"embeddable":true,"href":"https:\/\/mil-agro-inc.com\/es\/wp-json\/wp\/v2\/media\/635"}],"wp:attachment":[{"href":"https:\/\/mil-agro-inc.com\/es\/wp-json\/wp\/v2\/media?parent=783"}],"wp:term":[{"taxonomy":"product_brand","embeddable":true,"href":"https:\/\/mil-agro-inc.com\/es\/wp-json\/wp\/v2\/product_brand?post=783"},{"taxonomy":"product_cat","embeddable":true,"href":"https:\/\/mil-agro-inc.com\/es\/wp-json\/wp\/v2\/product_cat?post=783"},{"taxonomy":"product_tag","embeddable":true,"href":"https:\/\/mil-agro-inc.com\/es\/wp-json\/wp\/v2\/product_tag?post=783"}],"curies":[{"name":"wp","href":"https:\/\/api.w.org\/{rel}","templated":true}]}}