{"id":782,"date":"2021-09-18T03:13:23","date_gmt":"2021-09-18T03:13:23","guid":{"rendered":"https:\/\/mil.gravitateframework.com\/product\/keylamax-calbor-organico\/"},"modified":"2026-04-01T20:27:19","modified_gmt":"2026-04-01T20:27:19","slug":"keylamax-calbor-organico","status":"publish","type":"product","link":"https:\/\/mil-agro-inc.com\/es\/product\/keylamax-calbor-organico\/","title":{"rendered":"Keylamax\u00ae CalBor Org\u00e1nico"},"content":{"rendered":"","protected":false},"excerpt":{"rendered":"<h2><span style=\"font-weight: 400;\">Keylamax\u00ae CalBor Organic: Detenga el agrietamiento, aumente la firmeza<\/span><\/h2>\n<p><span style=\"font-weight: 400;\">Keylamax\u00ae CalBor Organic es un fertilizante foliar en polvo con certificaci\u00f3n OMRI, dise\u00f1ado para perfeccionar la calidad e integridad de la fruta. Se deriva de un potente quelato de amino\u00e1cidos de calcio y complejos de amino\u00e1cidos de boro, lo que garantiza una r\u00e1pida absorci\u00f3n y el m\u00e1ximo efecto para los productores org\u00e1nicos. <\/span><\/p>\n<h3><span style=\"font-weight: 400;\">Beneficios clave para cosechas premium<\/span><\/h3>\n<p><span style=\"font-weight: 400;\">Esta f\u00f3rmula especializada se enfoca en corregir la relaci\u00f3n crucial calcio-boro para asegurar una fuerte integridad estructural y \u00e9xito reproductivo:<\/span><\/p>\n<ul>\n<li style=\"font-weight: 400;\" aria-level=\"1\"><b>Elimine los defectos de calidad:<\/b><span style=\"font-weight: 400;\"> Reduzca el da\u00f1o a la fruta al prevenir la malformaci\u00f3n, el agrietamiento y la pudrici\u00f3n de las frutas.<\/span><\/li>\n<li style=\"font-weight: 400;\" aria-level=\"1\"><b>Optimice el cuajado y llenado de frutos:<\/b><span style=\"font-weight: 400;\"> Corrige los desequilibrios florales, previene la ca\u00edda prematura de los frutos j\u00f3venes (abscisi\u00f3n) y favorece el desarrollo y llenado de los frutos.<\/span><\/li>\n<li style=\"font-weight: 400;\" aria-level=\"1\"><b>Aumente la resistencia de la planta:<\/b><span style=\"font-weight: 400;\"> Aumenta la resistencia de la planta contra enfermedades y estr\u00e9s general, al tiempo que reduce el envejecimiento prematuro de los \u00f3rganos de la planta.<\/span><\/li>\n<\/ul>\n<h3><span style=\"font-weight: 400;\">Ventaja de movilidad org\u00e1nica<\/span><\/h3>\n<p><span style=\"font-weight: 400;\">Tanto el calcio como el boro son notoriamente dif\u00edciles de translocar eficientemente para las plantas. Al complejizar estos nutrientes con amino\u00e1cidos, Keylamax asegura que sean m\u00f3viles dentro de la planta: <\/span><\/p>\n<ul>\n<li style=\"font-weight: 400;\" aria-level=\"1\"><span style=\"font-weight: 400;\">Los nutrientes se asimilan r\u00e1pidamente y se mueven r\u00e1pidamente en todas las direcciones a trav\u00e9s del floema (el sistema circulatorio de la planta), como los az\u00facares y las prote\u00ednas.<\/span><\/li>\n<li style=\"font-weight: 400;\" aria-level=\"1\"><span style=\"font-weight: 400;\">Esta entrega r\u00e1pida y dirigida significa que el calcio, un nutriente que de otro modo es inm\u00f3vil una vez que llega a una hoja, puede llegar r\u00e1pidamente a la fruta en desarrollo y al nuevo crecimiento, lo que resulta en la m\u00e1xima calidad y rendimiento.<\/span><\/li>\n<\/ul>\n","protected":false},"featured_media":636,"comment_status":"open","ping_status":"closed","template":"","meta":[],"product_brand":[],"product_cat":[104,90],"product_tag":[91],"class_list":{"0":"post-782","1":"product","2":"type-product","3":"status-publish","4":"has-post-thumbnail","6":"product_cat-comercial-es","7":"product_cat-organic-es","8":"product_tag-keylamax-organic-soluble-powder-es","10":"first","11":"instock","12":"taxable","13":"shipping-taxable","14":"product-type-simple"},"aioseo_notices":[],"_links":{"self":[{"href":"https:\/\/mil-agro-inc.com\/es\/wp-json\/wp\/v2\/product\/782","targetHints":{"allow":["GET"]}}],"collection":[{"href":"https:\/\/mil-agro-inc.com\/es\/wp-json\/wp\/v2\/product"}],"about":[{"href":"https:\/\/mil-agro-inc.com\/es\/wp-json\/wp\/v2\/types\/product"}],"replies":[{"embeddable":true,"href":"https:\/\/mil-agro-inc.com\/es\/wp-json\/wp\/v2\/comments?post=782"}],"version-history":[{"count":1,"href":"https:\/\/mil-agro-inc.com\/es\/wp-json\/wp\/v2\/product\/782\/revisions"}],"predecessor-version":[{"id":1555,"href":"https:\/\/mil-agro-inc.com\/es\/wp-json\/wp\/v2\/product\/782\/revisions\/1555"}],"wp:featuredmedia":[{"embeddable":true,"href":"https:\/\/mil-agro-inc.com\/es\/wp-json\/wp\/v2\/media\/636"}],"wp:attachment":[{"href":"https:\/\/mil-agro-inc.com\/es\/wp-json\/wp\/v2\/media?parent=782"}],"wp:term":[{"taxonomy":"product_brand","embeddable":true,"href":"https:\/\/mil-agro-inc.com\/es\/wp-json\/wp\/v2\/product_brand?post=782"},{"taxonomy":"product_cat","embeddable":true,"href":"https:\/\/mil-agro-inc.com\/es\/wp-json\/wp\/v2\/product_cat?post=782"},{"taxonomy":"product_tag","embeddable":true,"href":"https:\/\/mil-agro-inc.com\/es\/wp-json\/wp\/v2\/product_tag?post=782"}],"curies":[{"name":"wp","href":"https:\/\/api.w.org\/{rel}","templated":true}]}}