{"id":781,"date":"2021-09-18T03:13:22","date_gmt":"2021-09-18T03:13:22","guid":{"rendered":"https:\/\/mil.gravitateframework.com\/product\/keylamax-calcio\/"},"modified":"2026-04-01T20:26:41","modified_gmt":"2026-04-01T20:26:41","slug":"keylamax-calcio","status":"publish","type":"product","link":"https:\/\/mil-agro-inc.com\/es\/product\/keylamax-calcio\/","title":{"rendered":"Keylamax\u00ae Calcio"},"content":{"rendered":"","protected":false},"excerpt":{"rendered":"<h2><span style=\"font-weight: 400;\">Keylamax\u00ae Calcio 8%: Firmeza de la fruta y vida \u00fatil<\/span><\/h2>\n<p><span style=\"font-weight: 400;\">Keylamax\u00ae Calcio es un fertilizante foliar l\u00edquido de alta densidad derivado de un quelato de amino\u00e1cidos de calcio. Est\u00e1 formulado para corregir y prevenir las deficiencias de calcio, asegurando que este nutriente vital, t\u00edpicamente inm\u00f3vil, llegue a la fruta y al nuevo crecimiento con la m\u00e1xima eficiencia. Mil Agro afirma que Keylamax Calcio proporciona un 50% m\u00e1s de calcio por gal\u00f3n en comparaci\u00f3n con otras marcas debido a su densidad superior.  <\/span><\/p>\n<h3><span style=\"font-weight: 400;\">Beneficios clave para la calidad y la estructura<\/span><\/h3>\n<p><span style=\"font-weight: 400;\">El calcio es fundamental para la estructura e integridad de la pared celular. Keylamax Calcio asegura: <\/span><\/p>\n<ul>\n<li style=\"font-weight: 400;\" aria-level=\"1\"><b>Calidad superior de la fruta:<\/b><span style=\"font-weight: 400;\"> Aumenta el peso, la resistencia y la firmeza de las frutas.<\/span><\/li>\n<li style=\"font-weight: 400;\" aria-level=\"1\"><b>Vida \u00fatil prolongada:<\/b><span style=\"font-weight: 400;\"> Al fortalecer la estructura de la pared celular, extiende la vida \u00fatil de la fruta.<\/span><\/li>\n<li style=\"font-weight: 400;\" aria-level=\"1\"><b>Prevenir defectos:<\/b><span style=\"font-weight: 400;\"> Est\u00e1 dise\u00f1ado para evitar la pudrici\u00f3n apical en la fruta.<\/span><\/li>\n<li style=\"font-weight: 400;\" aria-level=\"1\"><b>Funciones optimizadas de la planta:<\/b><span style=\"font-weight: 400;\"> Promueve el alargamiento celular y participa en la regulaci\u00f3n estom\u00e1tica.<\/span><\/li>\n<li style=\"font-weight: 400;\" aria-level=\"1\"><b>Mejor cuajado de frutos:<\/b><span style=\"font-weight: 400;\"> Ayuda a disminuir la abscisi\u00f3n de flores (la ca\u00edda prematura de las flores).<\/span><\/li>\n<\/ul>\n<h3><span style=\"font-weight: 400;\">La ventaja de movilidad de Keylamax<\/span><\/h3>\n<p><span style=\"font-weight: 400;\">El calcio es uno de los minerales de movimiento m\u00e1s lento en la planta, hasta 20 veces m\u00e1s lento que el nitr\u00f3geno. Una vez absorbido por una hoja, se considera inm\u00f3vil. <\/span><\/p>\n<p><span style=\"font-weight: 400;\">La tecnolog\u00eda de quelaci\u00f3n de amino\u00e1cidos de Keylamax supera esta limitaci\u00f3n:<\/span><\/p>\n<ul>\n<li style=\"font-weight: 400;\" aria-level=\"1\"><b>Traslocaci\u00f3n r\u00e1pida:<\/b><span style=\"font-weight: 400;\"> Al unir el mineral, la planta reconoce el complejo como una mol\u00e9cula org\u00e1nica (una prote\u00edna), lo que le permite moverse r\u00e1pida y libremente a trav\u00e9s del floema (el sistema circulatorio de la planta).<\/span><\/li>\n<li style=\"font-weight: 400;\" aria-level=\"1\"><b>Entrega dirigida:<\/b><span style=\"font-weight: 400;\"> Esto asegura que el calcio se mueva r\u00e1pidamente de las hojas m\u00e1s viejas a donde m\u00e1s se necesita: nuevo crecimiento y desarrollo de la fruta.<\/span><\/li>\n<\/ul>\n<h3><span style=\"font-weight: 400;\">Concentraci\u00f3n superior (la ventaja de la densidad)<\/span><\/h3>\n<p><span style=\"font-weight: 400;\">Debido a su alta densidad (1,4) en comparaci\u00f3n con la de la competencia (m\u00e1ximo 1,22), Keylamax Calcio contiene una concentraci\u00f3n significativamente mayor de calcio complejado (112 g\/l frente a 73,2 g\/l). Esto significa que los productores pueden lograr el mismo efecto aplicando 1\/3 menos de producto o, mejor a\u00fan, aplicar la misma dosis sabiendo que un 50% m\u00e1s de calcio est\u00e1 entrando en la planta. <\/span><\/p>\n<p><span style=\"font-weight: 400;\">Disponible en 1 litro, 4 litros, 2.5 galones, 10 litros, 275 galones y 1000 litros.<\/span><\/p>\n","protected":false},"featured_media":684,"comment_status":"open","ping_status":"closed","template":"","meta":[],"product_brand":[],"product_cat":[104,88],"product_tag":[89],"class_list":{"0":"post-781","1":"product","2":"type-product","3":"status-publish","4":"has-post-thumbnail","6":"product_cat-comercial-es","7":"product_cat-conventional-es","8":"product_tag-keylamax-conventional-liquids-es","10":"first","11":"instock","12":"taxable","13":"shipping-taxable","14":"product-type-simple"},"aioseo_notices":[],"_links":{"self":[{"href":"https:\/\/mil-agro-inc.com\/es\/wp-json\/wp\/v2\/product\/781","targetHints":{"allow":["GET"]}}],"collection":[{"href":"https:\/\/mil-agro-inc.com\/es\/wp-json\/wp\/v2\/product"}],"about":[{"href":"https:\/\/mil-agro-inc.com\/es\/wp-json\/wp\/v2\/types\/product"}],"replies":[{"embeddable":true,"href":"https:\/\/mil-agro-inc.com\/es\/wp-json\/wp\/v2\/comments?post=781"}],"version-history":[{"count":1,"href":"https:\/\/mil-agro-inc.com\/es\/wp-json\/wp\/v2\/product\/781\/revisions"}],"predecessor-version":[{"id":1556,"href":"https:\/\/mil-agro-inc.com\/es\/wp-json\/wp\/v2\/product\/781\/revisions\/1556"}],"wp:featuredmedia":[{"embeddable":true,"href":"https:\/\/mil-agro-inc.com\/es\/wp-json\/wp\/v2\/media\/684"}],"wp:attachment":[{"href":"https:\/\/mil-agro-inc.com\/es\/wp-json\/wp\/v2\/media?parent=781"}],"wp:term":[{"taxonomy":"product_brand","embeddable":true,"href":"https:\/\/mil-agro-inc.com\/es\/wp-json\/wp\/v2\/product_brand?post=781"},{"taxonomy":"product_cat","embeddable":true,"href":"https:\/\/mil-agro-inc.com\/es\/wp-json\/wp\/v2\/product_cat?post=781"},{"taxonomy":"product_tag","embeddable":true,"href":"https:\/\/mil-agro-inc.com\/es\/wp-json\/wp\/v2\/product_tag?post=781"}],"curies":[{"name":"wp","href":"https:\/\/api.w.org\/{rel}","templated":true}]}}