{"id":780,"date":"2021-09-18T03:13:22","date_gmt":"2021-09-18T03:13:22","guid":{"rendered":"https:\/\/mil.gravitateframework.com\/product\/keylamax-boro\/"},"modified":"2026-04-01T20:27:41","modified_gmt":"2026-04-01T20:27:41","slug":"keylamax-boro","status":"publish","type":"product","link":"https:\/\/mil-agro-inc.com\/es\/product\/keylamax-boro\/","title":{"rendered":"Keylamax\u00ae Boro"},"content":{"rendered":"","protected":false},"excerpt":{"rendered":"<h2><span style=\"font-weight: 400;\">Keylamax\u00ae Boro: Maxima la polinizaci\u00f3n y la fortaleza de los tejidos<\/span><\/h2>\n<p><span style=\"font-weight: 400;\">Keylamax\u00ae Boro es un fertilizante foliar l\u00edquido derivado de un complejo de amino\u00e1cidos de boro altamente biodisponible. Est\u00e1 dise\u00f1ado para proporcionar una nutrici\u00f3n superior de boro precisamente cuando la planta m\u00e1s lo necesita, con un 100% m\u00e1s de boro por gal\u00f3n que las marcas de la competencia.<\/span><\/p>\n<h3>Beneficios espec\u00edficos para la reproducci\u00f3n y la estructura<\/h3>\n<p><span style=\"font-weight: 400;\">El boro es esencial para mantener la integridad celular y promover el \u00e9xito reproductivo. Keylamax Boro asegura que las funciones clave est\u00e9n optimizadas:<\/span><\/p>\n<ul>\n<li style=\"font-weight: 400;\" aria-level=\"1\"><b>Maximice el \u00e9xito reproductivo:<\/b><span style=\"font-weight: 400;\"> Mejora la fertilizaci\u00f3n de las flores y la cantidad de frutos. Tambi\u00e9n optimiza el crecimiento del tubo pol\u00ednico, mejora la polinizaci\u00f3n y estimula la s\u00edntesis de polen, aumentando as\u00ed la cantidad de n\u00e9ctar.<\/span><\/li>\n<li style=\"font-weight: 400;\" aria-level=\"1\"><b>Fortalece los tejidos:<\/b><span style=\"font-weight: 400;\"> Mejora la firmeza de los tejidos vegetales y optimiza el crecimiento de nuevas ra\u00edces y brotes.<\/span><\/li>\n<li style=\"font-weight: 400;\" aria-level=\"1\"><b>Impulsa el metabolismo:<\/b><span style=\"font-weight: 400;\"> Estimula el metabolismo de los carbohidratos y las prote\u00ednas.<\/span><\/li>\n<\/ul>\n<h3>La ventaja de movilidad de Keylamax<\/h3>\n<p><span style=\"font-weight: 400;\">El boro es naturalmente uno de los minerales de movimiento m\u00e1s lento en el xilema de la planta (hasta 20 veces m\u00e1s lento que el nitr\u00f3geno).<\/span><\/p>\n<p><span style=\"font-weight: 400;\">La tecnolog\u00eda de amino\u00e1cidos de Mil Agro supera esta limitaci\u00f3n. Al complejar el boro con amino\u00e1cidos, Keylamax permite que el nutriente se mueva r\u00e1pidamente en todas las direcciones a trav\u00e9s del floema (el sistema de transporte de az\u00facar de la planta) con la misma velocidad que el nitr\u00f3geno. Esta velocidad y movilidad aseguran la correcci\u00f3n inmediata de las deficiencias y el apoyo para el desarrollo de flores y frutos.<\/span><\/p>\n<p><span style=\"font-weight: 400;\">Disponible en 1 litro, 4 litros, 2.5 galones, 10 litros, 275 galones y 1000 litros.<\/span><\/p>\n","protected":false},"featured_media":686,"comment_status":"open","ping_status":"closed","template":"","meta":[],"product_brand":[],"product_cat":[104,88],"product_tag":[89],"class_list":{"0":"post-780","1":"product","2":"type-product","3":"status-publish","4":"has-post-thumbnail","6":"product_cat-comercial-es","7":"product_cat-conventional-es","8":"product_tag-keylamax-conventional-liquids-es","10":"first","11":"instock","12":"taxable","13":"shipping-taxable","14":"product-type-simple"},"aioseo_notices":[],"_links":{"self":[{"href":"https:\/\/mil-agro-inc.com\/es\/wp-json\/wp\/v2\/product\/780","targetHints":{"allow":["GET"]}}],"collection":[{"href":"https:\/\/mil-agro-inc.com\/es\/wp-json\/wp\/v2\/product"}],"about":[{"href":"https:\/\/mil-agro-inc.com\/es\/wp-json\/wp\/v2\/types\/product"}],"replies":[{"embeddable":true,"href":"https:\/\/mil-agro-inc.com\/es\/wp-json\/wp\/v2\/comments?post=780"}],"version-history":[{"count":1,"href":"https:\/\/mil-agro-inc.com\/es\/wp-json\/wp\/v2\/product\/780\/revisions"}],"predecessor-version":[{"id":1548,"href":"https:\/\/mil-agro-inc.com\/es\/wp-json\/wp\/v2\/product\/780\/revisions\/1548"}],"wp:featuredmedia":[{"embeddable":true,"href":"https:\/\/mil-agro-inc.com\/es\/wp-json\/wp\/v2\/media\/686"}],"wp:attachment":[{"href":"https:\/\/mil-agro-inc.com\/es\/wp-json\/wp\/v2\/media?parent=780"}],"wp:term":[{"taxonomy":"product_brand","embeddable":true,"href":"https:\/\/mil-agro-inc.com\/es\/wp-json\/wp\/v2\/product_brand?post=780"},{"taxonomy":"product_cat","embeddable":true,"href":"https:\/\/mil-agro-inc.com\/es\/wp-json\/wp\/v2\/product_cat?post=780"},{"taxonomy":"product_tag","embeddable":true,"href":"https:\/\/mil-agro-inc.com\/es\/wp-json\/wp\/v2\/product_tag?post=780"}],"curies":[{"name":"wp","href":"https:\/\/api.w.org\/{rel}","templated":true}]}}