{"id":779,"date":"2021-09-18T03:13:22","date_gmt":"2021-09-18T03:13:22","guid":{"rendered":"https:\/\/mil.gravitateframework.com\/product\/keylamax-manganeso\/"},"modified":"2026-04-01T20:22:31","modified_gmt":"2026-04-01T20:22:31","slug":"keylamax-manganeso","status":"publish","type":"product","link":"https:\/\/mil-agro-inc.com\/es\/product\/keylamax-manganeso\/","title":{"rendered":"Keylamax\u00ae Manganeso"},"content":{"rendered":"","protected":false},"excerpt":{"rendered":"<h2><span style=\"font-weight: 400;\">El motor vital de defensa y respiraci\u00f3n<\/span><\/h2>\n<p><span style=\"font-weight: 400;\">Keylamax\u00ae Manganeso es un fertilizante foliar l\u00edquido de alto rendimiento derivado de un quelato de amino\u00e1cidos de manganeso. Dise\u00f1ado para una biodisponibilidad m\u00e1xima, esta f\u00f3rmula ofrece un 25% m\u00e1s de manganeso por gal\u00f3n que las principales marcas de la competencia, proporcionando una soluci\u00f3n concentrada para optimizar la respiraci\u00f3n de la planta y la salud inmunol\u00f3gica. <\/span><\/p>\n<h3><span style=\"font-weight: 400;\">Beneficios clave para el vigor de la planta<\/span><\/h3>\n<ul>\n<li style=\"font-weight: 400;\" aria-level=\"1\"><b>Impulsa la respiraci\u00f3n de la planta<\/b><span style=\"font-weight: 400;\">: Act\u00faa como un promotor cr\u00edtico de la respiraci\u00f3n celular y la producci\u00f3n de energ\u00eda.<\/span><\/li>\n<li style=\"font-weight: 400;\" aria-level=\"1\"><b>Optimiza el uso de nitr\u00f3geno<\/b><span style=\"font-weight: 400;\">: Optimiza directamente la asimilaci\u00f3n de nitr\u00f3geno y activa el sistema de la planta para el procesamiento de nitratos.<\/span><\/li>\n<li style=\"font-weight: 400;\" aria-level=\"1\"><b>Apoya la reproducci\u00f3n<\/b><span style=\"font-weight: 400;\">: Mejora la germinaci\u00f3n del polen y el crecimiento del tubo pol\u00ednico, a la vez que regula la madurez fisiol\u00f3gica de las semillas.<\/span><\/li>\n<li style=\"font-weight: 400;\" aria-level=\"1\"><b>Crecimiento y soporte estructural<\/b><span style=\"font-weight: 400;\">: Promueve el alargamiento celular en la ra\u00edz y estimula la s\u00edntesis de vitaminas y amino\u00e1cidos.<\/span><\/li>\n<li style=\"font-weight: 400;\" aria-level=\"1\"><b>Sinergia de nutrientes<\/b><span style=\"font-weight: 400;\">: Favorece la asimilaci\u00f3n y el transporte de otros macroelementos a trav\u00e9s de la planta.<\/span><\/li>\n<\/ul>\n<p><b>La ventaja de movilidad de Keylamax:<\/b><span style=\"font-weight: 400;\"> El manganeso es, por lo general, un mineral inm\u00f3vil; una vez que llega a una hoja a trav\u00e9s del xilema, tiende a permanecer en su sitio. La tecnolog\u00eda de Mil Agro supera este obst\u00e1culo al complejar el manganeso con amino\u00e1cidos, neutralizando su carga para evitar que quede atrapado en la hoja. La planta reconoce este complejo como una prote\u00edna o un az\u00facar, lo que permite que el manganeso se desplace libremente a trav\u00e9s del floema a la misma elevada velocidad que el nitr\u00f3geno. Esto asegura que los nutrientes vitales lleguen a los nuevos brotes, a las ra\u00edces y a las semillas en desarrollo precisamente en el momento en que son necesarios.<br \/>  <\/span><\/p>\n","protected":false},"featured_media":625,"comment_status":"open","ping_status":"closed","template":"","meta":[],"product_brand":[],"product_cat":[104,88],"product_tag":[89],"class_list":{"0":"post-779","1":"product","2":"type-product","3":"status-publish","4":"has-post-thumbnail","6":"product_cat-comercial-es","7":"product_cat-conventional-es","8":"product_tag-keylamax-conventional-liquids-es","10":"first","11":"instock","12":"taxable","13":"shipping-taxable","14":"product-type-simple"},"aioseo_notices":[],"_links":{"self":[{"href":"https:\/\/mil-agro-inc.com\/es\/wp-json\/wp\/v2\/product\/779","targetHints":{"allow":["GET"]}}],"collection":[{"href":"https:\/\/mil-agro-inc.com\/es\/wp-json\/wp\/v2\/product"}],"about":[{"href":"https:\/\/mil-agro-inc.com\/es\/wp-json\/wp\/v2\/types\/product"}],"replies":[{"embeddable":true,"href":"https:\/\/mil-agro-inc.com\/es\/wp-json\/wp\/v2\/comments?post=779"}],"version-history":[{"count":2,"href":"https:\/\/mil-agro-inc.com\/es\/wp-json\/wp\/v2\/product\/779\/revisions"}],"predecessor-version":[{"id":1998,"href":"https:\/\/mil-agro-inc.com\/es\/wp-json\/wp\/v2\/product\/779\/revisions\/1998"}],"wp:featuredmedia":[{"embeddable":true,"href":"https:\/\/mil-agro-inc.com\/es\/wp-json\/wp\/v2\/media\/625"}],"wp:attachment":[{"href":"https:\/\/mil-agro-inc.com\/es\/wp-json\/wp\/v2\/media?parent=779"}],"wp:term":[{"taxonomy":"product_brand","embeddable":true,"href":"https:\/\/mil-agro-inc.com\/es\/wp-json\/wp\/v2\/product_brand?post=779"},{"taxonomy":"product_cat","embeddable":true,"href":"https:\/\/mil-agro-inc.com\/es\/wp-json\/wp\/v2\/product_cat?post=779"},{"taxonomy":"product_tag","embeddable":true,"href":"https:\/\/mil-agro-inc.com\/es\/wp-json\/wp\/v2\/product_tag?post=779"}],"curies":[{"name":"wp","href":"https:\/\/api.w.org\/{rel}","templated":true}]}}