{"id":778,"date":"2021-09-18T03:13:22","date_gmt":"2021-09-18T03:13:22","guid":{"rendered":"https:\/\/mil.gravitateframework.com\/product\/keylamax-multimax\/"},"modified":"2026-04-01T20:21:49","modified_gmt":"2026-04-01T20:21:49","slug":"keylamax-multimax","status":"publish","type":"product","link":"https:\/\/mil-agro-inc.com\/es\/product\/keylamax-multimax\/","title":{"rendered":"Keylamax\u00ae Multimax"},"content":{"rendered":"","protected":false},"excerpt":{"rendered":"<h2><span style=\"font-weight: 400;\">La soluci\u00f3n nutricional completa para la recuperaci\u00f3n<\/span><\/h2>\n<p><span style=\"font-weight: 400;\">Keylamax\u00ae Multimax es un fertilizante foliar l\u00edquido integral derivado de una mezcla de alto rendimiento de quelatos de amino\u00e1cidos, que incluye zinc, manganeso, magnesio, hierro y cobre, junto con complejos de amino\u00e1cidos de molibdeno y boro. Esta f\u00f3rmula todo en uno est\u00e1 dise\u00f1ada para proporcionar una base nutricional equilibrada y estimular una r\u00e1pida recuperaci\u00f3n durante toda la temporada de crecimiento. <\/span><\/p>\n<h3><span style=\"font-weight: 400;\">Beneficios clave para la salud total de la planta<\/span><\/h3>\n<ul>\n<li style=\"font-weight: 400;\" aria-level=\"1\"><b>Corrige las deficiencias de multiminerales<\/b><span style=\"font-weight: 400;\">: Proporciona un amplio espectro de microelementos esenciales para restaurar el equilibrio nutricional de verduras y frutas.<\/span><\/li>\n<li style=\"font-weight: 400;\" aria-level=\"1\"><b>Optimiza los procesos metab\u00f3licos<\/b><span style=\"font-weight: 400;\">: Mejora el metabolismo, el transporte y la absorci\u00f3n de minerales dentro de la planta.<\/span><\/li>\n<li style=\"font-weight: 400;\" aria-level=\"1\"><b>Estimula la s\u00edntesis vital<\/b><span style=\"font-weight: 400;\">: Impulsa la producci\u00f3n de clorofila, prote\u00ednas, amino\u00e1cidos, vitaminas y az\u00facares necesarios para un crecimiento \u00f3ptimo.<\/span><\/li>\n<li style=\"font-weight: 400;\" aria-level=\"1\"><b>Mejora el cuajado y la calidad de la fruta<\/b><span style=\"font-weight: 400;\">: Espec\u00edficamente formulado para mejorar el \u00e9xito reproductivo y la calidad final de la cosecha.<\/span><\/li>\n<li style=\"font-weight: 400;\" aria-level=\"1\"><b>Recuperaci\u00f3n del estr\u00e9s<\/b><span style=\"font-weight: 400;\">: Estimula activamente la recuperaci\u00f3n de los cultivos de los factores de estr\u00e9s abi\u00f3tico.<\/span><\/li>\n<\/ul>\n<p><b>La ventaja de movilidad de Keylamax:<\/b><span style=\"font-weight: 400;\"> Muchos de los microelementos de esta f\u00f3rmula, tales como el hierro, el cobre y el zinc, son naturalmente inm\u00f3viles dentro de la planta. Una vez que llegan a una hoja a trav\u00e9s del xilema, por lo general permanecen all\u00ed. La tecnolog\u00eda de quelaci\u00f3n con amino\u00e1cidos de Mil Agro supera esta limitaci\u00f3n al fijar estos minerales, logrando que la planta reconozca el complejo como una prote\u00edna o un az\u00facar natural. Este \u00abdisfraz\u00bb permite que todos los minerales presentes en Multimax se desplacen r\u00e1pidamente en todas direcciones a trav\u00e9s del floema (el sistema circulatorio de la planta), a la misma velocidad que el nitr\u00f3geno.  <\/span><\/p>\n","protected":false},"featured_media":674,"comment_status":"open","ping_status":"closed","template":"","meta":[],"product_brand":[],"product_cat":[104,88],"product_tag":[89],"class_list":{"0":"post-778","1":"product","2":"type-product","3":"status-publish","4":"has-post-thumbnail","6":"product_cat-comercial-es","7":"product_cat-conventional-es","8":"product_tag-keylamax-conventional-liquids-es","10":"first","11":"instock","12":"taxable","13":"shipping-taxable","14":"product-type-simple"},"aioseo_notices":[],"_links":{"self":[{"href":"https:\/\/mil-agro-inc.com\/es\/wp-json\/wp\/v2\/product\/778","targetHints":{"allow":["GET"]}}],"collection":[{"href":"https:\/\/mil-agro-inc.com\/es\/wp-json\/wp\/v2\/product"}],"about":[{"href":"https:\/\/mil-agro-inc.com\/es\/wp-json\/wp\/v2\/types\/product"}],"replies":[{"embeddable":true,"href":"https:\/\/mil-agro-inc.com\/es\/wp-json\/wp\/v2\/comments?post=778"}],"version-history":[{"count":3,"href":"https:\/\/mil-agro-inc.com\/es\/wp-json\/wp\/v2\/product\/778\/revisions"}],"predecessor-version":[{"id":1997,"href":"https:\/\/mil-agro-inc.com\/es\/wp-json\/wp\/v2\/product\/778\/revisions\/1997"}],"wp:featuredmedia":[{"embeddable":true,"href":"https:\/\/mil-agro-inc.com\/es\/wp-json\/wp\/v2\/media\/674"}],"wp:attachment":[{"href":"https:\/\/mil-agro-inc.com\/es\/wp-json\/wp\/v2\/media?parent=778"}],"wp:term":[{"taxonomy":"product_brand","embeddable":true,"href":"https:\/\/mil-agro-inc.com\/es\/wp-json\/wp\/v2\/product_brand?post=778"},{"taxonomy":"product_cat","embeddable":true,"href":"https:\/\/mil-agro-inc.com\/es\/wp-json\/wp\/v2\/product_cat?post=778"},{"taxonomy":"product_tag","embeddable":true,"href":"https:\/\/mil-agro-inc.com\/es\/wp-json\/wp\/v2\/product_tag?post=778"}],"curies":[{"name":"wp","href":"https:\/\/api.w.org\/{rel}","templated":true}]}}