{"id":777,"date":"2021-09-18T03:13:22","date_gmt":"2021-09-18T03:13:22","guid":{"rendered":"https:\/\/mil.gravitateframework.com\/product\/keylamax-potasio-1-0-24\/"},"modified":"2026-04-01T20:07:13","modified_gmt":"2026-04-01T20:07:13","slug":"keylamax-potasio-1-0-24","status":"publish","type":"product","link":"https:\/\/mil-agro-inc.com\/es\/product\/keylamax-potasio-1-0-24\/","title":{"rendered":"Keylamax\u00ae Potasio 1-0-24"},"content":{"rendered":"","protected":false},"excerpt":{"rendered":"<h2><span style=\"font-weight: 400;\">Keylamax\u00ae Potasio 1-0-24: Calidad premium y regulaci\u00f3n h\u00eddrica superior<\/span><\/h2>\n<p><span style=\"font-weight: 400;\">Keylamax\u00ae Potasio 1-0-24 es un fertilizante foliar l\u00edquido de alto rendimiento derivado de un complejo de amino\u00e1cidos de potasio altamente bioavailable. Dise\u00f1ado para optimizar las etapas finales y m\u00e1s cr\u00edticas del desarrollo del cultivo, garantiza una calidad superior del fruto y mejora la resiliencia de la planta ante el estr\u00e9s ambiental. <\/span><\/p>\n<p><b>Beneficios clave para cosechas premium<\/b><\/p>\n<ul>\n<li style=\"font-weight: 400;\" aria-level=\"1\"><b>Mejora la calidad del fruto<\/b><span style=\"font-weight: 400;\">: Mejora significativamente el color, el sabor, el peso y el tama\u00f1o del fruto para una cosecha de mayor valor.<\/span><\/li>\n<li style=\"font-weight: 400;\" aria-level=\"1\"><b>Homogeneizar la maduraci\u00f3n<\/b><span style=\"font-weight: 400;\">: Promueve el cuajado y la maduraci\u00f3n uniforme de los frutos, facilitando una cosecha m\u00e1s consistente.<\/span><\/li>\n<li style=\"font-weight: 400;\" aria-level=\"1\"><b>Aumentar la tolerancia al estr\u00e9s<\/b><span style=\"font-weight: 400;\">: Mejora la turgencia de la planta y la tolerancia al estr\u00e9s h\u00eddrico, ayudando al cultivo a prosperar en condiciones dif\u00edciles.<\/span><\/li>\n<li style=\"font-weight: 400;\" aria-level=\"1\"><b>Acumulaci\u00f3n de az\u00facares<\/b><span style=\"font-weight: 400;\">: Estimula la acumulaci\u00f3n de s\u00f3lidos solubles (grados Brix) en el fruto, resultando en un producto m\u00e1s dulce y deseable.<\/span><\/li>\n<li style=\"font-weight: 400;\" aria-level=\"1\"><b>Resistencia al clima fr\u00edo<\/b><span style=\"font-weight: 400;\">: Optimiza la resistencia del cultivo a las bajas temperaturas y heladas.<\/span><\/li>\n<li style=\"font-weight: 400;\" aria-level=\"1\"><b>Facilitar el flujo de nutrientes<\/b><span style=\"font-weight: 400;\">: Promueve el flujo saludable de sustancias vitales dentro del floema (el sistema circulatorio de la planta).<\/span><\/li>\n<\/ul>\n<p><b>La ventaja de movilidad de Keylamax:<\/b><span style=\"font-weight: 400;\"> Si bien el potasio es, por lo general, m\u00e1s m\u00f3vil que minerales como el calcio, su suministro eficiente es vital para el llenado y la calidad de los frutos. La tecnolog\u00eda de amino\u00e1cidos de Mil Agro forma un complejo con el potasio, lo que permite a la planta reconocer la mol\u00e9cula como una prote\u00edna o un az\u00facar natural. Este \u00abcamuflaje\u00bb posibilita que el potasio penetre en la hoja con rapidez y se desplace a una velocidad inigualable a trav\u00e9s del floema, el sistema circulatorio de la planta. Esto asegura que el vital potasio llegue al fruto y a los nuevos brotes con la misma alta velocidad que el nitr\u00f3geno, precisamente cuando la demanda de energ\u00eda y el desarrollo de la calidad se encuentran en su punto \u00e1lgido.<br \/>  <\/span><\/p>\n<p><b>Disponible en 1 litro, 4 litros, 2.5 galones, 10 litros, 275 galones y 1000 litros.<\/b><span style=\"font-weight: 400;\"> <\/span><b><\/b><\/p>\n","protected":false},"featured_media":627,"comment_status":"open","ping_status":"closed","template":"","meta":[],"product_brand":[],"product_cat":[104,88],"product_tag":[89],"class_list":{"0":"post-777","1":"product","2":"type-product","3":"status-publish","4":"has-post-thumbnail","6":"product_cat-comercial-es","7":"product_cat-conventional-es","8":"product_tag-keylamax-conventional-liquids-es","10":"first","11":"instock","12":"taxable","13":"shipping-taxable","14":"product-type-simple"},"aioseo_notices":[],"_links":{"self":[{"href":"https:\/\/mil-agro-inc.com\/es\/wp-json\/wp\/v2\/product\/777","targetHints":{"allow":["GET"]}}],"collection":[{"href":"https:\/\/mil-agro-inc.com\/es\/wp-json\/wp\/v2\/product"}],"about":[{"href":"https:\/\/mil-agro-inc.com\/es\/wp-json\/wp\/v2\/types\/product"}],"replies":[{"embeddable":true,"href":"https:\/\/mil-agro-inc.com\/es\/wp-json\/wp\/v2\/comments?post=777"}],"version-history":[{"count":2,"href":"https:\/\/mil-agro-inc.com\/es\/wp-json\/wp\/v2\/product\/777\/revisions"}],"predecessor-version":[{"id":1986,"href":"https:\/\/mil-agro-inc.com\/es\/wp-json\/wp\/v2\/product\/777\/revisions\/1986"}],"wp:featuredmedia":[{"embeddable":true,"href":"https:\/\/mil-agro-inc.com\/es\/wp-json\/wp\/v2\/media\/627"}],"wp:attachment":[{"href":"https:\/\/mil-agro-inc.com\/es\/wp-json\/wp\/v2\/media?parent=777"}],"wp:term":[{"taxonomy":"product_brand","embeddable":true,"href":"https:\/\/mil-agro-inc.com\/es\/wp-json\/wp\/v2\/product_brand?post=777"},{"taxonomy":"product_cat","embeddable":true,"href":"https:\/\/mil-agro-inc.com\/es\/wp-json\/wp\/v2\/product_cat?post=777"},{"taxonomy":"product_tag","embeddable":true,"href":"https:\/\/mil-agro-inc.com\/es\/wp-json\/wp\/v2\/product_tag?post=777"}],"curies":[{"name":"wp","href":"https:\/\/api.w.org\/{rel}","templated":true}]}}