{"id":776,"date":"2021-09-18T03:13:22","date_gmt":"2021-09-18T03:13:22","guid":{"rendered":"https:\/\/mil.gravitateframework.com\/product\/keylamax-potassium-plus-1-10-24\/"},"modified":"2026-04-01T20:10:32","modified_gmt":"2026-04-01T20:10:32","slug":"keylamax-potassium-plus-1-10-24","status":"publish","type":"product","link":"https:\/\/mil-agro-inc.com\/es\/product\/keylamax-potassium-plus-1-10-24\/","title":{"rendered":"Keylamax\u00ae Potassium Plus 1-10-24"},"content":{"rendered":"","protected":false},"excerpt":{"rendered":"<h2><span style=\"font-weight: 400;\">Keylamax\u00ae Potassium Plus 1-10-24: Energ\u00eda M\u00e1xima y Acabado Superior de Frutos<\/span><\/h2>\n<p><span style=\"font-weight: 400;\">Keylamax\u00ae Potassium Plus 1-10-24 es un fertilizante foliar l\u00edquido especializado que combina potasio de alta eficiencia con f\u00f3sforo y nitr\u00f3geno, todos derivados de complejos de amino\u00e1cidos. Esta f\u00f3rmula est\u00e1 dise\u00f1ada para proporcionar la energ\u00eda esencial y la carga de nutrientes requerida durante las etapas m\u00e1s exigentes de reproducci\u00f3n y acabado de frutos en el desarrollo del cultivo. <\/span><\/p>\n<p><b>Beneficios Clave para un Rendimiento de Alto Nivel<\/b><\/p>\n<ul>\n<li style=\"font-weight: 400;\" aria-level=\"1\"><b>Acabado Optimizado de Frutos<\/b><span style=\"font-weight: 400;\">: Mejora directamente el color, sabor, peso y tama\u00f1o de la cosecha.<\/span><\/li>\n<li style=\"font-weight: 400;\" aria-level=\"1\"><b>Producci\u00f3n de Energ\u00eda (ATP)<\/b><span style=\"font-weight: 400;\">: La inclusi\u00f3n de f\u00f3sforo y amino\u00e1cidos impulsa la s\u00edntesis de ATP, proporcionando la energ\u00eda celular necesaria para el transporte de nutrientes y el desarrollo de los frutos.<\/span><\/li>\n<li style=\"font-weight: 400;\" aria-level=\"1\"><b>Maduraci\u00f3n Homog\u00e9nea<\/b><span style=\"font-weight: 400;\">: Fomenta un cuajado uniforme y una maduraci\u00f3n consistente en todo el cultivo.<\/span><\/li>\n<li style=\"font-weight: 400;\" aria-level=\"1\"><b>Mayor Resistencia al Estr\u00e9s<\/b><span style=\"font-weight: 400;\">: Aumenta la tolerancia de la planta a estresores abi\u00f3ticos ambientales como calor extremo, fr\u00edo o d\u00e9ficits h\u00eddricos.<\/span><\/li>\n<li style=\"font-weight: 400;\" aria-level=\"1\"><b>Acumulaci\u00f3n de Brix y Az\u00facares<\/b><span style=\"font-weight: 400;\">: Estimula la acumulaci\u00f3n de s\u00f3lidos solubles en el fruto, resultando en un producto m\u00e1s dulce y comercializable.<\/span><\/li>\n<li style=\"font-weight: 400;\" aria-level=\"1\"><b>Activaci\u00f3n del Sistema Vascular<\/b><span style=\"font-weight: 400;\">: Promueve el flujo saludable de carbohidratos y minerales dentro del floema (el sistema circulatorio de la planta) para maximizar la entrega de nutrientes a los \u00f3rganos de demanda (frutos, semillas y ra\u00edces).<\/span><\/li>\n<\/ul>\n<p><b>La ventaja de movilidad de Keylamax:<\/b><span style=\"font-weight: 400;\"> Nutrientes como el potasio y el f\u00f3sforo a menudo se ven obstaculizados por factores ambientales o por una lenta translocaci\u00f3n natural. La tecnolog\u00eda de Mil Agro supera estas barreras al complejar estos minerales con amino\u00e1cidos, lo que enmascara eficazmente la carga del mineral. La planta reconoce el complejo en su totalidad como una mol\u00e9cula natural de prote\u00edna o az\u00facar. Esto permite que Keylamax Potassium Plus penetre r\u00e1pidamente la superficie foliar y se desplace en todas direcciones a trav\u00e9s del floema \u2014el sistema circulatorio de la planta\u2014 a la misma elevada velocidad que el nitr\u00f3geno. Esta movilidad inmediata asegura que los nutrientes cr\u00edticos para la energ\u00eda y la etapa de maduraci\u00f3n lleguen a los frutos en desarrollo y a los nuevos brotes exactamente en el momento en que m\u00e1s se necesitan.   <\/span><\/p>\n<p><b>Disponible en 1 litro, 4 litros, 2.5 galones, 10 litros, 275 galones y 1000 litros.<\/b><\/p>\n","protected":false},"featured_media":628,"comment_status":"open","ping_status":"closed","template":"","meta":[],"product_brand":[],"product_cat":[104,88],"product_tag":[89],"class_list":{"0":"post-776","1":"product","2":"type-product","3":"status-publish","4":"has-post-thumbnail","6":"product_cat-comercial-es","7":"product_cat-conventional-es","8":"product_tag-keylamax-conventional-liquids-es","10":"first","11":"instock","12":"taxable","13":"shipping-taxable","14":"product-type-simple"},"aioseo_notices":[],"_links":{"self":[{"href":"https:\/\/mil-agro-inc.com\/es\/wp-json\/wp\/v2\/product\/776","targetHints":{"allow":["GET"]}}],"collection":[{"href":"https:\/\/mil-agro-inc.com\/es\/wp-json\/wp\/v2\/product"}],"about":[{"href":"https:\/\/mil-agro-inc.com\/es\/wp-json\/wp\/v2\/types\/product"}],"replies":[{"embeddable":true,"href":"https:\/\/mil-agro-inc.com\/es\/wp-json\/wp\/v2\/comments?post=776"}],"version-history":[{"count":3,"href":"https:\/\/mil-agro-inc.com\/es\/wp-json\/wp\/v2\/product\/776\/revisions"}],"predecessor-version":[{"id":1987,"href":"https:\/\/mil-agro-inc.com\/es\/wp-json\/wp\/v2\/product\/776\/revisions\/1987"}],"wp:featuredmedia":[{"embeddable":true,"href":"https:\/\/mil-agro-inc.com\/es\/wp-json\/wp\/v2\/media\/628"}],"wp:attachment":[{"href":"https:\/\/mil-agro-inc.com\/es\/wp-json\/wp\/v2\/media?parent=776"}],"wp:term":[{"taxonomy":"product_brand","embeddable":true,"href":"https:\/\/mil-agro-inc.com\/es\/wp-json\/wp\/v2\/product_brand?post=776"},{"taxonomy":"product_cat","embeddable":true,"href":"https:\/\/mil-agro-inc.com\/es\/wp-json\/wp\/v2\/product_cat?post=776"},{"taxonomy":"product_tag","embeddable":true,"href":"https:\/\/mil-agro-inc.com\/es\/wp-json\/wp\/v2\/product_tag?post=776"}],"curies":[{"name":"wp","href":"https:\/\/api.w.org\/{rel}","templated":true}]}}