{"id":775,"date":"2021-09-18T03:13:22","date_gmt":"2021-09-18T03:13:22","guid":{"rendered":"https:\/\/mil.gravitateframework.com\/product\/keylamax-zinc\/"},"modified":"2026-04-01T20:32:01","modified_gmt":"2026-04-01T20:32:01","slug":"keylamax-zinc","status":"publish","type":"product","link":"https:\/\/mil-agro-inc.com\/es\/product\/keylamax-zinc\/","title":{"rendered":"Keylamax\u00ae Zinc"},"content":{"rendered":"","protected":false},"excerpt":{"rendered":"<h2><span style=\"font-weight: 400;\">Keylamax\u00ae Zinc 8%: El Impulsor Hormonal y del Desarrollo<\/span><\/h2>\n<p><span style=\"font-weight: 400;\">Keylamax\u00ae Zinc es un fertilizante foliar l\u00edquido de alta densidad derivado de un quelato de amino\u00e1cido de zinc. Dise\u00f1ado espec\u00edficamente para estimular los sistemas hormonales que rigen la arquitectura de la planta, asegura que el zinc se entregue con m\u00e1xima biodisponibilidad para maximizar el tama\u00f1o de la hoja, la longitud del entrenudo y el potencial de rendimiento general. Con 20% m\u00e1s de zinc por gal\u00f3n que las marcas tradicionales, esta f\u00f3rmula ofrece una soluci\u00f3n concentrada para un rendimiento superior.<\/span><\/p>\n<p><b>Beneficios clave para el desarrollo estructural<\/b><\/p>\n<ul>\n<li style=\"font-weight: 400;\" aria-level=\"1\"><b>Impulsa la Producci\u00f3n de Auxinas<\/b><span style=\"font-weight: 400;\">: Act\u00faa como catalizador fundamental para la s\u00edntesis de auxinas, los reguladores de crecimiento responsables del alargamiento del tallo y la expansi\u00f3n foliar.<\/span><\/li>\n<li style=\"font-weight: 400;\" aria-level=\"1\"><b>Aumenta el Rendimiento y Tama\u00f1o del Fruto<\/b><span style=\"font-weight: 400;\">: Influye directamente en el peso y tama\u00f1o final de la cosecha al promover una divisi\u00f3n celular robusta durante las primeras etapas del desarrollo del fruto.<\/span><\/li>\n<li style=\"font-weight: 400;\" aria-level=\"1\"><b>Penetraci\u00f3n Superior<\/b><span style=\"font-weight: 400;\">: Este quelato de amino\u00e1cido mueve 20 veces m\u00e1s zinc a la savia de la planta desde la hoja en comparaci\u00f3n con las aplicaciones est\u00e1ndar de sulfato de zinc en 24 horas.<\/span><\/li>\n<li style=\"font-weight: 400;\" aria-level=\"1\"><b>Crecimiento Vigoroso de Brotes<\/b><span style=\"font-weight: 400;\">: Estimula el r\u00e1pido crecimiento de brotes y ramas sanas, asegurando que la planta desarrolle un dosel fuerte para la producci\u00f3n de energ\u00eda.<\/span><\/li>\n<li style=\"font-weight: 400;\" aria-level=\"1\"><b>Correcci\u00f3n Inmediata de Deficiencias<\/b><span style=\"font-weight: 400;\">: Permite a los agricultores realizar ajustes nutricionales r\u00e1pidos, previniendo la p\u00e9rdida permanente del potencial de rendimiento que ocurre cuando los nutrientes no est\u00e1n disponibles durante la demanda m\u00e1xima.<\/span><\/li>\n<\/ul>\n<p><b>La ventaja de movilidad de Keylamax:<\/b><span style=\"font-weight: 400;\"> El zinc se considera naturalmente un mineral inm\u00f3vil; una vez que es absorbido por las ra\u00edces y se mueve hacia la hoja a trav\u00e9s del xilema, tiende a permanecer atrapado en el tejido m\u00e1s viejo. La tecnolog\u00eda de Mil Agro supera esta limitaci\u00f3n al unir el mineral de zinc entre anillos de amino\u00e1cidos, creando una mol\u00e9cula neutra que la planta reconoce como una prote\u00edna o az\u00facar natural. Este disfraz molecular permite que el zinc penetre r\u00e1pidamente la superficie de la hoja y se mueva en todas direcciones a trav\u00e9s del floema, el sistema circulatorio de la planta, a la misma alta velocidad que el nitr\u00f3geno. Esta movilidad inmediata asegura que el zinc vital llegue al nuevo crecimiento, ra\u00edces y frutos en desarrollo precisamente cuando la planta m\u00e1s lo necesita.<\/span><\/p>\n<p><b>Disponible en 1 litro, 4 litros, 2.5 galones, 10 litros, 275 galones y 1000 litros.<\/b><\/p>\n","protected":false},"featured_media":666,"comment_status":"open","ping_status":"closed","template":"","meta":[],"product_brand":[],"product_cat":[104,88],"product_tag":[89],"class_list":{"0":"post-775","1":"product","2":"type-product","3":"status-publish","4":"has-post-thumbnail","6":"product_cat-comercial-es","7":"product_cat-conventional-es","8":"product_tag-keylamax-conventional-liquids-es","10":"first","11":"instock","12":"taxable","13":"shipping-taxable","14":"product-type-simple"},"aioseo_notices":[],"_links":{"self":[{"href":"https:\/\/mil-agro-inc.com\/es\/wp-json\/wp\/v2\/product\/775","targetHints":{"allow":["GET"]}}],"collection":[{"href":"https:\/\/mil-agro-inc.com\/es\/wp-json\/wp\/v2\/product"}],"about":[{"href":"https:\/\/mil-agro-inc.com\/es\/wp-json\/wp\/v2\/types\/product"}],"replies":[{"embeddable":true,"href":"https:\/\/mil-agro-inc.com\/es\/wp-json\/wp\/v2\/comments?post=775"}],"version-history":[{"count":2,"href":"https:\/\/mil-agro-inc.com\/es\/wp-json\/wp\/v2\/product\/775\/revisions"}],"predecessor-version":[{"id":1789,"href":"https:\/\/mil-agro-inc.com\/es\/wp-json\/wp\/v2\/product\/775\/revisions\/1789"}],"wp:featuredmedia":[{"embeddable":true,"href":"https:\/\/mil-agro-inc.com\/es\/wp-json\/wp\/v2\/media\/666"}],"wp:attachment":[{"href":"https:\/\/mil-agro-inc.com\/es\/wp-json\/wp\/v2\/media?parent=775"}],"wp:term":[{"taxonomy":"product_brand","embeddable":true,"href":"https:\/\/mil-agro-inc.com\/es\/wp-json\/wp\/v2\/product_brand?post=775"},{"taxonomy":"product_cat","embeddable":true,"href":"https:\/\/mil-agro-inc.com\/es\/wp-json\/wp\/v2\/product_cat?post=775"},{"taxonomy":"product_tag","embeddable":true,"href":"https:\/\/mil-agro-inc.com\/es\/wp-json\/wp\/v2\/product_tag?post=775"}],"curies":[{"name":"wp","href":"https:\/\/api.w.org\/{rel}","templated":true}]}}