{"id":774,"date":"2021-09-18T03:13:21","date_gmt":"2021-09-18T03:13:21","guid":{"rendered":"https:\/\/mil.gravitateframework.com\/product\/keylamax-cobre\/"},"modified":"2026-04-01T20:25:54","modified_gmt":"2026-04-01T20:25:54","slug":"keylamax-cobre","status":"publish","type":"product","link":"https:\/\/mil-agro-inc.com\/es\/product\/keylamax-cobre\/","title":{"rendered":"Keylamax\u00ae Cobre"},"content":{"rendered":"","protected":false},"excerpt":{"rendered":"<h2><span style=\"font-weight: 400;\">Keylamax\u00ae Cobre: Refuerzo Inmunol\u00f3gico e Intensificador de Calidad<\/span><\/h2>\n<p><span style=\"font-weight: 400;\">Keylamax\u00ae Cobre es un fertilizante foliar l\u00edquido derivado de un quelato de amino\u00e1cido de cobre altamente efectivo. Est\u00e1 espec\u00edficamente formulado para asegurar que el cobre, un nutriente crucial para la resistencia a enfermedades, se entregue con la m\u00e1xima biodisponibilidad y movilidad. <\/span><\/p>\n<h3><span style=\"font-weight: 400;\">Beneficios Clave para la Defensa y Est\u00e9tica de las Plantas<\/span><\/h3>\n<p><span style=\"font-weight: 400;\">El cobre es vital para fortalecer el sistema inmunol\u00f3gico de la planta y apoyar factores estructurales y de calidad clave. Keylamax Cobre ofrece: <\/span><\/p>\n<ul>\n<li style=\"font-weight: 400;\" aria-level=\"1\"><b>Mejora del Sistema Inmunol\u00f3gico:<\/b> <span style=\"font-weight: 400;\">Fortalece activamente el sistema inmunol\u00f3gico de la planta y estimula la s\u00edntesis de fitoalexinas (compuestos de defensa natural).<\/span><\/li>\n<li style=\"font-weight: 400;\" aria-level=\"1\"><b>Integridad Estructural:<\/b> <span style=\"font-weight: 400;\">Promueve la s\u00edntesis de lignina, contribuyendo a un tejido vegetal m\u00e1s fuerte y r\u00edgido.<\/span><\/li>\n<li style=\"font-weight: 400;\" aria-level=\"1\"><b>S\u00edntesis de Prote\u00ednas Esenciales:<\/b> <span style=\"font-weight: 400;\">Promueve la s\u00edntesis de prote\u00ednas esenciales.<\/span><\/li>\n<li style=\"font-weight: 400;\" aria-level=\"1\"><b>Calidad de Cosecha Mejorada:<\/b> <span style=\"font-weight: 400;\">Mejora la intensidad del sabor y el color en verduras, frutas y flores cortadas.<\/span><\/li>\n<\/ul>\n<h3><span style=\"font-weight: 400;\">La ventaja de movilidad de Keylamax<\/span><\/h3>\n<p><span style=\"font-weight: 400;\">El cobre es un elemento inm\u00f3vil en la planta. Una vez que llega a una hoja, tiende a quedarse ah\u00ed, lo que dificulta el suministro de este nutriente crucial al fruto en desarrollo o al nuevo crecimiento a trav\u00e9s de los fertilizantes tradicionales. <\/span><\/p>\n<p><span style=\"font-weight: 400;\">La tecnolog\u00eda de quelaci\u00f3n de amino\u00e1cidos de Keylamax supera esta limitaci\u00f3n:<\/span><\/p>\n<ul>\n<li style=\"font-weight: 400;\" aria-level=\"1\"><b>R\u00e1pida Absorci\u00f3n:<\/b> <span style=\"font-weight: 400;\">El complejo de amino\u00e1cidos asegura una r\u00e1pida penetraci\u00f3n de la superficie de la hoja.<\/span><\/li>\n<li style=\"font-weight: 400;\" aria-level=\"1\"><b>Movilidad Total:<\/b> <span style=\"font-weight: 400;\">El cobre, complejado con el amino\u00e1cido, es reconocido por la planta como una mol\u00e9cula org\u00e1nica (como un az\u00facar o prote\u00edna) y se transporta r\u00e1pidamente en todas direcciones a trav\u00e9s del floema (el sistema circulatorio de la planta), asegurando que llegue a todas las partes de la planta, incluyendo frutos y brotes nuevos.<\/span><\/li>\n<\/ul>\n<p><span style=\"font-weight: 400;\">Disponible en 1 litro, 4 litros, 2.5 galones, 10 litros, 275 galones y 1000 litros.<\/span><\/p>\n","protected":false},"featured_media":682,"comment_status":"open","ping_status":"closed","template":"","meta":[],"product_brand":[],"product_cat":[104,88],"product_tag":[89],"class_list":{"0":"post-774","1":"product","2":"type-product","3":"status-publish","4":"has-post-thumbnail","6":"product_cat-comercial-es","7":"product_cat-conventional-es","8":"product_tag-keylamax-conventional-liquids-es","10":"first","11":"instock","12":"taxable","13":"shipping-taxable","14":"product-type-simple"},"aioseo_notices":[],"_links":{"self":[{"href":"https:\/\/mil-agro-inc.com\/es\/wp-json\/wp\/v2\/product\/774","targetHints":{"allow":["GET"]}}],"collection":[{"href":"https:\/\/mil-agro-inc.com\/es\/wp-json\/wp\/v2\/product"}],"about":[{"href":"https:\/\/mil-agro-inc.com\/es\/wp-json\/wp\/v2\/types\/product"}],"replies":[{"embeddable":true,"href":"https:\/\/mil-agro-inc.com\/es\/wp-json\/wp\/v2\/comments?post=774"}],"version-history":[{"count":1,"href":"https:\/\/mil-agro-inc.com\/es\/wp-json\/wp\/v2\/product\/774\/revisions"}],"predecessor-version":[{"id":1559,"href":"https:\/\/mil-agro-inc.com\/es\/wp-json\/wp\/v2\/product\/774\/revisions\/1559"}],"wp:featuredmedia":[{"embeddable":true,"href":"https:\/\/mil-agro-inc.com\/es\/wp-json\/wp\/v2\/media\/682"}],"wp:attachment":[{"href":"https:\/\/mil-agro-inc.com\/es\/wp-json\/wp\/v2\/media?parent=774"}],"wp:term":[{"taxonomy":"product_brand","embeddable":true,"href":"https:\/\/mil-agro-inc.com\/es\/wp-json\/wp\/v2\/product_brand?post=774"},{"taxonomy":"product_cat","embeddable":true,"href":"https:\/\/mil-agro-inc.com\/es\/wp-json\/wp\/v2\/product_cat?post=774"},{"taxonomy":"product_tag","embeddable":true,"href":"https:\/\/mil-agro-inc.com\/es\/wp-json\/wp\/v2\/product_tag?post=774"}],"curies":[{"name":"wp","href":"https:\/\/api.w.org\/{rel}","templated":true}]}}