{"id":773,"date":"2021-09-18T03:13:21","date_gmt":"2021-09-18T03:13:21","guid":{"rendered":"https:\/\/mil.gravitateframework.com\/product\/keylamax-hierro\/"},"modified":"2026-04-01T20:25:24","modified_gmt":"2026-04-01T20:25:24","slug":"keylamax-hierro","status":"publish","type":"product","link":"https:\/\/mil-agro-inc.com\/es\/product\/keylamax-hierro\/","title":{"rendered":"Keylamax\u00ae Hierro"},"content":{"rendered":"","protected":false},"excerpt":{"rendered":"<h2><span style=\"font-weight: 400;\">Keylamax\u00ae Hierro: Elimine el amarillamiento, maximice la fotos\u00edntesis<\/span><\/h2>\n<p><span style=\"font-weight: 400;\">Keylamax\u00ae Hierro es un fertilizante foliar l\u00edquido derivado de un quelato de amino\u00e1cidos de hierro. Est\u00e1 dise\u00f1ado para corregir de manera r\u00e1pida y eficiente las deficiencias de hierro, especialmente en condiciones de suelo desafiantes, lo que garantiza la m\u00e1xima fotos\u00edntesis y la salud de la planta. <\/span><\/p>\n<h3><span style=\"font-weight: 400;\">Beneficios clave para el vigor de la planta<\/span><\/h3>\n<p><span style=\"font-weight: 400;\">El hierro es crucial para los procesos metab\u00f3licos y el desarrollo del tejido verde. Keylamax Iron: <\/span><\/p>\n<ul>\n<li style=\"font-weight: 400;\" aria-level=\"1\"><b>Corrige la clorosis f\u00e9rrica:<\/b><span style=\"font-weight: 400;\"> Corrige r\u00e1pidamente el amarillamiento o la clorosis f\u00e9rrica.<\/span><\/li>\n<li style=\"font-weight: 400;\" aria-level=\"1\"><b>Promueve la s\u00edntesis de clorofila:<\/b><span style=\"font-weight: 400;\"> Es un promotor de la s\u00edntesis de clorofila.<\/span><\/li>\n<li style=\"font-weight: 400;\" aria-level=\"1\"><b>Impulsa el metabolismo:<\/b><span style=\"font-weight: 400;\"> Mejora la fotos\u00edntesis y el metabolismo de los carbohidratos.<\/span><\/li>\n<li style=\"font-weight: 400;\" aria-level=\"1\"><b>Regulaci\u00f3n enzim\u00e1tica:<\/b><span style=\"font-weight: 400;\"> Act\u00faa como regulador del sistema enzim\u00e1tico.<\/span><\/li>\n<li style=\"font-weight: 400;\" aria-level=\"1\"><b>Soluci\u00f3n alcalina:<\/b> <span style=\"font-weight: 400;\">Proporciona hierro quelado a la planta en condiciones alcalinas donde la movilidad natural del nutriente a menudo se reduce.<\/span><\/li>\n<\/ul>\n<h3><span style=\"font-weight: 400;\">La ventaja de movilidad de Keylamax<\/span><\/h3>\n<p><span style=\"font-weight: 400;\">El hierro es un mineral inm\u00f3vil una vez que es absorbido por las ra\u00edces y se mueve a la hoja a trav\u00e9s del xilema. Sin embargo, utilizando la tecnolog\u00eda de quelaci\u00f3n de amino\u00e1cidos Keylamax, el hierro se une a un amino\u00e1cido. <\/span><\/p>\n<p><span style=\"font-weight: 400;\">Este proceso asegura:<\/span><\/p>\n<ul>\n<li style=\"font-weight: 400;\" aria-level=\"1\"><b>Reconocimiento org\u00e1nico:<\/b> <span style=\"font-weight: 400;\">La planta reconoce el complejo como una mol\u00e9cula org\u00e1nica (como una prote\u00edna).<\/span><\/li>\n<li style=\"font-weight: 400;\" aria-level=\"1\"><b>Movimiento r\u00e1pido:<\/b><span style=\"font-weight: 400;\"> El hierro puede moverse r\u00e1pidamente en todas las direcciones a trav\u00e9s del floema (el sistema circulatorio de la planta), haci\u00e9ndolo totalmente disponible para el nuevo crecimiento y el desarrollo de los tejidos que lo necesitan para mantenerse verdes y metab\u00f3licamente activos.<\/span><\/li>\n<\/ul>\n<p><span style=\"font-weight: 400;\">Disponible en 1 litro, 4 litros, 2.5 galones, 10 litros, 275 galones y 1000 litros.<\/span><\/p>\n","protected":false},"featured_media":679,"comment_status":"open","ping_status":"closed","template":"","meta":[],"product_brand":[],"product_cat":[104,88],"product_tag":[89],"class_list":{"0":"post-773","1":"product","2":"type-product","3":"status-publish","4":"has-post-thumbnail","6":"product_cat-comercial-es","7":"product_cat-conventional-es","8":"product_tag-keylamax-conventional-liquids-es","10":"first","11":"instock","12":"taxable","13":"shipping-taxable","14":"product-type-simple"},"aioseo_notices":[],"_links":{"self":[{"href":"https:\/\/mil-agro-inc.com\/es\/wp-json\/wp\/v2\/product\/773","targetHints":{"allow":["GET"]}}],"collection":[{"href":"https:\/\/mil-agro-inc.com\/es\/wp-json\/wp\/v2\/product"}],"about":[{"href":"https:\/\/mil-agro-inc.com\/es\/wp-json\/wp\/v2\/types\/product"}],"replies":[{"embeddable":true,"href":"https:\/\/mil-agro-inc.com\/es\/wp-json\/wp\/v2\/comments?post=773"}],"version-history":[{"count":1,"href":"https:\/\/mil-agro-inc.com\/es\/wp-json\/wp\/v2\/product\/773\/revisions"}],"predecessor-version":[{"id":1564,"href":"https:\/\/mil-agro-inc.com\/es\/wp-json\/wp\/v2\/product\/773\/revisions\/1564"}],"wp:featuredmedia":[{"embeddable":true,"href":"https:\/\/mil-agro-inc.com\/es\/wp-json\/wp\/v2\/media\/679"}],"wp:attachment":[{"href":"https:\/\/mil-agro-inc.com\/es\/wp-json\/wp\/v2\/media?parent=773"}],"wp:term":[{"taxonomy":"product_brand","embeddable":true,"href":"https:\/\/mil-agro-inc.com\/es\/wp-json\/wp\/v2\/product_brand?post=773"},{"taxonomy":"product_cat","embeddable":true,"href":"https:\/\/mil-agro-inc.com\/es\/wp-json\/wp\/v2\/product_cat?post=773"},{"taxonomy":"product_tag","embeddable":true,"href":"https:\/\/mil-agro-inc.com\/es\/wp-json\/wp\/v2\/product_tag?post=773"}],"curies":[{"name":"wp","href":"https:\/\/api.w.org\/{rel}","templated":true}]}}