{"id":772,"date":"2021-09-18T03:13:21","date_gmt":"2021-09-18T03:13:21","guid":{"rendered":"https:\/\/mil.gravitateframework.com\/product\/keylamax-magnesio\/"},"modified":"2026-04-01T20:23:56","modified_gmt":"2026-04-01T20:23:56","slug":"keylamax-magnesio","status":"publish","type":"product","link":"https:\/\/mil-agro-inc.com\/es\/product\/keylamax-magnesio\/","title":{"rendered":"Keylamax\u00ae Magnesio"},"content":{"rendered":"","protected":false},"excerpt":{"rendered":"<h2><span style=\"font-weight: 400;\">Clorofila esencial y catalizador de energ\u00eda<\/span><\/h2>\n<p><span style=\"font-weight: 400;\">Keylamax\u00ae Magnesio es un fertilizante foliar l\u00edquido de alto rendimiento derivado de un quelato de amino\u00e1cidos de magnesio. Al utilizar la tecnolog\u00eda de quelaci\u00f3n avanzada de Mil Agro, asegura que el magnesio, el \u00e1tomo central de la clorofila, se absorba r\u00e1pidamente y permanezca totalmente m\u00f3vil para impulsar el motor metab\u00f3lico de la planta. <\/span><\/p>\n<h3><span style=\"font-weight: 400;\">Beneficios clave para la fotos\u00edntesis y el crecimiento<\/span><\/h3>\n<ul>\n<li style=\"font-weight: 400;\" aria-level=\"1\"><b>Promotor del desarrollo del cultivo<\/b><span style=\"font-weight: 400;\">: Apoya el desarrollo en todas las etapas cr\u00edticas de crecimiento.<\/span><\/li>\n<li style=\"font-weight: 400;\" aria-level=\"1\"><b>Estimula la fotos\u00edntesis<\/b><span style=\"font-weight: 400;\">: Proporciona el componente central esencial para la s\u00edntesis de clorofila, restaurando el color verde intenso a las hojas.<\/span><\/li>\n<li style=\"font-weight: 400;\" aria-level=\"1\"><b>Transferencia y almacenamiento de energ\u00eda<\/b><span style=\"font-weight: 400;\">: Optimiza la s\u00edntesis de az\u00facar y carbohidratos.<\/span><\/li>\n<li style=\"font-weight: 400;\" aria-level=\"1\"><b>Impulsa la reproducci\u00f3n<\/b><span style=\"font-weight: 400;\">: Estimula los procesos reproductivos esenciales, incluido el llenado de granos y la tuberizaci\u00f3n.<\/span><\/li>\n<li style=\"font-weight: 400;\" aria-level=\"1\"><b>Resistencia al estr\u00e9s<\/b><span style=\"font-weight: 400;\">: Act\u00faa como un activador para el sistema vascular de la planta durante condiciones ambientales desafiantes.<\/span><\/li>\n<\/ul>\n<p><b>La ventaja de movilidad de Keylamax:<\/b><span style=\"font-weight: 400;\"> Si bien el magnesio posee cierta movilidad natural, a menudo es superado por el nitr\u00f3geno, lo que conduce a desequilibrios nutricionales. La tecnolog\u00eda de Mil Agro enlaza el magnesio con amino\u00e1cidos para neutralizar su carga, evitando que quede atrapado en la hoja. Este \u00abcamuflaje\u00bb permite que la planta reconozca el complejo como una mol\u00e9cula org\u00e1nica, posibilitando que el magnesio se desplace a trav\u00e9s del floema (el sistema circulatorio de la planta) a la misma elevada velocidad que el nitr\u00f3geno y los az\u00facares. Esto asegura que la nutrici\u00f3n vital llegue instant\u00e1neamente a los nuevos brotes y a los frutos.<br \/>  <\/span><\/p>\n","protected":false},"featured_media":676,"comment_status":"open","ping_status":"closed","template":"","meta":[],"product_brand":[],"product_cat":[104,88],"product_tag":[89],"class_list":{"0":"post-772","1":"product","2":"type-product","3":"status-publish","4":"has-post-thumbnail","6":"product_cat-comercial-es","7":"product_cat-conventional-es","8":"product_tag-keylamax-conventional-liquids-es","10":"first","11":"outofstock","12":"taxable","13":"shipping-taxable","14":"product-type-variable"},"aioseo_notices":[],"_links":{"self":[{"href":"https:\/\/mil-agro-inc.com\/es\/wp-json\/wp\/v2\/product\/772","targetHints":{"allow":["GET"]}}],"collection":[{"href":"https:\/\/mil-agro-inc.com\/es\/wp-json\/wp\/v2\/product"}],"about":[{"href":"https:\/\/mil-agro-inc.com\/es\/wp-json\/wp\/v2\/types\/product"}],"replies":[{"embeddable":true,"href":"https:\/\/mil-agro-inc.com\/es\/wp-json\/wp\/v2\/comments?post=772"}],"version-history":[{"count":2,"href":"https:\/\/mil-agro-inc.com\/es\/wp-json\/wp\/v2\/product\/772\/revisions"}],"predecessor-version":[{"id":2000,"href":"https:\/\/mil-agro-inc.com\/es\/wp-json\/wp\/v2\/product\/772\/revisions\/2000"}],"wp:featuredmedia":[{"embeddable":true,"href":"https:\/\/mil-agro-inc.com\/es\/wp-json\/wp\/v2\/media\/676"}],"wp:attachment":[{"href":"https:\/\/mil-agro-inc.com\/es\/wp-json\/wp\/v2\/media?parent=772"}],"wp:term":[{"taxonomy":"product_brand","embeddable":true,"href":"https:\/\/mil-agro-inc.com\/es\/wp-json\/wp\/v2\/product_brand?post=772"},{"taxonomy":"product_cat","embeddable":true,"href":"https:\/\/mil-agro-inc.com\/es\/wp-json\/wp\/v2\/product_cat?post=772"},{"taxonomy":"product_tag","embeddable":true,"href":"https:\/\/mil-agro-inc.com\/es\/wp-json\/wp\/v2\/product_tag?post=772"}],"curies":[{"name":"wp","href":"https:\/\/api.w.org\/{rel}","templated":true}]}}