{"id":1809,"date":"2026-03-02T17:27:27","date_gmt":"2026-03-02T17:27:27","guid":{"rendered":"https:\/\/mil.gravitateframework.com\/product\/organic-balance\/"},"modified":"2026-04-01T20:37:29","modified_gmt":"2026-04-01T20:37:29","slug":"organic-balance","status":"publish","type":"product","link":"https:\/\/mil-agro-inc.com\/es\/product\/organic-balance\/","title":{"rendered":"Organic Balance"},"content":{"rendered":"","protected":false},"excerpt":{"rendered":"<h2>MilAgro Organic Balance 8-8-4<\/h2>\n<p><b>Fertilizante foliar soluble en polvo<\/b><\/p>\n<p>Organic Balance 8-8-4 est\u00e1 dise\u00f1ado para promover el vigor de las plantas.<\/p>\n<h3>An\u00e1lisis garantizado<\/h3>\n<ul>\n<li>Nitr\u00f3geno total (N): 8.0%<br \/>\n<em>8.0% Nitr\u00f3geno soluble en agua<\/em><\/li>\n<li>Fosfato disponible (P2O5): 8.0%<\/li>\n<li>Potasa soluble (K2O) 4.0%<br \/>\n<em>Derivado de: fosfato de roca, extracto de algas y prote\u00ednas vegetales.<\/em><\/li>\n<\/ul>\n<h3>Instrucciones para aplicaci\u00f3n en c\u00e9sped:<\/h3>\n<p><b>Rociador de manguera:<\/b> Coloque 1 taza en un rociador de manguera de 32 oz., llene hasta la mitad con agua y mezcle hasta disolver. Luego complete con agua y mezcle de nuevo. Ajuste el rociador a 8 oz. por gal\u00f3n. Roc\u00ede la soluci\u00f3n directamente sobre el pasto. Esta cantidad cubre hasta 500 sq. ft. de terreno. Aplique el producto cada 7 d\u00edas.        <\/p>\n<h3>Instrucciones para aplicaci\u00f3n en jard\u00edn:<\/h3>\n<p><b>Cubetas de riego:<\/b> Coloque 0.5-1 taza de producto por gal\u00f3n de agua y mezcle hasta disolver; luego aplique al suelo alrededor de las zonas de ra\u00edces. Esta cantidad cubre hasta 100 sq ft, seg\u00fan los tipos de plantas que se traten. Aplique el producto cada 7 d\u00edas.  <\/p>\n<p><b>Aplicaci\u00f3n en seco:<\/b>* Espolvoree 1 taza de producto por cada 10 sq. ft. de jard\u00edn sobre el suelo, alrededor de las zonas de ra\u00edces, y luego riegue. Aplique el producto cada 28 d\u00edas.  <\/p>\n<ul>\n<li>Espere 12 horas para que los cultivos absorban los minerales antes de cosechar.<\/li>\n<li>Vea florecer su jard\u00edn. Disfrute los frutos de su esfuerzo. <\/li>\n<\/ul>\n<p><b>La humedad afectar\u00e1 este producto. Mantenga la bolsa bien sellada cuando no est\u00e9 en uso. <\/b><\/p>\n","protected":false},"featured_media":1842,"comment_status":"closed","ping_status":"closed","template":"","meta":[],"product_brand":[],"product_cat":[93],"product_tag":[],"class_list":{"0":"post-1809","1":"product","2":"type-product","3":"status-publish","4":"has-post-thumbnail","6":"product_cat-consumidor","8":"first","9":"instock","10":"taxable","11":"shipping-taxable","12":"purchasable","13":"product-type-variable"},"aioseo_notices":[],"_links":{"self":[{"href":"https:\/\/mil-agro-inc.com\/es\/wp-json\/wp\/v2\/product\/1809","targetHints":{"allow":["GET"]}}],"collection":[{"href":"https:\/\/mil-agro-inc.com\/es\/wp-json\/wp\/v2\/product"}],"about":[{"href":"https:\/\/mil-agro-inc.com\/es\/wp-json\/wp\/v2\/types\/product"}],"replies":[{"embeddable":true,"href":"https:\/\/mil-agro-inc.com\/es\/wp-json\/wp\/v2\/comments?post=1809"}],"version-history":[{"count":1,"href":"https:\/\/mil-agro-inc.com\/es\/wp-json\/wp\/v2\/product\/1809\/revisions"}],"predecessor-version":[{"id":2007,"href":"https:\/\/mil-agro-inc.com\/es\/wp-json\/wp\/v2\/product\/1809\/revisions\/2007"}],"wp:featuredmedia":[{"embeddable":true,"href":"https:\/\/mil-agro-inc.com\/es\/wp-json\/wp\/v2\/media\/1842"}],"wp:attachment":[{"href":"https:\/\/mil-agro-inc.com\/es\/wp-json\/wp\/v2\/media?parent=1809"}],"wp:term":[{"taxonomy":"product_brand","embeddable":true,"href":"https:\/\/mil-agro-inc.com\/es\/wp-json\/wp\/v2\/product_brand?post=1809"},{"taxonomy":"product_cat","embeddable":true,"href":"https:\/\/mil-agro-inc.com\/es\/wp-json\/wp\/v2\/product_cat?post=1809"},{"taxonomy":"product_tag","embeddable":true,"href":"https:\/\/mil-agro-inc.com\/es\/wp-json\/wp\/v2\/product_tag?post=1809"}],"curies":[{"name":"wp","href":"https:\/\/api.w.org\/{rel}","templated":true}]}}