{"id":844,"date":"2025-08-14T19:08:41","date_gmt":"2025-08-14T19:08:41","guid":{"rendered":"https:\/\/mil.gravitateframework.com\/preguntas-frecuentes\/"},"modified":"2025-08-14T19:18:20","modified_gmt":"2025-08-14T19:18:20","slug":"preguntas-frecuentes","status":"publish","type":"page","link":"https:\/\/mil-agro-inc.com\/es\/preguntas-frecuentes\/","title":{"rendered":"Preguntas frecuentes"},"content":{"rendered":"\t\t<div data-elementor-type=\"wp-page\" data-elementor-id=\"844\" class=\"elementor elementor-844 elementor-838\" data-elementor-post-type=\"page\">\n\t\t\t\t<div class=\"elementor-element elementor-element-d1de7f8 e-flex e-con-boxed e-con e-parent\" data-id=\"d1de7f8\" data-element_type=\"container\" data-e-type=\"container\">\n\t\t\t\t\t<div class=\"e-con-inner\">\n\t\t\t\t<div class=\"elementor-element elementor-element-ef3ecb3 elementor-widget elementor-widget-text-editor\" data-id=\"ef3ecb3\" data-element_type=\"widget\" data-e-type=\"widget\" data-widget_type=\"text-editor.default\">\n\t\t\t\t\t\t\t\t\t<p><span style=\"font-weight: 400;\">Hemos recopilado respuestas a algunas de las preguntas m\u00e1s comunes que recibimos de agricultores y productores como usted. Nuestro objetivo es proporcionar informaci\u00f3n clara y \u00fatil sobre nuestros productos org\u00e1nicos certificados, qu\u00e9 son los bioestimulantes vegetales y las soluciones nutricionales, y c\u00f3mo puede utilizarlos mejor en su granja. Hemos organizado las preguntas en categor\u00edas para que le sea f\u00e1cil encontrar exactamente lo que busca. Si no encuentra la respuesta a su pregunta aqu\u00ed, no dude en     <\/span><a href=\"https:\/\/mil-agro-inc.com\/contact\/\"><span style=\"font-weight: 400;\">contactarnos<\/span><\/a><span style=\"font-weight: 400;\"> directamente; nuestro equipo siempre est\u00e1 aqu\u00ed para ayudar.<\/span><\/p>\t\t\t\t\t\t\t\t<\/div>\n\t\t\t\t<div class=\"elementor-element elementor-element-5ac6393 elementor-widget elementor-widget-heading\" data-id=\"5ac6393\" data-element_type=\"widget\" data-e-type=\"widget\" data-widget_type=\"heading.default\">\n\t\t\t\t\t<h2 class=\"elementor-heading-title elementor-size-default\">Certificaci\u00f3n y cumplimiento org\u00e1nico\n<\/h2>\t\t\t\t<\/div>\n\t\t\t\t<div class=\"elementor-element elementor-element-3eec6ee elementor-widget elementor-widget-n-accordion\" data-id=\"3eec6ee\" data-element_type=\"widget\" data-e-type=\"widget\" data-settings=\"{&quot;default_state&quot;:&quot;expanded&quot;,&quot;max_items_expended&quot;:&quot;one&quot;,&quot;n_accordion_animation_duration&quot;:{&quot;unit&quot;:&quot;ms&quot;,&quot;size&quot;:400,&quot;sizes&quot;:[]}}\" data-widget_type=\"nested-accordion.default\">\n\t\t\t\t\t\t\t<div class=\"e-n-accordion\" aria-label=\"Accordion. Open links with Enter or Space, close with Escape, and navigate with Arrow Keys\">\n\t\t\t\t\t\t<details id=\"e-n-accordion-item-6590\" class=\"e-n-accordion-item\" open>\n\t\t\t\t<summary class=\"e-n-accordion-item-title\" data-accordion-index=\"1\" tabindex=\"0\" aria-expanded=\"true\" aria-controls=\"e-n-accordion-item-6590\" >\n\t\t\t\t\t<span class='e-n-accordion-item-title-header'><div class=\"e-n-accordion-item-title-text\"> \u00bfSus productos est\u00e1n certificados para la agricultura org\u00e1nica? \u00bfQu\u00e9 significa eso realmente?  <\/div><\/span>\n\t\t\t\t\t\t\t<span class='e-n-accordion-item-title-icon'>\n\t\t\t<span class='e-opened' ><svg aria-hidden=\"true\" class=\"e-font-icon-svg e-fas-minus\" viewBox=\"0 0 448 512\" xmlns=\"http:\/\/www.w3.org\/2000\/svg\"><path d=\"M416 208H32c-17.67 0-32 14.33-32 32v32c0 17.67 14.33 32 32 32h384c17.67 0 32-14.33 32-32v-32c0-17.67-14.33-32-32-32z\"><\/path><\/svg><\/span>\n\t\t\t<span class='e-closed'><svg aria-hidden=\"true\" class=\"e-font-icon-svg e-fas-plus\" viewBox=\"0 0 448 512\" xmlns=\"http:\/\/www.w3.org\/2000\/svg\"><path d=\"M416 208H272V64c0-17.67-14.33-32-32-32h-32c-17.67 0-32 14.33-32 32v144H32c-17.67 0-32 14.33-32 32v32c0 17.67 14.33 32 32 32h144v144c0 17.67 14.33 32 32 32h32c17.67 0 32-14.33 32-32V304h144c17.67 0 32-14.33 32-32v-32c0-17.67-14.33-32-32-32z\"><\/path><\/svg><\/span>\n\t\t<\/span>\n\n\t\t\t\t\t\t<\/summary>\n\t\t\t\t<div role=\"region\" aria-labelledby=\"e-n-accordion-item-6590\" class=\"elementor-element elementor-element-10a0764 e-con-full e-flex e-con e-child\" data-id=\"10a0764\" data-element_type=\"container\" data-e-type=\"container\">\n\t\t\t\t<div class=\"elementor-element elementor-element-3b4c425 elementor-widget elementor-widget-text-editor\" data-id=\"3b4c425\" data-element_type=\"widget\" data-e-type=\"widget\" data-widget_type=\"text-editor.default\">\n\t\t\t\t\t\t\t\t\t<p><span style=\"font-weight: 400;\">S\u00ed, muchos de nuestros productos est\u00e1n formulados espec\u00edficamente para cumplir con los estrictos est\u00e1ndares de la agricultura org\u00e1nica. Productos como nuestra l\u00ednea   <\/span><a href=\"https:\/\/mil-agro-inc.com\/?s=keylamax+organic&amp;post_type=product\"><b>KEYLAMAX Organic<\/b><\/a><span style=\"font-weight: 400;\"> est\u00e1n <\/span><b>listados por OMRI<\/b><span style=\"font-weight: 400;\">. OMRI, el Organic Materials Review Institute (Instituto de Revisi\u00f3n de Materiales Org\u00e1nicos), es un tercero respetado que revisa los productos para garantizar que cumplan con las regulaciones del Programa Org\u00e1nico Nacional del USDA. Una lista de OMRI brinda la tranquilidad de que un producto es adecuado para su uso en su granja org\u00e1nica certificada. <\/span><\/p>\t\t\t\t\t\t\t\t<\/div>\n\t\t\t\t<\/div>\n\t\t\t\t\t<\/details>\n\t\t\t\t\t\t<details id=\"e-n-accordion-item-6591\" class=\"e-n-accordion-item\" >\n\t\t\t\t<summary class=\"e-n-accordion-item-title\" data-accordion-index=\"2\" tabindex=\"-1\" aria-expanded=\"false\" aria-controls=\"e-n-accordion-item-6591\" >\n\t\t\t\t\t<span class='e-n-accordion-item-title-header'><div class=\"e-n-accordion-item-title-text\"> \u00bfC\u00f3mo puedo estar seguro de que estos productos funcionar\u00e1n con mi certificaci\u00f3n org\u00e1nica? <\/div><\/span>\n\t\t\t\t\t\t\t<span class='e-n-accordion-item-title-icon'>\n\t\t\t<span class='e-opened' ><svg aria-hidden=\"true\" class=\"e-font-icon-svg e-fas-minus\" viewBox=\"0 0 448 512\" xmlns=\"http:\/\/www.w3.org\/2000\/svg\"><path d=\"M416 208H32c-17.67 0-32 14.33-32 32v32c0 17.67 14.33 32 32 32h384c17.67 0 32-14.33 32-32v-32c0-17.67-14.33-32-32-32z\"><\/path><\/svg><\/span>\n\t\t\t<span class='e-closed'><svg aria-hidden=\"true\" class=\"e-font-icon-svg e-fas-plus\" viewBox=\"0 0 448 512\" xmlns=\"http:\/\/www.w3.org\/2000\/svg\"><path d=\"M416 208H272V64c0-17.67-14.33-32-32-32h-32c-17.67 0-32 14.33-32 32v144H32c-17.67 0-32 14.33-32 32v32c0 17.67 14.33 32 32 32h144v144c0 17.67 14.33 32 32 32h32c17.67 0 32-14.33 32-32V304h144c17.67 0 32-14.33 32-32v-32c0-17.67-14.33-32-32-32z\"><\/path><\/svg><\/span>\n\t\t<\/span>\n\n\t\t\t\t\t\t<\/summary>\n\t\t\t\t<div role=\"region\" aria-labelledby=\"e-n-accordion-item-6591\" class=\"elementor-element elementor-element-7b901ea e-con-full e-flex e-con e-child\" data-id=\"7b901ea\" data-element_type=\"container\" data-e-type=\"container\">\n\t\t\t\t<div class=\"elementor-element elementor-element-9d52c6c elementor-widget elementor-widget-text-editor\" data-id=\"9d52c6c\" data-element_type=\"widget\" data-e-type=\"widget\" data-widget_type=\"text-editor.default\">\n\t\t\t\t\t\t\t\t\t<p><span style=\"font-weight: 400;\">Nuestro equipo de agr\u00f3nomos experimentados tiene un conocimiento profundo de las pr\u00e1cticas y el cumplimiento de la agricultura org\u00e1nica. Pueden ayudarlo a crear un plan nutricional que utilice nuestros productos listados por OMRI y se alinee con su estrategia org\u00e1nica general. Somos un socio en su viaje de agricultura org\u00e1nica, proporcionando productos eficaces y la experiencia t\u00e9cnica para respaldar su certificaci\u00f3n.  <\/span><\/p>\t\t\t\t\t\t\t\t<\/div>\n\t\t\t\t<\/div>\n\t\t\t\t\t<\/details>\n\t\t\t\t\t<\/div>\n\t\t\t\t\t\t<\/div>\n\t\t\t\t<div class=\"elementor-element elementor-element-27b00c1 elementor-widget elementor-widget-heading\" data-id=\"27b00c1\" data-element_type=\"widget\" data-e-type=\"widget\" data-widget_type=\"heading.default\">\n\t\t\t\t\t<h2 class=\"elementor-heading-title elementor-size-default\">Bioestimulantes vegetales y nutrici\u00f3n explicados\n<\/h2>\t\t\t\t<\/div>\n\t\t\t\t<div class=\"elementor-element elementor-element-106437c elementor-widget elementor-widget-n-accordion\" data-id=\"106437c\" data-element_type=\"widget\" data-e-type=\"widget\" data-settings=\"{&quot;default_state&quot;:&quot;expanded&quot;,&quot;max_items_expended&quot;:&quot;one&quot;,&quot;n_accordion_animation_duration&quot;:{&quot;unit&quot;:&quot;ms&quot;,&quot;size&quot;:400,&quot;sizes&quot;:[]}}\" data-widget_type=\"nested-accordion.default\">\n\t\t\t\t\t\t\t<div class=\"e-n-accordion\" aria-label=\"Accordion. Open links with Enter or Space, close with Escape, and navigate with Arrow Keys\">\n\t\t\t\t\t\t<details id=\"e-n-accordion-item-1710\" class=\"e-n-accordion-item\" open>\n\t\t\t\t<summary class=\"e-n-accordion-item-title\" data-accordion-index=\"1\" tabindex=\"0\" aria-expanded=\"true\" aria-controls=\"e-n-accordion-item-1710\" >\n\t\t\t\t\t<span class='e-n-accordion-item-title-header'><div class=\"e-n-accordion-item-title-text\"> \u00bfCu\u00e1l es la diferencia entre un bioestimulante y un fertilizante regular? <\/div><\/span>\n\t\t\t\t\t\t\t<span class='e-n-accordion-item-title-icon'>\n\t\t\t<span class='e-opened' ><svg aria-hidden=\"true\" class=\"e-font-icon-svg e-fas-minus\" viewBox=\"0 0 448 512\" xmlns=\"http:\/\/www.w3.org\/2000\/svg\"><path d=\"M416 208H32c-17.67 0-32 14.33-32 32v32c0 17.67 14.33 32 32 32h384c17.67 0 32-14.33 32-32v-32c0-17.67-14.33-32-32-32z\"><\/path><\/svg><\/span>\n\t\t\t<span class='e-closed'><svg aria-hidden=\"true\" class=\"e-font-icon-svg e-fas-plus\" viewBox=\"0 0 448 512\" xmlns=\"http:\/\/www.w3.org\/2000\/svg\"><path d=\"M416 208H272V64c0-17.67-14.33-32-32-32h-32c-17.67 0-32 14.33-32 32v144H32c-17.67 0-32 14.33-32 32v32c0 17.67 14.33 32 32 32h144v144c0 17.67 14.33 32 32 32h32c17.67 0 32-14.33 32-32V304h144c17.67 0 32-14.33 32-32v-32c0-17.67-14.33-32-32-32z\"><\/path><\/svg><\/span>\n\t\t<\/span>\n\n\t\t\t\t\t\t<\/summary>\n\t\t\t\t<div role=\"region\" aria-labelledby=\"e-n-accordion-item-1710\" class=\"elementor-element elementor-element-9c14f2b e-con-full e-flex e-con e-child\" data-id=\"9c14f2b\" data-element_type=\"container\" data-e-type=\"container\">\n\t\t\t\t<div class=\"elementor-element elementor-element-adbae24 elementor-widget elementor-widget-text-editor\" data-id=\"adbae24\" data-element_type=\"widget\" data-e-type=\"widget\" data-widget_type=\"text-editor.default\">\n\t\t\t\t\t\t\t\t\t<p><span style=\"font-weight: 400;\">Los fertilizantes proporcionan directamente los nutrientes b\u00e1sicos que las plantas necesitan para crecer, como nitr\u00f3geno, f\u00f3sforo y potasio. Un   <\/span><a href=\"https:\/\/mil-agro-inc.com\/?s=biostimulant&amp;post_type=product\"><span style=\"font-weight: 400;\">biostimulante<\/span><\/a><span style=\"font-weight: 400;\">, por otro lado, no es una fuente de nutrientes en s\u00ed mismo. Es una sustancia que funciona con los sistemas naturales de la planta para hacerlos m\u00e1s eficientes. Nuestros bioestimulantes, por ejemplo, mejoran la capacidad de una planta \u201cpara absorber y utilizar los nutrientes que ya est\u00e1n en el suelo o que proporciona su fertilizante. Esto conduce a plantas m\u00e1s sanas y resistentes e incluso puede permitirle reducir sus insumos de fertilizantes con el tiempo.   <\/span><\/p>\t\t\t\t\t\t\t\t<\/div>\n\t\t\t\t<\/div>\n\t\t\t\t\t<\/details>\n\t\t\t\t\t\t<details id=\"e-n-accordion-item-1711\" class=\"e-n-accordion-item\" >\n\t\t\t\t<summary class=\"e-n-accordion-item-title\" data-accordion-index=\"2\" tabindex=\"-1\" aria-expanded=\"false\" aria-controls=\"e-n-accordion-item-1711\" >\n\t\t\t\t\t<span class='e-n-accordion-item-title-header'><div class=\"e-n-accordion-item-title-text\"> \u00bfC\u00f3mo mejoran sus productos la nutrici\u00f3n de las plantas? <\/div><\/span>\n\t\t\t\t\t\t\t<span class='e-n-accordion-item-title-icon'>\n\t\t\t<span class='e-opened' ><svg aria-hidden=\"true\" class=\"e-font-icon-svg e-fas-minus\" viewBox=\"0 0 448 512\" xmlns=\"http:\/\/www.w3.org\/2000\/svg\"><path d=\"M416 208H32c-17.67 0-32 14.33-32 32v32c0 17.67 14.33 32 32 32h384c17.67 0 32-14.33 32-32v-32c0-17.67-14.33-32-32-32z\"><\/path><\/svg><\/span>\n\t\t\t<span class='e-closed'><svg aria-hidden=\"true\" class=\"e-font-icon-svg e-fas-plus\" viewBox=\"0 0 448 512\" xmlns=\"http:\/\/www.w3.org\/2000\/svg\"><path d=\"M416 208H272V64c0-17.67-14.33-32-32-32h-32c-17.67 0-32 14.33-32 32v144H32c-17.67 0-32 14.33-32 32v32c0 17.67 14.33 32 32 32h144v144c0 17.67 14.33 32 32 32h32c17.67 0 32-14.33 32-32V304h144c17.67 0 32-14.33 32-32v-32c0-17.67-14.33-32-32-32z\"><\/path><\/svg><\/span>\n\t\t<\/span>\n\n\t\t\t\t\t\t<\/summary>\n\t\t\t\t<div role=\"region\" aria-labelledby=\"e-n-accordion-item-1711\" class=\"elementor-element elementor-element-d7bae9c e-con-full e-flex e-con e-child\" data-id=\"d7bae9c\" data-element_type=\"container\" data-e-type=\"container\">\n\t\t\t\t<div class=\"elementor-element elementor-element-84e545f elementor-widget elementor-widget-text-editor\" data-id=\"84e545f\" data-element_type=\"widget\" data-e-type=\"widget\" data-widget_type=\"text-editor.default\">\n\t\t\t\t\t\t\t\t\t<p><span style=\"font-weight: 400;\">Nuestros productos nutricionales est\u00e1n dise\u00f1ados para proporcionar micronutrientes esenciales en una forma altamente disponible. A menudo, los nutrientes en el suelo est\u00e1n \u201cbloqueados\u201d y las plantas no pueden acceder a ellos. Utilizamos formulaciones \u00fanicas, como nuestros complejos de amino\u00e1cidos de microelementos, que entregan nutrientes de una manera que las plantas pueden absorber y usar f\u00e1cilmente. Esto asegura que sus cultivos obtengan la nutrici\u00f3n que necesitan para un crecimiento robusto, mayores rendimientos y una mejor calidad, incluso en condiciones de suelo desafiantes.   <\/span><\/p>\t\t\t\t\t\t\t\t<\/div>\n\t\t\t\t<\/div>\n\t\t\t\t\t<\/details>\n\t\t\t\t\t<\/div>\n\t\t\t\t\t\t<\/div>\n\t\t\t\t<div class=\"elementor-element elementor-element-8b80830 elementor-widget elementor-widget-heading\" data-id=\"8b80830\" data-element_type=\"widget\" data-e-type=\"widget\" data-widget_type=\"heading.default\">\n\t\t\t\t\t<h2 class=\"elementor-heading-title elementor-size-default\">Uso y aplicaci\u00f3n del producto\n<\/h2>\t\t\t\t<\/div>\n\t\t\t\t<div class=\"elementor-element elementor-element-a364d33 elementor-widget elementor-widget-n-accordion\" data-id=\"a364d33\" data-element_type=\"widget\" data-e-type=\"widget\" data-settings=\"{&quot;default_state&quot;:&quot;expanded&quot;,&quot;max_items_expended&quot;:&quot;one&quot;,&quot;n_accordion_animation_duration&quot;:{&quot;unit&quot;:&quot;ms&quot;,&quot;size&quot;:400,&quot;sizes&quot;:[]}}\" data-widget_type=\"nested-accordion.default\">\n\t\t\t\t\t\t\t<div class=\"e-n-accordion\" aria-label=\"Accordion. Open links with Enter or Space, close with Escape, and navigate with Arrow Keys\">\n\t\t\t\t\t\t<details id=\"e-n-accordion-item-1710\" class=\"e-n-accordion-item\" open>\n\t\t\t\t<summary class=\"e-n-accordion-item-title\" data-accordion-index=\"1\" tabindex=\"0\" aria-expanded=\"true\" aria-controls=\"e-n-accordion-item-1710\" >\n\t\t\t\t\t<span class='e-n-accordion-item-title-header'><div class=\"e-n-accordion-item-title-text\"> \u00bfC\u00f3mo s\u00e9 qu\u00e9 producto es el adecuado para mis cultivos? <\/div><\/span>\n\t\t\t\t\t\t\t<span class='e-n-accordion-item-title-icon'>\n\t\t\t<span class='e-opened' ><svg aria-hidden=\"true\" class=\"e-font-icon-svg e-fas-minus\" viewBox=\"0 0 448 512\" xmlns=\"http:\/\/www.w3.org\/2000\/svg\"><path d=\"M416 208H32c-17.67 0-32 14.33-32 32v32c0 17.67 14.33 32 32 32h384c17.67 0 32-14.33 32-32v-32c0-17.67-14.33-32-32-32z\"><\/path><\/svg><\/span>\n\t\t\t<span class='e-closed'><svg aria-hidden=\"true\" class=\"e-font-icon-svg e-fas-plus\" viewBox=\"0 0 448 512\" xmlns=\"http:\/\/www.w3.org\/2000\/svg\"><path d=\"M416 208H272V64c0-17.67-14.33-32-32-32h-32c-17.67 0-32 14.33-32 32v144H32c-17.67 0-32 14.33-32 32v32c0 17.67 14.33 32 32 32h144v144c0 17.67 14.33 32 32 32h32c17.67 0 32-14.33 32-32V304h144c17.67 0 32-14.33 32-32v-32c0-17.67-14.33-32-32-32z\"><\/path><\/svg><\/span>\n\t\t<\/span>\n\n\t\t\t\t\t\t<\/summary>\n\t\t\t\t<div role=\"region\" aria-labelledby=\"e-n-accordion-item-1710\" class=\"elementor-element elementor-element-28c66c3 e-con-full e-flex e-con e-child\" data-id=\"28c66c3\" data-element_type=\"container\" data-e-type=\"container\">\n\t\t\t\t<div class=\"elementor-element elementor-element-bb6e246 elementor-widget elementor-widget-text-editor\" data-id=\"bb6e246\" data-element_type=\"widget\" data-e-type=\"widget\" data-widget_type=\"text-editor.default\">\n\t\t\t\t\t\t\t\t\t<p><span style=\"font-weight: 400;\">Con nuestra amplia gama de productos, sabemos que puede ser dif\u00edcil elegir. Es por eso que tenemos un equipo dedicado de agr\u00f3nomos. Tienen experiencia con cientos de cultivos diferentes y pueden ayudarlo a desarrollar un plan nutricional personalizado basado en sus necesidades espec\u00edficas, las condiciones del suelo y los objetivos del cultivo. Le recomendamos que se ponga en contacto con nosotros para hablar con un especialista que pueda brindarle orientaci\u00f3n personalizada.   <\/span><\/p>\t\t\t\t\t\t\t\t<\/div>\n\t\t\t\t<\/div>\n\t\t\t\t\t<\/details>\n\t\t\t\t\t\t<details id=\"e-n-accordion-item-1711\" class=\"e-n-accordion-item\" >\n\t\t\t\t<summary class=\"e-n-accordion-item-title\" data-accordion-index=\"2\" tabindex=\"-1\" aria-expanded=\"false\" aria-controls=\"e-n-accordion-item-1711\" >\n\t\t\t\t\t<span class='e-n-accordion-item-title-header'><div class=\"e-n-accordion-item-title-text\"> \u00bfC\u00f3mo aplico estos productos? \u00bfPuedo hacerlo yo mismo?  <\/div><\/span>\n\t\t\t\t\t\t\t<span class='e-n-accordion-item-title-icon'>\n\t\t\t<span class='e-opened' ><svg aria-hidden=\"true\" class=\"e-font-icon-svg e-fas-minus\" viewBox=\"0 0 448 512\" xmlns=\"http:\/\/www.w3.org\/2000\/svg\"><path d=\"M416 208H32c-17.67 0-32 14.33-32 32v32c0 17.67 14.33 32 32 32h384c17.67 0 32-14.33 32-32v-32c0-17.67-14.33-32-32-32z\"><\/path><\/svg><\/span>\n\t\t\t<span class='e-closed'><svg aria-hidden=\"true\" class=\"e-font-icon-svg e-fas-plus\" viewBox=\"0 0 448 512\" xmlns=\"http:\/\/www.w3.org\/2000\/svg\"><path d=\"M416 208H272V64c0-17.67-14.33-32-32-32h-32c-17.67 0-32 14.33-32 32v144H32c-17.67 0-32 14.33-32 32v32c0 17.67 14.33 32 32 32h144v144c0 17.67 14.33 32 32 32h32c17.67 0 32-14.33 32-32V304h144c17.67 0 32-14.33 32-32v-32c0-17.67-14.33-32-32-32z\"><\/path><\/svg><\/span>\n\t\t<\/span>\n\n\t\t\t\t\t\t<\/summary>\n\t\t\t\t<div role=\"region\" aria-labelledby=\"e-n-accordion-item-1711\" class=\"elementor-element elementor-element-8e1f403 e-con-full e-flex e-con e-child\" data-id=\"8e1f403\" data-element_type=\"container\" data-e-type=\"container\">\n\t\t\t\t<div class=\"elementor-element elementor-element-ff7bb99 elementor-widget elementor-widget-text-editor\" data-id=\"ff7bb99\" data-element_type=\"widget\" data-e-type=\"widget\" data-widget_type=\"text-editor.default\">\n\t\t\t\t\t\t\t\t\t<p><span style=\"font-weight: 400;\">\u00a1S\u00ed, absolutamente puede hacerlo usted mismo! Nuestros productos est\u00e1n dise\u00f1ados para una f\u00e1cil aplicaci\u00f3n y son compatibles con los equipos agr\u00edcolas comunes. Puede aplicarlos mediante pulverizaci\u00f3n foliar, riego por goteo o aplicaci\u00f3n tradicional al suelo. Cada producto viene con instrucciones claras y detalladas sobre las tasas y el momento de la aplicaci\u00f3n. Y si alguna vez tiene preguntas, nuestros agr\u00f3nomos est\u00e1n a solo una llamada de distancia, listos para guiarlo a trav\u00e9s del proceso.    <\/span><\/p>\t\t\t\t\t\t\t\t<\/div>\n\t\t\t\t<\/div>\n\t\t\t\t\t<\/details>\n\t\t\t\t\t<\/div>\n\t\t\t\t\t\t<\/div>\n\t\t\t\t\t<\/div>\n\t\t\t\t<\/div>\n\t\t\t\t<\/div>\n\t\t","protected":false},"excerpt":{"rendered":"<p>Hemos recopilado respuestas a algunas de las preguntas m\u00e1s comunes que recibimos de agricultores y productores como usted. Nuestro objetivo es proporcionar informaci\u00f3n clara y \u00fatil sobre nuestros productos org\u00e1nicos certificados, qu\u00e9 son los bioestimulantes vegetales y las soluciones nutricionales, y c\u00f3mo puede utilizarlos mejor en su granja. Hemos organizado las preguntas en categor\u00edas para [&hellip;]<\/p>\n","protected":false},"author":11,"featured_media":0,"parent":0,"menu_order":0,"comment_status":"closed","ping_status":"closed","template":"","meta":{"footnotes":""},"class_list":["post-844","page","type-page","status-publish","hentry"],"aioseo_notices":[],"_links":{"self":[{"href":"https:\/\/mil-agro-inc.com\/es\/wp-json\/wp\/v2\/pages\/844","targetHints":{"allow":["GET"]}}],"collection":[{"href":"https:\/\/mil-agro-inc.com\/es\/wp-json\/wp\/v2\/pages"}],"about":[{"href":"https:\/\/mil-agro-inc.com\/es\/wp-json\/wp\/v2\/types\/page"}],"author":[{"embeddable":true,"href":"https:\/\/mil-agro-inc.com\/es\/wp-json\/wp\/v2\/users\/11"}],"replies":[{"embeddable":true,"href":"https:\/\/mil-agro-inc.com\/es\/wp-json\/wp\/v2\/comments?post=844"}],"version-history":[{"count":0,"href":"https:\/\/mil-agro-inc.com\/es\/wp-json\/wp\/v2\/pages\/844\/revisions"}],"wp:attachment":[{"href":"https:\/\/mil-agro-inc.com\/es\/wp-json\/wp\/v2\/media?parent=844"}],"curies":[{"name":"wp","href":"https:\/\/api.w.org\/{rel}","templated":true}]}}