{"id":812,"date":"2025-08-13T22:57:20","date_gmt":"2025-08-13T22:57:20","guid":{"rendered":"https:\/\/mil.gravitateframework.com\/politica-de-privacidad\/"},"modified":"2025-08-14T16:35:06","modified_gmt":"2025-08-14T16:35:06","slug":"politica-de-privacidad","status":"publish","type":"page","link":"https:\/\/mil-agro-inc.com\/es\/politica-de-privacidad\/","title":{"rendered":"Pol\u00edtica de privacidad"},"content":{"rendered":"\t\t<div data-elementor-type=\"wp-page\" data-elementor-id=\"812\" class=\"elementor elementor-812 elementor-579\" data-elementor-post-type=\"page\">\n\t\t\t\t<div class=\"elementor-element elementor-element-5da7c5db e-flex e-con-boxed e-con e-parent\" data-id=\"5da7c5db\" data-element_type=\"container\" data-e-type=\"container\">\n\t\t\t\t\t<div class=\"e-con-inner\">\n\t\t\t\t<div class=\"elementor-element elementor-element-7d1ad2b6 elementor-widget elementor-widget-text-editor\" data-id=\"7d1ad2b6\" data-element_type=\"widget\" data-e-type=\"widget\" data-widget_type=\"text-editor.default\">\n\t\t\t\t\t\t\t\t\t\n<h2 class=\"wp-block-heading\">Qui\u00e9nes somos<\/h2>\n\n<p>Nuestra direcci\u00f3n web es: https:\/\/mil-agro-inc.com\/<\/p>\n\n<h2>Qu\u00e9 recopilamos y almacenamos<\/h2>\n<p>Recopilamos informaci\u00f3n sobre ti durante el proceso de pago en nuestra tienda.<\/p>\n<p>Mientras visitas nuestro sitio, rastrearemos:<\/p>\n<ul>\n<li>Productos que has visto: usaremos esto para, por ejemplo, mostrarte productos que has visto recientemente<\/li>\n<li>Ubicaci\u00f3n, direcci\u00f3n IP y tipo de navegador: usaremos esto para fines como estimar impuestos y el env\u00edo<\/li>\n<li>Direcci\u00f3n de env\u00edo: te pediremos que ingreses esto para que podamos, por ejemplo, estimar el env\u00edo antes de que realices un pedido, \u00a1y enviarte el pedido!<\/li>\n<\/ul>\n<p>Tambi\u00e9n usaremos cookies para realizar un seguimiento del contenido del carrito mientras navegas por nuestro sitio.<\/p>\n<h3>Qui\u00e9n de nuestro equipo tiene acceso<\/h3>\n<p>Los miembros de nuestro equipo tienen acceso a la informaci\u00f3n que nos proporcionas. Por ejemplo, tanto los administradores como los gestores de la tienda pueden acceder a: <\/p>\n<ul>\n<li>Informaci\u00f3n del pedido, como qu\u00e9 se compr\u00f3, cu\u00e1ndo se compr\u00f3 y d\u00f3nde se debe enviar, y<\/li>\n<li>Informaci\u00f3n del cliente, como tu nombre, direcci\u00f3n de correo electr\u00f3nico e informaci\u00f3n de facturaci\u00f3n y env\u00edo.<\/li>\n<\/ul>\n<p>Los miembros de nuestro equipo tienen acceso a esta informaci\u00f3n para ayudar a completar los pedidos, procesar los reembolsos y brindarte soporte.<\/p>\n<h2 class=\"wp-block-heading\">Comentarios<\/h2>\n\n<p>Cuando los visitantes dejan comentarios en el sitio, recopilamos los datos que se muestran en el formulario de comentarios, as\u00ed como la direcci\u00f3n IP del visitante y la cadena del agente de usuario del navegador para ayudar a la detecci\u00f3n de spam.<\/p>\n\n<p>Se puede proporcionar una cadena an\u00f3nima creada a partir de tu direcci\u00f3n de correo electr\u00f3nico (tambi\u00e9n llamada hash) al servicio Gravatar para ver si lo est\u00e1s utilizando. La pol\u00edtica de privacidad del servicio Gravatar est\u00e1 disponible aqu\u00ed: https:\/\/automattic.com\/privacy\/. Despu\u00e9s de la aprobaci\u00f3n de tu comentario, tu foto de perfil es visible al p\u00fablico en el contexto de tu comentario. <\/p>\n\n<h2 class=\"wp-block-heading\">Medios<\/h2>\n\n<p>Si subes im\u00e1genes al sitio web, debes evitar subir im\u00e1genes con datos de ubicaci\u00f3n incrustados (EXIF GPS) incluidos. Los visitantes del sitio web pueden descargar y extraer cualquier dato de ubicaci\u00f3n de las im\u00e1genes del sitio web. <\/p>\n\n<h2 class=\"wp-block-heading\">Cookies<\/h2>\n\n<p>Si dejas un comentario en nuestro sitio, puedes optar por guardar tu nombre, direcci\u00f3n de correo electr\u00f3nico y sitio web en cookies. Esto es para tu comodidad para que no tengas que volver a completar tus datos cuando dejes otro comentario. Estas cookies durar\u00e1n un a\u00f1o.  <\/p>\n\n<p>Si visitas nuestra p\u00e1gina de inicio de sesi\u00f3n, estableceremos una cookie temporal para determinar si tu navegador acepta cookies. Esta cookie no contiene datos personales y se descarta al cerrar el navegador. <\/p>\n\n<p>Cuando inicies sesi\u00f3n, tambi\u00e9n configuraremos varias cookies para guardar tu informaci\u00f3n de inicio de sesi\u00f3n y tus elecciones de visualizaci\u00f3n de pantalla. Las cookies de inicio de sesi\u00f3n duran dos d\u00edas y las cookies de opciones de pantalla duran un a\u00f1o. Si seleccionas \u201cRecu\u00e9rdame\u201d, tu inicio de sesi\u00f3n persistir\u00e1 durante dos semanas. Si cierras sesi\u00f3n en tu cuenta, se eliminar\u00e1n las cookies de inicio de sesi\u00f3n.   <\/p>\n\n<p>Si editas o publicas un art\u00edculo, se guardar\u00e1 una cookie adicional en tu navegador. Esta cookie no incluye datos personales y simplemente indica el ID de la publicaci\u00f3n del art\u00edculo que acabas de editar. Caduca despu\u00e9s de 1 d\u00eda.  <\/p>\n\n<h2 class=\"wp-block-heading\">Contenido incrustado de otros sitios web<\/h2>\n\n<p>Los art\u00edculos en este sitio pueden incluir contenido incrustado (por ejemplo, videos, im\u00e1genes, art\u00edculos, etc.). El contenido incrustado de otros sitios web se comporta exactamente de la misma manera que si el visitante hubiera visitado el otro sitio web. <\/p>\n\n<p>Estos sitios web pueden recopilar datos sobre ti, utilizar cookies, incrustar un seguimiento adicional de terceros y supervisar tu interacci\u00f3n con ese contenido incrustado, incluido el seguimiento de tu interacci\u00f3n con el contenido incrustado si tienes una cuenta y has iniciado sesi\u00f3n en ese sitio web.<\/p>\n\n<h2 class=\"wp-block-heading\">Con qui\u00e9n compartimos tus datos<\/h2>\n\n<p>Si solicitas un restablecimiento de contrase\u00f1a, tu direcci\u00f3n IP se incluir\u00e1 en el correo electr\u00f3nico de restablecimiento.<\/p>\n\n<h2 class=\"wp-block-heading\">Cu\u00e1nto tiempo conservamos tus datos<\/h2>\n\n<p>Si dejas un comentario, el comentario y sus metadatos se conservan indefinidamente. Esto es para que podamos reconocer y aprobar cualquier comentario de seguimiento autom\u00e1ticamente en lugar de mantenerlos en una cola de moderaci\u00f3n. <\/p>\n\n<p>Para los usuarios que se registran en nuestro sitio web (si los hay), tambi\u00e9n almacenamos la informaci\u00f3n personal que proporcionan en su perfil de usuario. Todos los usuarios pueden ver, editar o eliminar su informaci\u00f3n personal en cualquier momento (excepto que no pueden cambiar su nombre de usuario). Los administradores del sitio web tambi\u00e9n pueden ver y editar esa informaci\u00f3n.  <\/p>\n\n<h2 class=\"wp-block-heading\">Qu\u00e9 derechos tienes sobre tus datos<\/h2>\n\n<p>Si tienes una cuenta en este sitio o has dejado comentarios, puedes solicitar recibir un archivo exportado de los datos personales que tenemos sobre ti, incluidos los datos que nos has proporcionado. Tambi\u00e9n puedes solicitar que borremos cualquier dato personal que tengamos sobre ti. Esto no incluye ning\u00fan dato que estemos obligados a conservar con fines administrativos, legales o de seguridad.  <\/p>\n\n<h2 class=\"wp-block-heading\">D\u00f3nde se env\u00edan tus datos<\/h2>\n\n<p>Los comentarios de los visitantes pueden verificarse a trav\u00e9s de un servicio automatizado de detecci\u00f3n de spam.<\/p>\n\n<p> <\/p>\t\t\t\t\t\t\t\t<\/div>\n\t\t\t\t\t<\/div>\n\t\t\t\t<\/div>\n\t\t\t\t<\/div>\n\t\t","protected":false},"excerpt":{"rendered":"<p>Qui\u00e9nes somos Nuestra direcci\u00f3n web es: https:\/\/mil-agro-inc.com\/ Qu\u00e9 recopilamos y almacenamos Recopilamos informaci\u00f3n sobre ti durante el proceso de pago en nuestra tienda. Mientras visitas nuestro sitio, rastrearemos: Productos que has visto: usaremos esto para, por ejemplo, mostrarte productos que has visto recientemente Ubicaci\u00f3n, direcci\u00f3n IP y tipo de navegador: usaremos esto para fines como [&hellip;]<\/p>\n","protected":false},"author":11,"featured_media":0,"parent":0,"menu_order":0,"comment_status":"closed","ping_status":"closed","template":"","meta":{"footnotes":""},"class_list":["post-812","page","type-page","status-publish","hentry"],"aioseo_notices":[],"_links":{"self":[{"href":"https:\/\/mil-agro-inc.com\/es\/wp-json\/wp\/v2\/pages\/812","targetHints":{"allow":["GET"]}}],"collection":[{"href":"https:\/\/mil-agro-inc.com\/es\/wp-json\/wp\/v2\/pages"}],"about":[{"href":"https:\/\/mil-agro-inc.com\/es\/wp-json\/wp\/v2\/types\/page"}],"author":[{"embeddable":true,"href":"https:\/\/mil-agro-inc.com\/es\/wp-json\/wp\/v2\/users\/11"}],"replies":[{"embeddable":true,"href":"https:\/\/mil-agro-inc.com\/es\/wp-json\/wp\/v2\/comments?post=812"}],"version-history":[{"count":0,"href":"https:\/\/mil-agro-inc.com\/es\/wp-json\/wp\/v2\/pages\/812\/revisions"}],"wp:attachment":[{"href":"https:\/\/mil-agro-inc.com\/es\/wp-json\/wp\/v2\/media?parent=812"}],"curies":[{"name":"wp","href":"https:\/\/api.w.org\/{rel}","templated":true}]}}