{"id":810,"date":"2025-08-13T22:55:39","date_gmt":"2025-08-13T22:55:39","guid":{"rendered":"https:\/\/mil.gravitateframework.com\/politicas\/"},"modified":"2025-08-14T16:32:48","modified_gmt":"2025-08-14T16:32:48","slug":"politicas","status":"publish","type":"page","link":"https:\/\/mil-agro-inc.com\/es\/politicas\/","title":{"rendered":"Pol\u00edticas"},"content":{"rendered":"\t\t<div data-elementor-type=\"wp-page\" data-elementor-id=\"810\" class=\"elementor elementor-810 elementor-573\" data-elementor-post-type=\"page\">\n\t\t\t\t<div class=\"elementor-element elementor-element-a6e41a9 e-flex e-con-boxed e-con e-parent\" data-id=\"a6e41a9\" data-element_type=\"container\" data-e-type=\"container\">\n\t\t\t\t\t<div class=\"e-con-inner\">\n\t\t\t\t<div class=\"elementor-element elementor-element-2506d41 elementor-widget elementor-widget-text-editor\" data-id=\"2506d41\" data-element_type=\"widget\" data-e-type=\"widget\" data-widget_type=\"text-editor.default\">\n\t\t\t\t\t\t\t\t\t<h2>Pol\u00edtica de env\u00edo<\/h2><p>\u00a1Gracias por comprar en Mil Agro Inc! Nos comprometemos a entregar su pedido de forma r\u00e1pida y eficiente. <\/p><p>Ofrecemos una <b>tarifa de env\u00edo fija de $9.99<\/b> en todos los pedidos. Nos complace ofrecer <b>env\u00edo gratuito en todos los pedidos superiores a $30<\/b>. <\/p><p>Todos los pedidos se procesan y env\u00edan dentro de 1 a 3 d\u00edas h\u00e1biles. Una vez que su pedido haya sido enviado, recibir\u00e1 un correo electr\u00f3nico de confirmaci\u00f3n con la informaci\u00f3n de seguimiento. <\/p><hr><p> <\/p><h2>Pol\u00edtica de devoluciones<\/h2><p>Su satisfacci\u00f3n es nuestra principal prioridad. Si por alguna raz\u00f3n no est\u00e1 completamente satisfecho con su compra de Mil Agro Inc, puede devolverla dentro de <b>los 30 d\u00edas posteriores a la fecha de compra original<\/b>. <\/p><p>Tenga en cuenta que <b>los clientes son responsables de los costos de env\u00edo de la devoluci\u00f3n<\/b>. La tarifa de env\u00edo original no es reembolsable. <\/p><p>Para iniciar una devoluci\u00f3n, comun\u00edquese con nuestro equipo de atenci\u00f3n al cliente con su n\u00famero de pedido. Una vez que se reciba e inspeccione su devoluci\u00f3n, le notificaremos la aprobaci\u00f3n o el rechazo de su reembolso. Si se aprueba, su reembolso se procesar\u00e1 y se aplicar\u00e1 autom\u00e1ticamente un cr\u00e9dito a su m\u00e9todo de pago original dentro de un cierto n\u00famero de d\u00edas.  <\/p>\t\t\t\t\t\t\t\t<\/div>\n\t\t\t\t\t<\/div>\n\t\t\t\t<\/div>\n\t\t\t\t<\/div>\n\t\t","protected":false},"excerpt":{"rendered":"<p>Pol\u00edtica de env\u00edo \u00a1Gracias por comprar en Mil Agro Inc! Nos comprometemos a entregar su pedido de forma r\u00e1pida y eficiente. Ofrecemos una tarifa de env\u00edo fija de $9.99 en todos los pedidos. Nos complace ofrecer env\u00edo gratuito en todos los pedidos superiores a $30. Todos los pedidos se procesan y env\u00edan dentro de 1 [&hellip;]<\/p>\n","protected":false},"author":11,"featured_media":0,"parent":0,"menu_order":0,"comment_status":"closed","ping_status":"closed","template":"","meta":{"footnotes":""},"class_list":["post-810","page","type-page","status-publish","hentry"],"aioseo_notices":[],"_links":{"self":[{"href":"https:\/\/mil-agro-inc.com\/es\/wp-json\/wp\/v2\/pages\/810","targetHints":{"allow":["GET"]}}],"collection":[{"href":"https:\/\/mil-agro-inc.com\/es\/wp-json\/wp\/v2\/pages"}],"about":[{"href":"https:\/\/mil-agro-inc.com\/es\/wp-json\/wp\/v2\/types\/page"}],"author":[{"embeddable":true,"href":"https:\/\/mil-agro-inc.com\/es\/wp-json\/wp\/v2\/users\/11"}],"replies":[{"embeddable":true,"href":"https:\/\/mil-agro-inc.com\/es\/wp-json\/wp\/v2\/comments?post=810"}],"version-history":[{"count":0,"href":"https:\/\/mil-agro-inc.com\/es\/wp-json\/wp\/v2\/pages\/810\/revisions"}],"wp:attachment":[{"href":"https:\/\/mil-agro-inc.com\/es\/wp-json\/wp\/v2\/media?parent=810"}],"curies":[{"name":"wp","href":"https:\/\/api.w.org\/{rel}","templated":true}]}}